{"id":87,"date":"2015-08-11T22:02:02","date_gmt":"2015-08-12T03:02:02","guid":{"rendered":"http:\/\/christianscienceheals.com\/?page_id=87"},"modified":"2019-04-11T08:58:18","modified_gmt":"2019-04-11T13:58:18","slug":"reading-rooms","status":"publish","type":"page","link":"https:\/\/christianscienceheals.com\/es\/churches\/reading-rooms\/","title":{"rendered":"Salas de Lectura"},"content":{"rendered":"<p><figure id=\"attachment_266\" aria-describedby=\"caption-attachment-266\" style=\"width: 300px\" class=\"wp-caption alignright\"><img data-recalc-dims=\"1\" loading=\"lazy\" decoding=\"async\" data-attachment-id=\"266\" data-permalink=\"https:\/\/christianscienceheals.com\/es\/churches\/first-church-of-christ-scientist-bellaire-texas\/20150516-bellaire-11\/\" data-orig-file=\"https:\/\/i0.wp.com\/christianscienceheals.com\/files\/2015\/09\/20150516-Bellaire-11.jpg?fit=2048%2C1367&amp;ssl=1\" data-orig-size=\"2048,1367\" data-comments-opened=\"0\" data-image-meta=\"{&quot;aperture&quot;:&quot;5&quot;,&quot;credit&quot;:&quot;&quot;,&quot;camera&quot;:&quot;7t&quot;,&quot;caption&quot;:&quot;&quot;,&quot;created_timestamp&quot;:&quot;1431774147&quot;,&quot;copyright&quot;:&quot;CM PHOTOGRAPHY    Clint McWhirter&quot;,&quot;focal_length&quot;:&quot;50&quot;,&quot;iso&quot;:&quot;100&quot;,&quot;shutter_speed&quot;:&quot;0.002&quot;,&quot;title&quot;:&quot;&quot;,&quot;orientation&quot;:&quot;1&quot;}\" data-image-title=\"First Church of Christ, Scientist, Bellaire\" data-image-description=\"\" data-image-caption=\"&lt;p&gt;Christian Science Reading Room&lt;\/p&gt;\n\" data-large-file=\"https:\/\/i0.wp.com\/christianscienceheals.com\/files\/2015\/09\/20150516-Bellaire-11.jpg?fit=600%2C400&amp;ssl=1\" class=\"size-medium wp-image-266\" src=\"https:\/\/i0.wp.com\/christianscienceheals.com\/files\/2015\/09\/20150516-Bellaire-11.jpg?resize=300%2C200&#038;ssl=1\" alt=\"First Church of Christ, Scientist, Bellaire\" width=\"300\" height=\"200\" srcset=\"https:\/\/i0.wp.com\/christianscienceheals.com\/files\/2015\/09\/20150516-Bellaire-11.jpg?resize=300%2C200&amp;ssl=1 300w, https:\/\/i0.wp.com\/christianscienceheals.com\/files\/2015\/09\/20150516-Bellaire-11.jpg?resize=768%2C513&amp;ssl=1 768w, https:\/\/i0.wp.com\/christianscienceheals.com\/files\/2015\/09\/20150516-Bellaire-11.jpg?resize=600%2C400&amp;ssl=1 600w, https:\/\/i0.wp.com\/christianscienceheals.com\/files\/2015\/09\/20150516-Bellaire-11.jpg?w=2048&amp;ssl=1 2048w, https:\/\/i0.wp.com\/christianscienceheals.com\/files\/2015\/09\/20150516-Bellaire-11.jpg?w=1700&amp;ssl=1 1700w\" sizes=\"auto, (max-width: 300px) 100vw, 300px\" \/><figcaption id=\"caption-attachment-266\" class=\"wp-caption-text\">Sala de Lectura de la Ciencia Cristiana<\/figcaption><\/figure><\/p>\n<p><strong>\u00bfQu\u00e9 es una Sala de Lectura de la Ciencia Cristiana?<\/strong><\/p>\n<p>Las salas de lectura de la Ciencia Cristiana son librer\u00edas abiertas para cualquier persona que quiera explorar la espiritualidad, la oraci\u00f3n y la curaci\u00f3n. Estos espacios permiten la discusi\u00f3n en profundidad de temas espirituales y ofrecen recursos para el crecimiento personal, la salud y el descubrimiento espiritual.<\/p>\n<p>Haga clic <a href=\"https:\/\/www.youtube.com\/watch?v=1YGB-T8UxQE&amp;feature=youtu.be\">AQU\u00cd<\/a> para ver un corto video de 1-1 \/ 2 minutos\u00a0\u00a0(<em>En ingl\u00e9s solamente<\/em>)<\/p>\n<p>&nbsp;<\/p>\n<p><strong>\u00bfQu\u00e9 hay disponible en una Sala de Lectura?<\/strong><\/p>\n<p>En una Sala de Lectura encontrar\u00e1 Biblias, recursos para estudios b\u00edblicos\u00a0y todos los escritos de Mary Baker Eddy, incluyendo su libro primordial\u00a0sobre la curaci\u00f3n cristiana: \u00a0<a href=\"http:\/\/christianscience.com\/read-online\/science-and-health\"><i><span style=\"font-weight: 400\">Ciencia y Salud con la Llave de las Escrituras<\/span><\/i><\/a><span style=\"font-weight: 400\">.\u00a0<\/span>Tambi\u00e9n hay CDs musicales, libros infantiles y revistas que contienen art\u00edculos inspiradores\u00a0y testimonios de personas que han sido sanadas a trav\u00e9s de la oraci\u00f3n. Tambi\u00e9n se encuentra disponible <a href=\"http:\/\/www.csmonitor.com\/\"><i><span style=\"font-weight: 400\">The Christian Science Monitor<\/span><\/i><\/a><span style=\"font-weight: 400\">, un emisor de noticias internacionales ganador del premio Pulitzer.<\/span><\/p>\n<p>&nbsp;<\/p>\n<p><b>\u00bfD\u00f3nde puedo encontrar una Sala de Lectura cercana?\u00a0<\/b><\/p>\n<p>Todas las iglesias de la Ciencia Cristiana tienen salas de lectura. Algunas se encuentran en los mismos establecimientos de\u00a0sus iglesias correspondientes. Otras salas de lectura se ubican en diversos lugares de la ciudad. Cada sala de lectura establece su propio horario de atenci\u00f3n, pero en todas ellas usted encontrar\u00e1 los mismos productos y servicios. <b><a href=\"https:\/\/christianscienceheals.com\/churches\/\">Haga clic aqu\u00ed para encontrar su Sala de Lectura m\u00e1s cercana.<\/a><\/b><\/p>\n<p><b>Historia de las Salas de Lectura<\/b><\/p>\n<p>&nbsp;<\/p>\n<p><span style=\"font-weight: 400\">La primera Sala de Lectura de la Ciencia Cristiana fue establecida en Boston, Massachusetts en 1888 para poner a disposici\u00f3n del p\u00fablico el libro escrito por Mary Baker Eddy:\u00a0<\/span><a href=\"http:\/\/christianscience.com\/read-online\/science-and-health\"><i><span style=\"font-weight: 400\">Ciencia y Salud con la Llave de las Escrituras<\/span><\/i><\/a><span style=\"font-weight: 400\">.\u00a0<\/span>Hoy en d\u00eda hay Salas de Lectura en todo el mundo. La primera Sala de Lectura en Houston abri\u00f3 sus puertas en 1900 y estuvo ubicada en la esquina de las calles Travis y McKinney.<\/p>\n<p><span style=\"font-weight: 400\">.<\/span><\/p>\n<p>&nbsp;<\/p>","protected":false},"excerpt":{"rendered":"<p>\u00bfQu\u00e9 es una Sala de Lectura de la Ciencia Cristiana? Las salas de lectura de la Ciencia Cristiana son librer\u00edas abiertas para cualquier persona que quiera explorar la espiritualidad, la oraci\u00f3n y la curaci\u00f3n. Estos espacios permiten la discusi\u00f3n en profundidad de temas espirituales y ofrecen recursos para el crecimiento personal, la salud y el [&hellip;]<\/p>\n","protected":false},"author":1,"featured_media":0,"parent":27,"menu_order":8,"comment_status":"closed","ping_status":"open","template":"page-no-sidebar.php","meta":{"_monsterinsights_skip_tracking":false,"_monsterinsights_sitenote_active":false,"_monsterinsights_sitenote_note":"","_monsterinsights_sitenote_category":0,"jetpack_post_was_ever_published":false,"_vp_format_video_url":"","_vp_image_focal_point":[],"footnotes":""},"class_list":["post-87","page","type-page","status-publish","hentry"],"yoast_head":"<!-- This site is optimized with the Yoast SEO plugin v27.4 - https:\/\/yoast.com\/product\/yoast-seo-wordpress\/ -->\n<title>Salas de Lectura - Christian Science Houston Area<\/title>\n<meta name=\"robots\" content=\"index, follow, max-snippet:-1, max-image-preview:large, max-video-preview:-1\" \/>\n<link rel=\"canonical\" href=\"https:\/\/christianscienceheals.com\/es\/churches\/reading-rooms\/\" \/>\n<meta property=\"og:locale\" content=\"es_ES\" \/>\n<meta property=\"og:type\" content=\"article\" \/>\n<meta property=\"og:title\" content=\"Salas de Lectura - Christian Science Houston Area\" \/>\n<meta property=\"og:description\" content=\"\u00bfQu\u00e9 es una Sala de Lectura de la Ciencia Cristiana? Las salas de lectura de la Ciencia Cristiana son librer\u00edas abiertas para cualquier persona que quiera explorar la espiritualidad, la oraci\u00f3n y la curaci\u00f3n. Estos espacios permiten la discusi\u00f3n en profundidad de temas espirituales y ofrecen recursos para el crecimiento personal, la salud y el [&hellip;]\" \/>\n<meta property=\"og:url\" content=\"https:\/\/christianscienceheals.com\/es\/churches\/reading-rooms\/\" \/>\n<meta property=\"og:site_name\" content=\"Christian Science Houston Area\" \/>\n<meta property=\"article:publisher\" content=\"https:\/\/www.facebook.com\/christianscienceheals\/\" \/>\n<meta property=\"article:modified_time\" content=\"2019-04-11T13:58:18+00:00\" \/>\n<meta property=\"og:image\" content=\"https:\/\/christianscienceheals.com\/files\/2018\/09\/What-is-a-Christian-Science-Reading-Room-Video-600x306.jpg\" \/>\n<meta name=\"twitter:card\" content=\"summary_large_image\" \/>\n<meta name=\"twitter:site\" content=\"@cs_heals\" \/>\n<meta name=\"twitter:label1\" content=\"Tiempo de lectura\" \/>\n\t<meta name=\"twitter:data1\" content=\"3 minutos\" \/>\n<script type=\"application\/ld+json\" class=\"yoast-schema-graph\">{\"@context\":\"https:\\\/\\\/schema.org\",\"@graph\":[{\"@type\":\"WebPage\",\"@id\":\"https:\\\/\\\/christianscienceheals.com\\\/es\\\/churches\\\/reading-rooms\\\/\",\"url\":\"https:\\\/\\\/christianscienceheals.com\\\/es\\\/churches\\\/reading-rooms\\\/\",\"name\":\"Salas de Lectura - Christian Science Houston Area\",\"isPartOf\":{\"@id\":\"https:\\\/\\\/christianscienceheals.com\\\/es\\\/#website\"},\"primaryImageOfPage\":{\"@id\":\"https:\\\/\\\/christianscienceheals.com\\\/es\\\/churches\\\/reading-rooms\\\/#primaryimage\"},\"image\":{\"@id\":\"https:\\\/\\\/christianscienceheals.com\\\/es\\\/churches\\\/reading-rooms\\\/#primaryimage\"},\"thumbnailUrl\":\"https:\\\/\\\/christianscienceheals.com\\\/files\\\/2018\\\/09\\\/What-is-a-Christian-Science-Reading-Room-Video-600x306.jpg\",\"datePublished\":\"2015-08-12T03:02:02+00:00\",\"dateModified\":\"2019-04-11T13:58:18+00:00\",\"breadcrumb\":{\"@id\":\"https:\\\/\\\/christianscienceheals.com\\\/es\\\/churches\\\/reading-rooms\\\/#breadcrumb\"},\"inLanguage\":\"es\",\"potentialAction\":[{\"@type\":\"ReadAction\",\"target\":[[\"https:\\\/\\\/christianscienceheals.com\\\/es\\\/churches\\\/reading-rooms\\\/\"]]}]},{\"@type\":\"ImageObject\",\"inLanguage\":\"es\",\"@id\":\"https:\\\/\\\/christianscienceheals.com\\\/es\\\/churches\\\/reading-rooms\\\/#primaryimage\",\"url\":\"https:\\\/\\\/christianscienceheals.com\\\/files\\\/2018\\\/09\\\/What-is-a-Christian-Science-Reading-Room-Video-600x306.jpg\",\"contentUrl\":\"https:\\\/\\\/christianscienceheals.com\\\/files\\\/2018\\\/09\\\/What-is-a-Christian-Science-Reading-Room-Video-600x306.jpg\"},{\"@type\":\"BreadcrumbList\",\"@id\":\"https:\\\/\\\/christianscienceheals.com\\\/es\\\/churches\\\/reading-rooms\\\/#breadcrumb\",\"itemListElement\":[{\"@type\":\"ListItem\",\"position\":1,\"name\":\"Home\",\"item\":\"https:\\\/\\\/christianscienceheals.com\\\/es\\\/\"},{\"@type\":\"ListItem\",\"position\":2,\"name\":\"Area Churches\",\"item\":\"https:\\\/\\\/christianscienceheals.com\\\/es\\\/churches\\\/\"},{\"@type\":\"ListItem\",\"position\":3,\"name\":\"Salas de Lectura\"}]},{\"@type\":\"WebSite\",\"@id\":\"https:\\\/\\\/christianscienceheals.com\\\/es\\\/#website\",\"url\":\"https:\\\/\\\/christianscienceheals.com\\\/es\\\/\",\"name\":\"Christian Science Houston Area\",\"description\":\"Christian Science Churches and Resources in the Houston Texas Area\",\"publisher\":{\"@id\":\"https:\\\/\\\/christianscienceheals.com\\\/es\\\/#organization\"},\"potentialAction\":[{\"@type\":\"SearchAction\",\"target\":{\"@type\":\"EntryPoint\",\"urlTemplate\":\"https:\\\/\\\/christianscienceheals.com\\\/es\\\/?s={search_term_string}\"},\"query-input\":{\"@type\":\"PropertyValueSpecification\",\"valueRequired\":true,\"valueName\":\"search_term_string\"}}],\"inLanguage\":\"es\"},{\"@type\":\"Organization\",\"@id\":\"https:\\\/\\\/christianscienceheals.com\\\/es\\\/#organization\",\"name\":\"Christian Science Houston Area\",\"url\":\"https:\\\/\\\/christianscienceheals.com\\\/es\\\/\",\"logo\":{\"@type\":\"ImageObject\",\"inLanguage\":\"es\",\"@id\":\"https:\\\/\\\/christianscienceheals.com\\\/es\\\/#\\\/schema\\\/logo\\\/image\\\/\",\"url\":\"https:\\\/\\\/i0.wp.com\\\/christianscienceheals.com\\\/files\\\/2018\\\/02\\\/HOUCOM_logo_with_starburst.png?fit=1024%2C1024&ssl=1\",\"contentUrl\":\"https:\\\/\\\/i0.wp.com\\\/christianscienceheals.com\\\/files\\\/2018\\\/02\\\/HOUCOM_logo_with_starburst.png?fit=1024%2C1024&ssl=1\",\"width\":1024,\"height\":1024,\"caption\":\"Christian Science Houston Area\"},\"image\":{\"@id\":\"https:\\\/\\\/christianscienceheals.com\\\/es\\\/#\\\/schema\\\/logo\\\/image\\\/\"},\"sameAs\":[\"https:\\\/\\\/www.facebook.com\\\/christianscienceheals\\\/\",\"https:\\\/\\\/x.com\\\/cs_heals\",\"https:\\\/\\\/www.instagram.com\\\/christianscienceheals\\\/\"]}]}<\/script>\n<!-- \/ Yoast SEO plugin. -->","yoast_head_json":{"title":"Salas de Lectura - Christian Science Houston Area","robots":{"index":"index","follow":"follow","max-snippet":"max-snippet:-1","max-image-preview":"max-image-preview:large","max-video-preview":"max-video-preview:-1"},"canonical":"https:\/\/christianscienceheals.com\/es\/churches\/reading-rooms\/","og_locale":"es_ES","og_type":"article","og_title":"Salas de Lectura - Christian Science Houston Area","og_description":"\u00bfQu\u00e9 es una Sala de Lectura de la Ciencia Cristiana? Las salas de lectura de la Ciencia Cristiana son librer\u00edas abiertas para cualquier persona que quiera explorar la espiritualidad, la oraci\u00f3n y la curaci\u00f3n. Estos espacios permiten la discusi\u00f3n en profundidad de temas espirituales y ofrecen recursos para el crecimiento personal, la salud y el [&hellip;]","og_url":"https:\/\/christianscienceheals.com\/es\/churches\/reading-rooms\/","og_site_name":"Christian Science Houston Area","article_publisher":"https:\/\/www.facebook.com\/christianscienceheals\/","article_modified_time":"2019-04-11T13:58:18+00:00","og_image":[{"url":"https:\/\/christianscienceheals.com\/files\/2018\/09\/What-is-a-Christian-Science-Reading-Room-Video-600x306.jpg","type":"","width":"","height":""}],"twitter_card":"summary_large_image","twitter_site":"@cs_heals","twitter_misc":{"Tiempo de lectura":"3 minutos"},"schema":{"@context":"https:\/\/schema.org","@graph":[{"@type":"WebPage","@id":"https:\/\/christianscienceheals.com\/es\/churches\/reading-rooms\/","url":"https:\/\/christianscienceheals.com\/es\/churches\/reading-rooms\/","name":"Salas de Lectura - Christian Science Houston Area","isPartOf":{"@id":"https:\/\/christianscienceheals.com\/es\/#website"},"primaryImageOfPage":{"@id":"https:\/\/christianscienceheals.com\/es\/churches\/reading-rooms\/#primaryimage"},"image":{"@id":"https:\/\/christianscienceheals.com\/es\/churches\/reading-rooms\/#primaryimage"},"thumbnailUrl":"https:\/\/christianscienceheals.com\/files\/2018\/09\/What-is-a-Christian-Science-Reading-Room-Video-600x306.jpg","datePublished":"2015-08-12T03:02:02+00:00","dateModified":"2019-04-11T13:58:18+00:00","breadcrumb":{"@id":"https:\/\/christianscienceheals.com\/es\/churches\/reading-rooms\/#breadcrumb"},"inLanguage":"es","potentialAction":[{"@type":"ReadAction","target":[["https:\/\/christianscienceheals.com\/es\/churches\/reading-rooms\/"]]}]},{"@type":"ImageObject","inLanguage":"es","@id":"https:\/\/christianscienceheals.com\/es\/churches\/reading-rooms\/#primaryimage","url":"https:\/\/christianscienceheals.com\/files\/2018\/09\/What-is-a-Christian-Science-Reading-Room-Video-600x306.jpg","contentUrl":"https:\/\/christianscienceheals.com\/files\/2018\/09\/What-is-a-Christian-Science-Reading-Room-Video-600x306.jpg"},{"@type":"BreadcrumbList","@id":"https:\/\/christianscienceheals.com\/es\/churches\/reading-rooms\/#breadcrumb","itemListElement":[{"@type":"ListItem","position":1,"name":"Home","item":"https:\/\/christianscienceheals.com\/es\/"},{"@type":"ListItem","position":2,"name":"Area Churches","item":"https:\/\/christianscienceheals.com\/es\/churches\/"},{"@type":"ListItem","position":3,"name":"Salas de Lectura"}]},{"@type":"WebSite","@id":"https:\/\/christianscienceheals.com\/es\/#website","url":"https:\/\/christianscienceheals.com\/es\/","name":"Christian Science Houston Area","description":"Christian Science Churches and Resources in the Houston Texas Area","publisher":{"@id":"https:\/\/christianscienceheals.com\/es\/#organization"},"potentialAction":[{"@type":"SearchAction","target":{"@type":"EntryPoint","urlTemplate":"https:\/\/christianscienceheals.com\/es\/?s={search_term_string}"},"query-input":{"@type":"PropertyValueSpecification","valueRequired":true,"valueName":"search_term_string"}}],"inLanguage":"es"},{"@type":"Organization","@id":"https:\/\/christianscienceheals.com\/es\/#organization","name":"Christian Science Houston Area","url":"https:\/\/christianscienceheals.com\/es\/","logo":{"@type":"ImageObject","inLanguage":"es","@id":"https:\/\/christianscienceheals.com\/es\/#\/schema\/logo\/image\/","url":"https:\/\/i0.wp.com\/christianscienceheals.com\/files\/2018\/02\/HOUCOM_logo_with_starburst.png?fit=1024%2C1024&ssl=1","contentUrl":"https:\/\/i0.wp.com\/christianscienceheals.com\/files\/2018\/02\/HOUCOM_logo_with_starburst.png?fit=1024%2C1024&ssl=1","width":1024,"height":1024,"caption":"Christian Science Houston Area"},"image":{"@id":"https:\/\/christianscienceheals.com\/es\/#\/schema\/logo\/image\/"},"sameAs":["https:\/\/www.facebook.com\/christianscienceheals\/","https:\/\/x.com\/cs_heals","https:\/\/www.instagram.com\/christianscienceheals\/"]}]}},"jetpack_sharing_enabled":true,"jetpack_shortlink":"https:\/\/wp.me\/P6OyHU-1p","_links":{"self":[{"href":"https:\/\/christianscienceheals.com\/es\/wp-json\/wp\/v2\/pages\/87","targetHints":{"allow":["GET"]}}],"collection":[{"href":"https:\/\/christianscienceheals.com\/es\/wp-json\/wp\/v2\/pages"}],"about":[{"href":"https:\/\/christianscienceheals.com\/es\/wp-json\/wp\/v2\/types\/page"}],"author":[{"embeddable":true,"href":"https:\/\/christianscienceheals.com\/es\/wp-json\/wp\/v2\/users\/1"}],"replies":[{"embeddable":true,"href":"https:\/\/christianscienceheals.com\/es\/wp-json\/wp\/v2\/comments?post=87"}],"version-history":[{"count":13,"href":"https:\/\/christianscienceheals.com\/es\/wp-json\/wp\/v2\/pages\/87\/revisions"}],"predecessor-version":[{"id":4138,"href":"https:\/\/christianscienceheals.com\/es\/wp-json\/wp\/v2\/pages\/87\/revisions\/4138"}],"up":[{"embeddable":true,"href":"https:\/\/christianscienceheals.com\/es\/wp-json\/wp\/v2\/pages\/27"}],"wp:attachment":[{"href":"https:\/\/christianscienceheals.com\/es\/wp-json\/wp\/v2\/media?parent=87"}],"curies":[{"name":"wp","href":"https:\/\/api.w.org\/{rel}","templated":true}]}}