{"id":85,"date":"2017-04-09T17:08:06","date_gmt":"2017-04-09T22:08:06","guid":{"rendered":"http:\/\/christianscienceheals.com\/?page_id=85"},"modified":"2017-04-10T09:38:28","modified_gmt":"2017-04-10T14:38:28","slug":"sunday-schools","status":"publish","type":"page","link":"https:\/\/christianscienceheals.com\/es\/youth\/sunday-schools\/","title":{"rendered":"Escuelas Dominicales"},"content":{"rendered":"<p><b>\u00bfQu\u00e9 se ense\u00f1a en una escuela dominical de la Ciencia Cristiana?<\/b><\/p>\n<p>La lecci\u00f3n m\u00e1s importante que se ense\u00f1a en cualquier escuela dominical de la Ciencia Cristiana es el gran amor que Dios tiene por sus hijos y c\u00f3mo este amor trae sanaci\u00f3n. A los estudiantes de hasta 20 a\u00f1os se les ense\u00f1an los Diez Mandamientos, el Serm\u00f3n del Monte y el Padrenuestro con su interpretaci\u00f3n espiritual encontrada en Ciencia y Salud con la Lave de las Escrituras por Mary Baker Eddy. Hay \u00e9nfasis en la idea de que todo el mundo puede practicar las ideas de sanaci\u00f3n discutidas en la clase. Fundamentalmente, una escuela dominical de la Ciencia Cristiana ense\u00f1a a los ni\u00f1os c\u00f3mo sentir el amor de Dios y usar la oraci\u00f3n para sanaci\u00f3n en sus propias vidas.<\/p>\n<p><span style=\"font-weight: 400\">hyperlink to S&amp;H<\/span><\/p>\n<p>&nbsp;<\/p>\n<p><b>\u00bfC\u00f3mo son las clases?\u00a0<\/b><\/p>\n<p>Las clases se adaptan a cada estudiante, maestro y grupo. Algunas clases incluyen mayor \u00e9nfasis en el estudio; otras est\u00e1n m\u00e1s orientadas a la discusi\u00f3n. Algunas clases pueden abordar desaf\u00edos espec\u00edficos a los que se enfrentan los estudiantes; otras pueden incluir videos, m\u00fasica, cuentos o juegos. Depende de los maestros y los estudiantes de cada clase el c\u00f3mo se ocupar\u00e1\u00a0el tiempo.<\/p>\n<p>&nbsp;<\/p>\n<p><b>\u00bfPueden los estudiantes preguntar lo que quieran\u00a0en clase?<\/b><\/p>\n<p>\u00a1Por supuesto, sobre cualquier cosa! Una de las partes m\u00e1s importantes de la escuela dominical es encontrar respuestas en conjunto. Es por eso que tanto los estudiantes como los profesores hacen preguntas instigadoras\u00a0para que toda la clase pueda buscar explicaciones espirituales que sean pr\u00e1cticas y comprensibles.<\/p>\n<p>&nbsp;<\/p>\n<p><b>\u00bfD\u00f3nde puedo encontrar una escuela dominical de la Ciencia Cristiana cerca?<\/b><\/p>\n<p><span style=\"font-weight: 400\">hyperlink to church directory<\/span><\/p>","protected":false},"excerpt":{"rendered":"<p>\u00bfQu\u00e9 se ense\u00f1a en una escuela dominical de la Ciencia Cristiana? La lecci\u00f3n m\u00e1s importante que se ense\u00f1a en cualquier escuela dominical de la Ciencia Cristiana es el gran amor que Dios tiene por sus hijos y c\u00f3mo este amor trae sanaci\u00f3n. A los estudiantes de hasta 20 a\u00f1os se les ense\u00f1an los Diez Mandamientos, [&hellip;]<\/p>\n","protected":false},"author":1,"featured_media":0,"parent":32,"menu_order":1,"comment_status":"closed","ping_status":"open","template":"","meta":{"_monsterinsights_skip_tracking":false,"_monsterinsights_sitenote_active":false,"_monsterinsights_sitenote_note":"","_monsterinsights_sitenote_category":0,"jetpack_post_was_ever_published":false,"_vp_format_video_url":"","_vp_image_focal_point":[],"footnotes":""},"class_list":["post-85","page","type-page","status-publish","hentry"],"yoast_head":"<!-- This site is optimized with the Yoast SEO plugin v27.4 - https:\/\/yoast.com\/product\/yoast-seo-wordpress\/ -->\n<title>Escuelas Dominicales - Christian Science Houston Area<\/title>\n<meta name=\"robots\" content=\"index, follow, max-snippet:-1, max-image-preview:large, max-video-preview:-1\" \/>\n<link rel=\"canonical\" href=\"https:\/\/christianscienceheals.com\/es\/youth\/sunday-schools\/\" \/>\n<meta property=\"og:locale\" content=\"es_ES\" \/>\n<meta property=\"og:type\" content=\"article\" \/>\n<meta property=\"og:title\" content=\"Escuelas Dominicales - Christian Science Houston Area\" \/>\n<meta property=\"og:description\" content=\"\u00bfQu\u00e9 se ense\u00f1a en una escuela dominical de la Ciencia Cristiana? La lecci\u00f3n m\u00e1s importante que se ense\u00f1a en cualquier escuela dominical de la Ciencia Cristiana es el gran amor que Dios tiene por sus hijos y c\u00f3mo este amor trae sanaci\u00f3n. A los estudiantes de hasta 20 a\u00f1os se les ense\u00f1an los Diez Mandamientos, [&hellip;]\" \/>\n<meta property=\"og:url\" content=\"https:\/\/christianscienceheals.com\/es\/youth\/sunday-schools\/\" \/>\n<meta property=\"og:site_name\" content=\"Christian Science Houston Area\" \/>\n<meta property=\"article:publisher\" content=\"https:\/\/www.facebook.com\/christianscienceheals\/\" \/>\n<meta property=\"article:modified_time\" content=\"2017-04-10T14:38:28+00:00\" \/>\n<meta property=\"og:image\" content=\"https:\/\/i0.wp.com\/christianscienceheals.com\/files\/2022\/11\/Find_a_Houston_church.jpg?fit=2000%2C800&ssl=1\" \/>\n\t<meta property=\"og:image:width\" content=\"2000\" \/>\n\t<meta property=\"og:image:height\" content=\"800\" \/>\n\t<meta property=\"og:image:type\" content=\"image\/jpeg\" \/>\n<meta name=\"twitter:card\" content=\"summary_large_image\" \/>\n<meta name=\"twitter:site\" content=\"@cs_heals\" \/>\n<meta name=\"twitter:label1\" content=\"Tiempo de lectura\" \/>\n\t<meta name=\"twitter:data1\" content=\"3 minutos\" \/>\n<script type=\"application\/ld+json\" class=\"yoast-schema-graph\">{\"@context\":\"https:\\\/\\\/schema.org\",\"@graph\":[{\"@type\":\"WebPage\",\"@id\":\"https:\\\/\\\/christianscienceheals.com\\\/es\\\/youth\\\/sunday-schools\\\/\",\"url\":\"https:\\\/\\\/christianscienceheals.com\\\/es\\\/youth\\\/sunday-schools\\\/\",\"name\":\"Escuelas Dominicales - Christian Science Houston Area\",\"isPartOf\":{\"@id\":\"https:\\\/\\\/christianscienceheals.com\\\/es\\\/#website\"},\"datePublished\":\"2017-04-09T22:08:06+00:00\",\"dateModified\":\"2017-04-10T14:38:28+00:00\",\"breadcrumb\":{\"@id\":\"https:\\\/\\\/christianscienceheals.com\\\/es\\\/youth\\\/sunday-schools\\\/#breadcrumb\"},\"inLanguage\":\"es\",\"potentialAction\":[{\"@type\":\"ReadAction\",\"target\":[[\"https:\\\/\\\/christianscienceheals.com\\\/es\\\/youth\\\/sunday-schools\\\/\"]]}]},{\"@type\":\"BreadcrumbList\",\"@id\":\"https:\\\/\\\/christianscienceheals.com\\\/es\\\/youth\\\/sunday-schools\\\/#breadcrumb\",\"itemListElement\":[{\"@type\":\"ListItem\",\"position\":1,\"name\":\"Home\",\"item\":\"https:\\\/\\\/christianscienceheals.com\\\/es\\\/\"},{\"@type\":\"ListItem\",\"position\":2,\"name\":\"Juventud\",\"item\":\"https:\\\/\\\/christianscienceheals.com\\\/es\\\/youth\\\/\"},{\"@type\":\"ListItem\",\"position\":3,\"name\":\"Escuelas Dominicales\"}]},{\"@type\":\"WebSite\",\"@id\":\"https:\\\/\\\/christianscienceheals.com\\\/es\\\/#website\",\"url\":\"https:\\\/\\\/christianscienceheals.com\\\/es\\\/\",\"name\":\"Christian Science Houston Area\",\"description\":\"Christian Science Churches and Resources in the Houston Texas Area\",\"publisher\":{\"@id\":\"https:\\\/\\\/christianscienceheals.com\\\/es\\\/#organization\"},\"potentialAction\":[{\"@type\":\"SearchAction\",\"target\":{\"@type\":\"EntryPoint\",\"urlTemplate\":\"https:\\\/\\\/christianscienceheals.com\\\/es\\\/?s={search_term_string}\"},\"query-input\":{\"@type\":\"PropertyValueSpecification\",\"valueRequired\":true,\"valueName\":\"search_term_string\"}}],\"inLanguage\":\"es\"},{\"@type\":\"Organization\",\"@id\":\"https:\\\/\\\/christianscienceheals.com\\\/es\\\/#organization\",\"name\":\"Christian Science Houston Area\",\"url\":\"https:\\\/\\\/christianscienceheals.com\\\/es\\\/\",\"logo\":{\"@type\":\"ImageObject\",\"inLanguage\":\"es\",\"@id\":\"https:\\\/\\\/christianscienceheals.com\\\/es\\\/#\\\/schema\\\/logo\\\/image\\\/\",\"url\":\"https:\\\/\\\/i0.wp.com\\\/christianscienceheals.com\\\/files\\\/2018\\\/02\\\/HOUCOM_logo_with_starburst.png?fit=1024%2C1024&ssl=1\",\"contentUrl\":\"https:\\\/\\\/i0.wp.com\\\/christianscienceheals.com\\\/files\\\/2018\\\/02\\\/HOUCOM_logo_with_starburst.png?fit=1024%2C1024&ssl=1\",\"width\":1024,\"height\":1024,\"caption\":\"Christian Science Houston Area\"},\"image\":{\"@id\":\"https:\\\/\\\/christianscienceheals.com\\\/es\\\/#\\\/schema\\\/logo\\\/image\\\/\"},\"sameAs\":[\"https:\\\/\\\/www.facebook.com\\\/christianscienceheals\\\/\",\"https:\\\/\\\/x.com\\\/cs_heals\",\"https:\\\/\\\/www.instagram.com\\\/christianscienceheals\\\/\"]}]}<\/script>\n<!-- \/ Yoast SEO plugin. -->","yoast_head_json":{"title":"Escuelas Dominicales - Christian Science Houston Area","robots":{"index":"index","follow":"follow","max-snippet":"max-snippet:-1","max-image-preview":"max-image-preview:large","max-video-preview":"max-video-preview:-1"},"canonical":"https:\/\/christianscienceheals.com\/es\/youth\/sunday-schools\/","og_locale":"es_ES","og_type":"article","og_title":"Escuelas Dominicales - Christian Science Houston Area","og_description":"\u00bfQu\u00e9 se ense\u00f1a en una escuela dominical de la Ciencia Cristiana? La lecci\u00f3n m\u00e1s importante que se ense\u00f1a en cualquier escuela dominical de la Ciencia Cristiana es el gran amor que Dios tiene por sus hijos y c\u00f3mo este amor trae sanaci\u00f3n. A los estudiantes de hasta 20 a\u00f1os se les ense\u00f1an los Diez Mandamientos, [&hellip;]","og_url":"https:\/\/christianscienceheals.com\/es\/youth\/sunday-schools\/","og_site_name":"Christian Science Houston Area","article_publisher":"https:\/\/www.facebook.com\/christianscienceheals\/","article_modified_time":"2017-04-10T14:38:28+00:00","og_image":[{"width":2000,"height":800,"url":"https:\/\/i0.wp.com\/christianscienceheals.com\/files\/2022\/11\/Find_a_Houston_church.jpg?fit=2000%2C800&ssl=1","type":"image\/jpeg"}],"twitter_card":"summary_large_image","twitter_site":"@cs_heals","twitter_misc":{"Tiempo de lectura":"3 minutos"},"schema":{"@context":"https:\/\/schema.org","@graph":[{"@type":"WebPage","@id":"https:\/\/christianscienceheals.com\/es\/youth\/sunday-schools\/","url":"https:\/\/christianscienceheals.com\/es\/youth\/sunday-schools\/","name":"Escuelas Dominicales - Christian Science Houston Area","isPartOf":{"@id":"https:\/\/christianscienceheals.com\/es\/#website"},"datePublished":"2017-04-09T22:08:06+00:00","dateModified":"2017-04-10T14:38:28+00:00","breadcrumb":{"@id":"https:\/\/christianscienceheals.com\/es\/youth\/sunday-schools\/#breadcrumb"},"inLanguage":"es","potentialAction":[{"@type":"ReadAction","target":[["https:\/\/christianscienceheals.com\/es\/youth\/sunday-schools\/"]]}]},{"@type":"BreadcrumbList","@id":"https:\/\/christianscienceheals.com\/es\/youth\/sunday-schools\/#breadcrumb","itemListElement":[{"@type":"ListItem","position":1,"name":"Home","item":"https:\/\/christianscienceheals.com\/es\/"},{"@type":"ListItem","position":2,"name":"Juventud","item":"https:\/\/christianscienceheals.com\/es\/youth\/"},{"@type":"ListItem","position":3,"name":"Escuelas Dominicales"}]},{"@type":"WebSite","@id":"https:\/\/christianscienceheals.com\/es\/#website","url":"https:\/\/christianscienceheals.com\/es\/","name":"Christian Science Houston Area","description":"Christian Science Churches and Resources in the Houston Texas Area","publisher":{"@id":"https:\/\/christianscienceheals.com\/es\/#organization"},"potentialAction":[{"@type":"SearchAction","target":{"@type":"EntryPoint","urlTemplate":"https:\/\/christianscienceheals.com\/es\/?s={search_term_string}"},"query-input":{"@type":"PropertyValueSpecification","valueRequired":true,"valueName":"search_term_string"}}],"inLanguage":"es"},{"@type":"Organization","@id":"https:\/\/christianscienceheals.com\/es\/#organization","name":"Christian Science Houston Area","url":"https:\/\/christianscienceheals.com\/es\/","logo":{"@type":"ImageObject","inLanguage":"es","@id":"https:\/\/christianscienceheals.com\/es\/#\/schema\/logo\/image\/","url":"https:\/\/i0.wp.com\/christianscienceheals.com\/files\/2018\/02\/HOUCOM_logo_with_starburst.png?fit=1024%2C1024&ssl=1","contentUrl":"https:\/\/i0.wp.com\/christianscienceheals.com\/files\/2018\/02\/HOUCOM_logo_with_starburst.png?fit=1024%2C1024&ssl=1","width":1024,"height":1024,"caption":"Christian Science Houston Area"},"image":{"@id":"https:\/\/christianscienceheals.com\/es\/#\/schema\/logo\/image\/"},"sameAs":["https:\/\/www.facebook.com\/christianscienceheals\/","https:\/\/x.com\/cs_heals","https:\/\/www.instagram.com\/christianscienceheals\/"]}]}},"jetpack_sharing_enabled":true,"jetpack_shortlink":"https:\/\/wp.me\/P6OyHU-1n","_links":{"self":[{"href":"https:\/\/christianscienceheals.com\/es\/wp-json\/wp\/v2\/pages\/85","targetHints":{"allow":["GET"]}}],"collection":[{"href":"https:\/\/christianscienceheals.com\/es\/wp-json\/wp\/v2\/pages"}],"about":[{"href":"https:\/\/christianscienceheals.com\/es\/wp-json\/wp\/v2\/types\/page"}],"author":[{"embeddable":true,"href":"https:\/\/christianscienceheals.com\/es\/wp-json\/wp\/v2\/users\/1"}],"replies":[{"embeddable":true,"href":"https:\/\/christianscienceheals.com\/es\/wp-json\/wp\/v2\/comments?post=85"}],"version-history":[{"count":3,"href":"https:\/\/christianscienceheals.com\/es\/wp-json\/wp\/v2\/pages\/85\/revisions"}],"predecessor-version":[{"id":1299,"href":"https:\/\/christianscienceheals.com\/es\/wp-json\/wp\/v2\/pages\/85\/revisions\/1299"}],"up":[{"embeddable":true,"href":"https:\/\/christianscienceheals.com\/es\/wp-json\/wp\/v2\/pages\/32"}],"wp:attachment":[{"href":"https:\/\/christianscienceheals.com\/es\/wp-json\/wp\/v2\/media?parent=85"}],"curies":[{"name":"wp","href":"https:\/\/api.w.org\/{rel}","templated":true}]}}