{"id":83,"date":"2015-08-11T21:58:45","date_gmt":"2015-08-12T02:58:45","guid":{"rendered":"http:\/\/christianscienceheals.com\/?page_id=83"},"modified":"2019-04-09T06:36:15","modified_gmt":"2019-04-09T11:36:15","slug":"online-youth-groups","status":"publish","type":"page","link":"https:\/\/christianscienceheals.com\/es\/youth\/online-youth-groups\/","title":{"rendered":"Recursos en l\u00ednea para j\u00f3venes"},"content":{"rendered":"<p>El sitio web principal de Christian Science mantiene una secci\u00f3n para j\u00f3venes llamada <strong>FOCUS<\/strong>.<\/p>\n<p>Haga clic <a href=\"https:\/\/www.christianscience.com\/es\/juventud\/enfoque\">AQU\u00cd<\/a> para acceder a recursos din\u00e1micos para estudiantes universitarios, adolescentes, ni\u00f1os y las personas que los aman.<\/p>\n<ul>\n<li>M\u00fasica<\/li>\n<li>Art\u00edculos<\/li>\n<li>Vers\u00edculo diario de GoVerse<\/li>\n<li>Enlaces a temas anteriores<\/li>\n<\/ul>\n<p>\u00bf<strong>Ni\u00f1os mayores<\/strong> o <strong>ni\u00f1os m\u00e1s j\u00f3venes<\/strong>? La p\u00e1gina tiene un enlace para cambiar entre cada uno.<\/p>\n<p>&nbsp;<\/p>","protected":false},"excerpt":{"rendered":"<p>El sitio web principal de Christian Science mantiene una secci\u00f3n para j\u00f3venes llamada FOCUS. Haga clic AQU\u00cd para acceder a recursos din\u00e1micos para estudiantes universitarios, adolescentes, ni\u00f1os y las personas que los aman. M\u00fasica Art\u00edculos Vers\u00edculo diario de GoVerse Enlaces a temas anteriores \u00bfNi\u00f1os mayores o ni\u00f1os m\u00e1s j\u00f3venes? La p\u00e1gina tiene un enlace para [&hellip;]<\/p>\n","protected":false},"author":1,"featured_media":0,"parent":32,"menu_order":2,"comment_status":"closed","ping_status":"closed","template":"","meta":{"_monsterinsights_skip_tracking":false,"_monsterinsights_sitenote_active":false,"_monsterinsights_sitenote_note":"","_monsterinsights_sitenote_category":0,"jetpack_post_was_ever_published":false,"_vp_format_video_url":"","_vp_image_focal_point":[],"footnotes":""},"class_list":["post-83","page","type-page","status-publish","hentry"],"yoast_head":"<!-- This site is optimized with the Yoast SEO plugin v27.4 - https:\/\/yoast.com\/product\/yoast-seo-wordpress\/ -->\n<title>Recursos en l\u00ednea para j\u00f3venes - Christian Science Houston Area<\/title>\n<meta name=\"robots\" content=\"index, follow, max-snippet:-1, max-image-preview:large, max-video-preview:-1\" \/>\n<link rel=\"canonical\" href=\"https:\/\/christianscienceheals.com\/es\/youth\/online-youth-groups\/\" \/>\n<meta property=\"og:locale\" content=\"es_ES\" \/>\n<meta property=\"og:type\" content=\"article\" \/>\n<meta property=\"og:title\" content=\"Recursos en l\u00ednea para j\u00f3venes - Christian Science Houston Area\" \/>\n<meta property=\"og:description\" content=\"El sitio web principal de Christian Science mantiene una secci\u00f3n para j\u00f3venes llamada FOCUS. Haga clic AQU\u00cd para acceder a recursos din\u00e1micos para estudiantes universitarios, adolescentes, ni\u00f1os y las personas que los aman. M\u00fasica Art\u00edculos Vers\u00edculo diario de GoVerse Enlaces a temas anteriores \u00bfNi\u00f1os mayores o ni\u00f1os m\u00e1s j\u00f3venes? La p\u00e1gina tiene un enlace para [&hellip;]\" \/>\n<meta property=\"og:url\" content=\"https:\/\/christianscienceheals.com\/es\/youth\/online-youth-groups\/\" \/>\n<meta property=\"og:site_name\" content=\"Christian Science Houston Area\" \/>\n<meta property=\"article:publisher\" content=\"https:\/\/www.facebook.com\/christianscienceheals\/\" \/>\n<meta property=\"article:modified_time\" content=\"2019-04-09T11:36:15+00:00\" \/>\n<meta property=\"og:image\" content=\"https:\/\/i0.wp.com\/christianscienceheals.com\/files\/2022\/11\/Find_a_Houston_church.jpg?fit=2000%2C800&ssl=1\" \/>\n\t<meta property=\"og:image:width\" content=\"2000\" \/>\n\t<meta property=\"og:image:height\" content=\"800\" \/>\n\t<meta property=\"og:image:type\" content=\"image\/jpeg\" \/>\n<meta name=\"twitter:card\" content=\"summary_large_image\" \/>\n<meta name=\"twitter:site\" content=\"@cs_heals\" \/>\n<meta name=\"twitter:label1\" content=\"Tiempo de lectura\" \/>\n\t<meta name=\"twitter:data1\" content=\"1 minuto\" \/>\n<script type=\"application\/ld+json\" class=\"yoast-schema-graph\">{\"@context\":\"https:\\\/\\\/schema.org\",\"@graph\":[{\"@type\":\"WebPage\",\"@id\":\"https:\\\/\\\/christianscienceheals.com\\\/es\\\/youth\\\/online-youth-groups\\\/\",\"url\":\"https:\\\/\\\/christianscienceheals.com\\\/es\\\/youth\\\/online-youth-groups\\\/\",\"name\":\"Recursos en l\u00ednea para j\u00f3venes - Christian Science Houston Area\",\"isPartOf\":{\"@id\":\"https:\\\/\\\/christianscienceheals.com\\\/es\\\/#website\"},\"datePublished\":\"2015-08-12T02:58:45+00:00\",\"dateModified\":\"2019-04-09T11:36:15+00:00\",\"breadcrumb\":{\"@id\":\"https:\\\/\\\/christianscienceheals.com\\\/es\\\/youth\\\/online-youth-groups\\\/#breadcrumb\"},\"inLanguage\":\"es\",\"potentialAction\":[{\"@type\":\"ReadAction\",\"target\":[[\"https:\\\/\\\/christianscienceheals.com\\\/es\\\/youth\\\/online-youth-groups\\\/\"]]}]},{\"@type\":\"BreadcrumbList\",\"@id\":\"https:\\\/\\\/christianscienceheals.com\\\/es\\\/youth\\\/online-youth-groups\\\/#breadcrumb\",\"itemListElement\":[{\"@type\":\"ListItem\",\"position\":1,\"name\":\"Home\",\"item\":\"https:\\\/\\\/christianscienceheals.com\\\/es\\\/\"},{\"@type\":\"ListItem\",\"position\":2,\"name\":\"Juventud\",\"item\":\"https:\\\/\\\/christianscienceheals.com\\\/es\\\/youth\\\/\"},{\"@type\":\"ListItem\",\"position\":3,\"name\":\"Online Youth Resources\"}]},{\"@type\":\"WebSite\",\"@id\":\"https:\\\/\\\/christianscienceheals.com\\\/es\\\/#website\",\"url\":\"https:\\\/\\\/christianscienceheals.com\\\/es\\\/\",\"name\":\"Christian Science Houston Area\",\"description\":\"Christian Science Churches and Resources in the Houston Texas Area\",\"publisher\":{\"@id\":\"https:\\\/\\\/christianscienceheals.com\\\/es\\\/#organization\"},\"potentialAction\":[{\"@type\":\"SearchAction\",\"target\":{\"@type\":\"EntryPoint\",\"urlTemplate\":\"https:\\\/\\\/christianscienceheals.com\\\/es\\\/?s={search_term_string}\"},\"query-input\":{\"@type\":\"PropertyValueSpecification\",\"valueRequired\":true,\"valueName\":\"search_term_string\"}}],\"inLanguage\":\"es\"},{\"@type\":\"Organization\",\"@id\":\"https:\\\/\\\/christianscienceheals.com\\\/es\\\/#organization\",\"name\":\"Christian Science Houston Area\",\"url\":\"https:\\\/\\\/christianscienceheals.com\\\/es\\\/\",\"logo\":{\"@type\":\"ImageObject\",\"inLanguage\":\"es\",\"@id\":\"https:\\\/\\\/christianscienceheals.com\\\/es\\\/#\\\/schema\\\/logo\\\/image\\\/\",\"url\":\"https:\\\/\\\/i0.wp.com\\\/christianscienceheals.com\\\/files\\\/2018\\\/02\\\/HOUCOM_logo_with_starburst.png?fit=1024%2C1024&ssl=1\",\"contentUrl\":\"https:\\\/\\\/i0.wp.com\\\/christianscienceheals.com\\\/files\\\/2018\\\/02\\\/HOUCOM_logo_with_starburst.png?fit=1024%2C1024&ssl=1\",\"width\":1024,\"height\":1024,\"caption\":\"Christian Science Houston Area\"},\"image\":{\"@id\":\"https:\\\/\\\/christianscienceheals.com\\\/es\\\/#\\\/schema\\\/logo\\\/image\\\/\"},\"sameAs\":[\"https:\\\/\\\/www.facebook.com\\\/christianscienceheals\\\/\",\"https:\\\/\\\/x.com\\\/cs_heals\",\"https:\\\/\\\/www.instagram.com\\\/christianscienceheals\\\/\"]}]}<\/script>\n<!-- \/ Yoast SEO plugin. -->","yoast_head_json":{"title":"Recursos en l\u00ednea para j\u00f3venes - Christian Science Houston Area","robots":{"index":"index","follow":"follow","max-snippet":"max-snippet:-1","max-image-preview":"max-image-preview:large","max-video-preview":"max-video-preview:-1"},"canonical":"https:\/\/christianscienceheals.com\/es\/youth\/online-youth-groups\/","og_locale":"es_ES","og_type":"article","og_title":"Recursos en l\u00ednea para j\u00f3venes - Christian Science Houston Area","og_description":"El sitio web principal de Christian Science mantiene una secci\u00f3n para j\u00f3venes llamada FOCUS. Haga clic AQU\u00cd para acceder a recursos din\u00e1micos para estudiantes universitarios, adolescentes, ni\u00f1os y las personas que los aman. M\u00fasica Art\u00edculos Vers\u00edculo diario de GoVerse Enlaces a temas anteriores \u00bfNi\u00f1os mayores o ni\u00f1os m\u00e1s j\u00f3venes? La p\u00e1gina tiene un enlace para [&hellip;]","og_url":"https:\/\/christianscienceheals.com\/es\/youth\/online-youth-groups\/","og_site_name":"Christian Science Houston Area","article_publisher":"https:\/\/www.facebook.com\/christianscienceheals\/","article_modified_time":"2019-04-09T11:36:15+00:00","og_image":[{"width":2000,"height":800,"url":"https:\/\/i0.wp.com\/christianscienceheals.com\/files\/2022\/11\/Find_a_Houston_church.jpg?fit=2000%2C800&ssl=1","type":"image\/jpeg"}],"twitter_card":"summary_large_image","twitter_site":"@cs_heals","twitter_misc":{"Tiempo de lectura":"1 minuto"},"schema":{"@context":"https:\/\/schema.org","@graph":[{"@type":"WebPage","@id":"https:\/\/christianscienceheals.com\/es\/youth\/online-youth-groups\/","url":"https:\/\/christianscienceheals.com\/es\/youth\/online-youth-groups\/","name":"Recursos en l\u00ednea para j\u00f3venes - Christian Science Houston Area","isPartOf":{"@id":"https:\/\/christianscienceheals.com\/es\/#website"},"datePublished":"2015-08-12T02:58:45+00:00","dateModified":"2019-04-09T11:36:15+00:00","breadcrumb":{"@id":"https:\/\/christianscienceheals.com\/es\/youth\/online-youth-groups\/#breadcrumb"},"inLanguage":"es","potentialAction":[{"@type":"ReadAction","target":[["https:\/\/christianscienceheals.com\/es\/youth\/online-youth-groups\/"]]}]},{"@type":"BreadcrumbList","@id":"https:\/\/christianscienceheals.com\/es\/youth\/online-youth-groups\/#breadcrumb","itemListElement":[{"@type":"ListItem","position":1,"name":"Home","item":"https:\/\/christianscienceheals.com\/es\/"},{"@type":"ListItem","position":2,"name":"Juventud","item":"https:\/\/christianscienceheals.com\/es\/youth\/"},{"@type":"ListItem","position":3,"name":"Online Youth Resources"}]},{"@type":"WebSite","@id":"https:\/\/christianscienceheals.com\/es\/#website","url":"https:\/\/christianscienceheals.com\/es\/","name":"Christian Science Houston Area","description":"Christian Science Churches and Resources in the Houston Texas Area","publisher":{"@id":"https:\/\/christianscienceheals.com\/es\/#organization"},"potentialAction":[{"@type":"SearchAction","target":{"@type":"EntryPoint","urlTemplate":"https:\/\/christianscienceheals.com\/es\/?s={search_term_string}"},"query-input":{"@type":"PropertyValueSpecification","valueRequired":true,"valueName":"search_term_string"}}],"inLanguage":"es"},{"@type":"Organization","@id":"https:\/\/christianscienceheals.com\/es\/#organization","name":"Christian Science Houston Area","url":"https:\/\/christianscienceheals.com\/es\/","logo":{"@type":"ImageObject","inLanguage":"es","@id":"https:\/\/christianscienceheals.com\/es\/#\/schema\/logo\/image\/","url":"https:\/\/i0.wp.com\/christianscienceheals.com\/files\/2018\/02\/HOUCOM_logo_with_starburst.png?fit=1024%2C1024&ssl=1","contentUrl":"https:\/\/i0.wp.com\/christianscienceheals.com\/files\/2018\/02\/HOUCOM_logo_with_starburst.png?fit=1024%2C1024&ssl=1","width":1024,"height":1024,"caption":"Christian Science Houston Area"},"image":{"@id":"https:\/\/christianscienceheals.com\/es\/#\/schema\/logo\/image\/"},"sameAs":["https:\/\/www.facebook.com\/christianscienceheals\/","https:\/\/x.com\/cs_heals","https:\/\/www.instagram.com\/christianscienceheals\/"]}]}},"jetpack_sharing_enabled":true,"jetpack_shortlink":"https:\/\/wp.me\/P6OyHU-1l","_links":{"self":[{"href":"https:\/\/christianscienceheals.com\/es\/wp-json\/wp\/v2\/pages\/83","targetHints":{"allow":["GET"]}}],"collection":[{"href":"https:\/\/christianscienceheals.com\/es\/wp-json\/wp\/v2\/pages"}],"about":[{"href":"https:\/\/christianscienceheals.com\/es\/wp-json\/wp\/v2\/types\/page"}],"author":[{"embeddable":true,"href":"https:\/\/christianscienceheals.com\/es\/wp-json\/wp\/v2\/users\/1"}],"replies":[{"embeddable":true,"href":"https:\/\/christianscienceheals.com\/es\/wp-json\/wp\/v2\/comments?post=83"}],"version-history":[{"count":23,"href":"https:\/\/christianscienceheals.com\/es\/wp-json\/wp\/v2\/pages\/83\/revisions"}],"predecessor-version":[{"id":3645,"href":"https:\/\/christianscienceheals.com\/es\/wp-json\/wp\/v2\/pages\/83\/revisions\/3645"}],"up":[{"embeddable":true,"href":"https:\/\/christianscienceheals.com\/es\/wp-json\/wp\/v2\/pages\/32"}],"wp:attachment":[{"href":"https:\/\/christianscienceheals.com\/es\/wp-json\/wp\/v2\/media?parent=83"}],"curies":[{"name":"wp","href":"https:\/\/api.w.org\/{rel}","templated":true}]}}