{"id":79,"date":"2015-08-11T21:56:25","date_gmt":"2015-08-12T02:56:25","guid":{"rendered":"http:\/\/christianscienceheals.com\/?page_id=79"},"modified":"2020-07-15T17:43:03","modified_gmt":"2020-07-15T22:43:03","slug":"bible-lessons","status":"publish","type":"page","link":"https:\/\/christianscienceheals.com\/es\/youth\/bible-lessons\/","title":{"rendered":"Mi Lecci\u00f3n B\u00edblica"},"content":{"rendered":"<p><b>\u00bfQu\u00e9 es la Lecci\u00f3n B\u00edblica de la Ciencia Cristiana?\u00a0<\/b><\/p>\n<p>La Lecci\u00f3n B\u00edblica est\u00e1 compuesta de pasajes de la Biblia y el libro de texto de la Ciencia Cristiana, <em>Ciencia y Salud con la Llave de las Escrituras<\/em> por Mary Baker Eddy. Cada semana, nos ofrece una oportunidad para buscar verdades espirituales dentro de los confines de un tema en particular. Al final de la semana, la Lecci\u00f3n B\u00edblica se lee como un servicio dominical en las iglesias de la Ciencia Cristiana en todo el mundo y se comparte en las Escuelas Dominicales de la Ciencia Cristiana. Las ideas curativas en cada lecci\u00f3n pueden ayudar, de\u00a0forma tangible, a enfrentar y aliviar las preocupaciones de todo tipo, proporcionar una mejor comprensi\u00f3n de la Biblia, y elevar el pensamiento y traer comprensi\u00f3n espiritual acerca de Dios y del hombre.<\/p>\n<p><span style=\"font-weight: 400\">Las lecciones b\u00edblicas se publican en el cuaderno trimestral de la Ciencia Cristiana, el cual puede ser adquirido\u00a0en<\/span><span style=\"font-weight: 400\">\u00a0<a href=\"https:\/\/christianscienceheals.com\/churches\/\">Salas de Lectura de la Ciencia Cristiana<\/a>.<\/span><\/p>\n<p><b>\u00bfHay disponibles formatos online de la Lecci\u00f3n B\u00edblica?<\/b><\/p>\n<p><b><a href=\"http:\/\/myBibleLesson.com\">myBibleLesson.com<\/a><\/b><span style=\"font-weight: 400\">: p<\/span>ara pensadores juveniles de todas las edades, est\u00e1 en un colorido formato PDF que proporciona el texto completo de la lecci\u00f3n y realza su estudio con notas b\u00edblicas, palabras destacadas, mapas, dibujos animados y m\u00e1s. Para suscribirse, vaya a myBibleLesson.com<\/p>\n<p><b><a href=\"http:\/\/eBibleLesson.com\">eBibleLesson.com<\/a><\/b><span style=\"font-weight: 400\">:\u00a0usted puede estudiar la lecci\u00f3n virtualmente dondequiera, en cualquier momento, y cualquier lugar que usted quiera. Las cinco ediciones diferentes de la lecci\u00f3n le permiten leer, ampliar el texto, imprimir y escuchar usando una variedad de dispositivos. Para suscribirse, vaya a eBibleLesson.com<\/span><\/p>","protected":false},"excerpt":{"rendered":"<p>\u00bfQu\u00e9 es la Lecci\u00f3n B\u00edblica de la Ciencia Cristiana?\u00a0 La Lecci\u00f3n B\u00edblica est\u00e1 compuesta de pasajes de la Biblia y el libro de texto de la Ciencia Cristiana, Ciencia y Salud con la Llave de las Escrituras por Mary Baker Eddy. Cada semana, nos ofrece una oportunidad para buscar verdades espirituales dentro de los confines [&hellip;]<\/p>\n","protected":false},"author":1,"featured_media":0,"parent":32,"menu_order":1,"comment_status":"closed","ping_status":"closed","template":"","meta":{"_monsterinsights_skip_tracking":false,"_monsterinsights_sitenote_active":false,"_monsterinsights_sitenote_note":"","_monsterinsights_sitenote_category":0,"jetpack_post_was_ever_published":false,"_vp_format_video_url":"","_vp_image_focal_point":[],"footnotes":""},"class_list":["post-79","page","type-page","status-publish","hentry"],"yoast_head":"<!-- This site is optimized with the Yoast SEO plugin v27.3 - https:\/\/yoast.com\/product\/yoast-seo-wordpress\/ -->\n<title>Mi Lecci\u00f3n B\u00edblica - Christian Science Houston Area<\/title>\n<meta name=\"robots\" content=\"index, follow, max-snippet:-1, max-image-preview:large, max-video-preview:-1\" \/>\n<link rel=\"canonical\" href=\"https:\/\/christianscienceheals.com\/es\/youth\/bible-lessons\/\" \/>\n<meta property=\"og:locale\" content=\"es_ES\" \/>\n<meta property=\"og:type\" content=\"article\" \/>\n<meta property=\"og:title\" content=\"Mi Lecci\u00f3n B\u00edblica - Christian Science Houston Area\" \/>\n<meta property=\"og:description\" content=\"\u00bfQu\u00e9 es la Lecci\u00f3n B\u00edblica de la Ciencia Cristiana?\u00a0 La Lecci\u00f3n B\u00edblica est\u00e1 compuesta de pasajes de la Biblia y el libro de texto de la Ciencia Cristiana, Ciencia y Salud con la Llave de las Escrituras por Mary Baker Eddy. Cada semana, nos ofrece una oportunidad para buscar verdades espirituales dentro de los confines [&hellip;]\" \/>\n<meta property=\"og:url\" content=\"https:\/\/christianscienceheals.com\/es\/youth\/bible-lessons\/\" \/>\n<meta property=\"og:site_name\" content=\"Christian Science Houston Area\" \/>\n<meta property=\"article:publisher\" content=\"https:\/\/www.facebook.com\/christianscienceheals\/\" \/>\n<meta property=\"article:modified_time\" content=\"2020-07-15T22:43:03+00:00\" \/>\n<meta property=\"og:image\" content=\"https:\/\/i0.wp.com\/christianscienceheals.com\/files\/2022\/11\/Find_a_Houston_church.jpg?fit=2000%2C800&ssl=1\" \/>\n\t<meta property=\"og:image:width\" content=\"2000\" \/>\n\t<meta property=\"og:image:height\" content=\"800\" \/>\n\t<meta property=\"og:image:type\" content=\"image\/jpeg\" \/>\n<meta name=\"twitter:card\" content=\"summary_large_image\" \/>\n<meta name=\"twitter:site\" content=\"@cs_heals\" \/>\n<meta name=\"twitter:label1\" content=\"Tiempo de lectura\" \/>\n\t<meta name=\"twitter:data1\" content=\"2 minutos\" \/>\n<script type=\"application\/ld+json\" class=\"yoast-schema-graph\">{\"@context\":\"https:\\\/\\\/schema.org\",\"@graph\":[{\"@type\":\"WebPage\",\"@id\":\"https:\\\/\\\/christianscienceheals.com\\\/es\\\/youth\\\/bible-lessons\\\/\",\"url\":\"https:\\\/\\\/christianscienceheals.com\\\/es\\\/youth\\\/bible-lessons\\\/\",\"name\":\"Mi Lecci\u00f3n B\u00edblica - Christian Science Houston Area\",\"isPartOf\":{\"@id\":\"https:\\\/\\\/christianscienceheals.com\\\/es\\\/#website\"},\"datePublished\":\"2015-08-12T02:56:25+00:00\",\"dateModified\":\"2020-07-15T22:43:03+00:00\",\"breadcrumb\":{\"@id\":\"https:\\\/\\\/christianscienceheals.com\\\/es\\\/youth\\\/bible-lessons\\\/#breadcrumb\"},\"inLanguage\":\"es\",\"potentialAction\":[{\"@type\":\"ReadAction\",\"target\":[[\"https:\\\/\\\/christianscienceheals.com\\\/es\\\/youth\\\/bible-lessons\\\/\"]]}]},{\"@type\":\"BreadcrumbList\",\"@id\":\"https:\\\/\\\/christianscienceheals.com\\\/es\\\/youth\\\/bible-lessons\\\/#breadcrumb\",\"itemListElement\":[{\"@type\":\"ListItem\",\"position\":1,\"name\":\"Home\",\"item\":\"https:\\\/\\\/christianscienceheals.com\\\/es\\\/\"},{\"@type\":\"ListItem\",\"position\":2,\"name\":\"Juventud\",\"item\":\"https:\\\/\\\/christianscienceheals.com\\\/es\\\/youth\\\/\"},{\"@type\":\"ListItem\",\"position\":3,\"name\":\"Weekly Bible Lesson\"}]},{\"@type\":\"WebSite\",\"@id\":\"https:\\\/\\\/christianscienceheals.com\\\/es\\\/#website\",\"url\":\"https:\\\/\\\/christianscienceheals.com\\\/es\\\/\",\"name\":\"Christian Science Houston Area\",\"description\":\"Christian Science Churches and Resources in the Houston Texas Area\",\"publisher\":{\"@id\":\"https:\\\/\\\/christianscienceheals.com\\\/es\\\/#organization\"},\"potentialAction\":[{\"@type\":\"SearchAction\",\"target\":{\"@type\":\"EntryPoint\",\"urlTemplate\":\"https:\\\/\\\/christianscienceheals.com\\\/es\\\/?s={search_term_string}\"},\"query-input\":{\"@type\":\"PropertyValueSpecification\",\"valueRequired\":true,\"valueName\":\"search_term_string\"}}],\"inLanguage\":\"es\"},{\"@type\":\"Organization\",\"@id\":\"https:\\\/\\\/christianscienceheals.com\\\/es\\\/#organization\",\"name\":\"Christian Science Houston Area\",\"url\":\"https:\\\/\\\/christianscienceheals.com\\\/es\\\/\",\"logo\":{\"@type\":\"ImageObject\",\"inLanguage\":\"es\",\"@id\":\"https:\\\/\\\/christianscienceheals.com\\\/es\\\/#\\\/schema\\\/logo\\\/image\\\/\",\"url\":\"https:\\\/\\\/i0.wp.com\\\/christianscienceheals.com\\\/files\\\/2018\\\/02\\\/HOUCOM_logo_with_starburst.png?fit=1024%2C1024&ssl=1\",\"contentUrl\":\"https:\\\/\\\/i0.wp.com\\\/christianscienceheals.com\\\/files\\\/2018\\\/02\\\/HOUCOM_logo_with_starburst.png?fit=1024%2C1024&ssl=1\",\"width\":1024,\"height\":1024,\"caption\":\"Christian Science Houston Area\"},\"image\":{\"@id\":\"https:\\\/\\\/christianscienceheals.com\\\/es\\\/#\\\/schema\\\/logo\\\/image\\\/\"},\"sameAs\":[\"https:\\\/\\\/www.facebook.com\\\/christianscienceheals\\\/\",\"https:\\\/\\\/x.com\\\/cs_heals\",\"https:\\\/\\\/www.instagram.com\\\/christianscienceheals\\\/\"]}]}<\/script>\n<!-- \/ Yoast SEO plugin. -->","yoast_head_json":{"title":"Mi Lecci\u00f3n B\u00edblica - Christian Science Houston Area","robots":{"index":"index","follow":"follow","max-snippet":"max-snippet:-1","max-image-preview":"max-image-preview:large","max-video-preview":"max-video-preview:-1"},"canonical":"https:\/\/christianscienceheals.com\/es\/youth\/bible-lessons\/","og_locale":"es_ES","og_type":"article","og_title":"Mi Lecci\u00f3n B\u00edblica - Christian Science Houston Area","og_description":"\u00bfQu\u00e9 es la Lecci\u00f3n B\u00edblica de la Ciencia Cristiana?\u00a0 La Lecci\u00f3n B\u00edblica est\u00e1 compuesta de pasajes de la Biblia y el libro de texto de la Ciencia Cristiana, Ciencia y Salud con la Llave de las Escrituras por Mary Baker Eddy. Cada semana, nos ofrece una oportunidad para buscar verdades espirituales dentro de los confines [&hellip;]","og_url":"https:\/\/christianscienceheals.com\/es\/youth\/bible-lessons\/","og_site_name":"Christian Science Houston Area","article_publisher":"https:\/\/www.facebook.com\/christianscienceheals\/","article_modified_time":"2020-07-15T22:43:03+00:00","og_image":[{"width":2000,"height":800,"url":"https:\/\/i0.wp.com\/christianscienceheals.com\/files\/2022\/11\/Find_a_Houston_church.jpg?fit=2000%2C800&ssl=1","type":"image\/jpeg"}],"twitter_card":"summary_large_image","twitter_site":"@cs_heals","twitter_misc":{"Tiempo de lectura":"2 minutos"},"schema":{"@context":"https:\/\/schema.org","@graph":[{"@type":"WebPage","@id":"https:\/\/christianscienceheals.com\/es\/youth\/bible-lessons\/","url":"https:\/\/christianscienceheals.com\/es\/youth\/bible-lessons\/","name":"Mi Lecci\u00f3n B\u00edblica - Christian Science Houston Area","isPartOf":{"@id":"https:\/\/christianscienceheals.com\/es\/#website"},"datePublished":"2015-08-12T02:56:25+00:00","dateModified":"2020-07-15T22:43:03+00:00","breadcrumb":{"@id":"https:\/\/christianscienceheals.com\/es\/youth\/bible-lessons\/#breadcrumb"},"inLanguage":"es","potentialAction":[{"@type":"ReadAction","target":[["https:\/\/christianscienceheals.com\/es\/youth\/bible-lessons\/"]]}]},{"@type":"BreadcrumbList","@id":"https:\/\/christianscienceheals.com\/es\/youth\/bible-lessons\/#breadcrumb","itemListElement":[{"@type":"ListItem","position":1,"name":"Home","item":"https:\/\/christianscienceheals.com\/es\/"},{"@type":"ListItem","position":2,"name":"Juventud","item":"https:\/\/christianscienceheals.com\/es\/youth\/"},{"@type":"ListItem","position":3,"name":"Weekly Bible Lesson"}]},{"@type":"WebSite","@id":"https:\/\/christianscienceheals.com\/es\/#website","url":"https:\/\/christianscienceheals.com\/es\/","name":"Christian Science Houston Area","description":"Christian Science Churches and Resources in the Houston Texas Area","publisher":{"@id":"https:\/\/christianscienceheals.com\/es\/#organization"},"potentialAction":[{"@type":"SearchAction","target":{"@type":"EntryPoint","urlTemplate":"https:\/\/christianscienceheals.com\/es\/?s={search_term_string}"},"query-input":{"@type":"PropertyValueSpecification","valueRequired":true,"valueName":"search_term_string"}}],"inLanguage":"es"},{"@type":"Organization","@id":"https:\/\/christianscienceheals.com\/es\/#organization","name":"Christian Science Houston Area","url":"https:\/\/christianscienceheals.com\/es\/","logo":{"@type":"ImageObject","inLanguage":"es","@id":"https:\/\/christianscienceheals.com\/es\/#\/schema\/logo\/image\/","url":"https:\/\/i0.wp.com\/christianscienceheals.com\/files\/2018\/02\/HOUCOM_logo_with_starburst.png?fit=1024%2C1024&ssl=1","contentUrl":"https:\/\/i0.wp.com\/christianscienceheals.com\/files\/2018\/02\/HOUCOM_logo_with_starburst.png?fit=1024%2C1024&ssl=1","width":1024,"height":1024,"caption":"Christian Science Houston Area"},"image":{"@id":"https:\/\/christianscienceheals.com\/es\/#\/schema\/logo\/image\/"},"sameAs":["https:\/\/www.facebook.com\/christianscienceheals\/","https:\/\/x.com\/cs_heals","https:\/\/www.instagram.com\/christianscienceheals\/"]}]}},"jetpack_sharing_enabled":true,"jetpack_shortlink":"https:\/\/wp.me\/P6OyHU-1h","_links":{"self":[{"href":"https:\/\/christianscienceheals.com\/es\/wp-json\/wp\/v2\/pages\/79","targetHints":{"allow":["GET"]}}],"collection":[{"href":"https:\/\/christianscienceheals.com\/es\/wp-json\/wp\/v2\/pages"}],"about":[{"href":"https:\/\/christianscienceheals.com\/es\/wp-json\/wp\/v2\/types\/page"}],"author":[{"embeddable":true,"href":"https:\/\/christianscienceheals.com\/es\/wp-json\/wp\/v2\/users\/1"}],"replies":[{"embeddable":true,"href":"https:\/\/christianscienceheals.com\/es\/wp-json\/wp\/v2\/comments?post=79"}],"version-history":[{"count":10,"href":"https:\/\/christianscienceheals.com\/es\/wp-json\/wp\/v2\/pages\/79\/revisions"}],"predecessor-version":[{"id":5358,"href":"https:\/\/christianscienceheals.com\/es\/wp-json\/wp\/v2\/pages\/79\/revisions\/5358"}],"up":[{"embeddable":true,"href":"https:\/\/christianscienceheals.com\/es\/wp-json\/wp\/v2\/pages\/32"}],"wp:attachment":[{"href":"https:\/\/christianscienceheals.com\/es\/wp-json\/wp\/v2\/media?parent=79"}],"curies":[{"name":"wp","href":"https:\/\/api.w.org\/{rel}","templated":true}]}}