{"id":76,"date":"2015-08-11T21:52:16","date_gmt":"2015-08-12T02:52:16","guid":{"rendered":"http:\/\/christianscienceheals.com\/?page_id=76"},"modified":"2024-07-09T13:21:33","modified_gmt":"2024-07-09T18:21:33","slug":"donations","status":"publish","type":"page","link":"https:\/\/christianscienceheals.com\/es\/about-us\/donations\/","title":{"rendered":"Donaciones"},"content":{"rendered":"<p><strong>\u00bfEst\u00e1 interesado en hacer una donaci\u00f3n?<\/strong><\/p>\n<p>Las donaciones deducibles de impuestos a HouCom pueden enviarse a:<\/p>\n<p>HOUCOM<br \/>\nc\/o Seventh Church of Christ, Scientist Houston<br \/>\n1740 Yorktown<br \/>\nHouston, TX 77056<\/p>\n<p>Puede donar en l\u00ednea usando su tarjeta de cr\u00e9dito o PayPal. Haga clic en el bot\u00f3n de abajo y seleccione cu\u00e1l prefiere.<\/p>\n<form action=\"https:\/\/www.paypal.com\/cgi-bin\/webscr\" method=\"post\" target=\"_blank\">\r\n<input type=\"hidden\" name=\"cmd\" value=\"_s-xclick\" \/>\r\n<input type=\"hidden\" name=\"hosted_button_id\" value=\"X5ZWAJ5TDAMML\" \/>\r\n<input type=\"image\" src=\"https:\/\/www.paypalobjects.com\/en_US\/i\/btn\/btn_donateCC_LG.gif\" border=\"0\" name=\"submit\" title=\"PayPal - The safer, easier way to pay online!\" alt=\"Donate with PayPal button\" \/>\r\n<img data-recalc-dims=\"1\" loading=\"lazy\" decoding=\"async\" alt=\"\" border=\"0\" src=\"https:\/\/i0.wp.com\/www.paypal.com\/en_US\/i\/scr\/pixel.gif?resize=1%2C1&#038;ssl=1\" width=\"1\" height=\"1\" \/>\r\n<\/form>\n<p>&nbsp;<\/p>\n<p>El siguiente enlace lo llevar\u00e1 a la p\u00e1gina de donaciones de la Iglesia Madre:<\/p>\n<p><a href=\"http:\/\/giving.christianscience.com\/\">http:\/\/giving.christianscience.com\/<\/a><\/p>\n<p>&nbsp;<\/p>","protected":false},"excerpt":{"rendered":"<p>\u00bfEst\u00e1 interesado en hacer una donaci\u00f3n? Las donaciones deducibles de impuestos a HouCom pueden enviarse a: HOUCOM c\/o Seventh Church of Christ, Scientist Houston 1740 Yorktown Houston, TX 77056 Puede donar en l\u00ednea usando su tarjeta de cr\u00e9dito o PayPal. Haga clic en el bot\u00f3n de abajo y seleccione cu\u00e1l prefiere. &nbsp; El siguiente enlace [&hellip;]<\/p>\n","protected":false},"author":1,"featured_media":0,"parent":35,"menu_order":7,"comment_status":"closed","ping_status":"open","template":"","meta":{"_monsterinsights_skip_tracking":false,"_monsterinsights_sitenote_active":false,"_monsterinsights_sitenote_note":"","_monsterinsights_sitenote_category":0,"jetpack_post_was_ever_published":false,"_vp_format_video_url":"","_vp_image_focal_point":[],"footnotes":""},"class_list":["post-76","page","type-page","status-publish","hentry"],"yoast_head":"<!-- This site is optimized with the Yoast SEO plugin v27.3 - https:\/\/yoast.com\/product\/yoast-seo-wordpress\/ -->\n<title>Donaciones - Christian Science Houston Area<\/title>\n<meta name=\"robots\" content=\"index, follow, max-snippet:-1, max-image-preview:large, max-video-preview:-1\" \/>\n<link rel=\"canonical\" href=\"https:\/\/christianscienceheals.com\/es\/about-us\/donations\/\" \/>\n<meta property=\"og:locale\" content=\"es_ES\" \/>\n<meta property=\"og:type\" content=\"article\" \/>\n<meta property=\"og:title\" content=\"Donaciones - Christian Science Houston Area\" \/>\n<meta property=\"og:description\" content=\"\u00bfEst\u00e1 interesado en hacer una donaci\u00f3n? Las donaciones deducibles de impuestos a HouCom pueden enviarse a: HOUCOM c\/o Seventh Church of Christ, Scientist Houston 1740 Yorktown Houston, TX 77056 Puede donar en l\u00ednea usando su tarjeta de cr\u00e9dito o PayPal. Haga clic en el bot\u00f3n de abajo y seleccione cu\u00e1l prefiere. &nbsp; El siguiente enlace [&hellip;]\" \/>\n<meta property=\"og:url\" content=\"https:\/\/christianscienceheals.com\/es\/about-us\/donations\/\" \/>\n<meta property=\"og:site_name\" content=\"Christian Science Houston Area\" \/>\n<meta property=\"article:publisher\" content=\"https:\/\/www.facebook.com\/christianscienceheals\/\" \/>\n<meta property=\"article:modified_time\" content=\"2024-07-09T18:21:33+00:00\" \/>\n<meta property=\"og:image\" content=\"https:\/\/i0.wp.com\/christianscienceheals.com\/files\/2022\/11\/Find_a_Houston_church.jpg?fit=2000%2C800&ssl=1\" \/>\n\t<meta property=\"og:image:width\" content=\"2000\" \/>\n\t<meta property=\"og:image:height\" content=\"800\" \/>\n\t<meta property=\"og:image:type\" content=\"image\/jpeg\" \/>\n<meta name=\"twitter:card\" content=\"summary_large_image\" \/>\n<meta name=\"twitter:site\" content=\"@cs_heals\" \/>\n<meta name=\"twitter:label1\" content=\"Tiempo de lectura\" \/>\n\t<meta name=\"twitter:data1\" content=\"1 minuto\" \/>\n<script type=\"application\/ld+json\" class=\"yoast-schema-graph\">{\"@context\":\"https:\\\/\\\/schema.org\",\"@graph\":[{\"@type\":\"WebPage\",\"@id\":\"https:\\\/\\\/christianscienceheals.com\\\/es\\\/about-us\\\/donations\\\/\",\"url\":\"https:\\\/\\\/christianscienceheals.com\\\/es\\\/about-us\\\/donations\\\/\",\"name\":\"Donaciones - Christian Science Houston Area\",\"isPartOf\":{\"@id\":\"https:\\\/\\\/christianscienceheals.com\\\/es\\\/#website\"},\"datePublished\":\"2015-08-12T02:52:16+00:00\",\"dateModified\":\"2024-07-09T18:21:33+00:00\",\"breadcrumb\":{\"@id\":\"https:\\\/\\\/christianscienceheals.com\\\/es\\\/about-us\\\/donations\\\/#breadcrumb\"},\"inLanguage\":\"es\",\"potentialAction\":[{\"@type\":\"ReadAction\",\"target\":[[\"https:\\\/\\\/christianscienceheals.com\\\/es\\\/about-us\\\/donations\\\/\"]]}]},{\"@type\":\"BreadcrumbList\",\"@id\":\"https:\\\/\\\/christianscienceheals.com\\\/es\\\/about-us\\\/donations\\\/#breadcrumb\",\"itemListElement\":[{\"@type\":\"ListItem\",\"position\":1,\"name\":\"Home\",\"item\":\"https:\\\/\\\/christianscienceheals.com\\\/es\\\/\"},{\"@type\":\"ListItem\",\"position\":2,\"name\":\"Acerca de Nosotros\",\"item\":\"https:\\\/\\\/christianscienceheals.com\\\/es\\\/about-us\\\/\"},{\"@type\":\"ListItem\",\"position\":3,\"name\":\"Donations\"}]},{\"@type\":\"WebSite\",\"@id\":\"https:\\\/\\\/christianscienceheals.com\\\/es\\\/#website\",\"url\":\"https:\\\/\\\/christianscienceheals.com\\\/es\\\/\",\"name\":\"Christian Science Houston Area\",\"description\":\"Christian Science Churches and Resources in the Houston Texas Area\",\"publisher\":{\"@id\":\"https:\\\/\\\/christianscienceheals.com\\\/es\\\/#organization\"},\"potentialAction\":[{\"@type\":\"SearchAction\",\"target\":{\"@type\":\"EntryPoint\",\"urlTemplate\":\"https:\\\/\\\/christianscienceheals.com\\\/es\\\/?s={search_term_string}\"},\"query-input\":{\"@type\":\"PropertyValueSpecification\",\"valueRequired\":true,\"valueName\":\"search_term_string\"}}],\"inLanguage\":\"es\"},{\"@type\":\"Organization\",\"@id\":\"https:\\\/\\\/christianscienceheals.com\\\/es\\\/#organization\",\"name\":\"Christian Science Houston Area\",\"url\":\"https:\\\/\\\/christianscienceheals.com\\\/es\\\/\",\"logo\":{\"@type\":\"ImageObject\",\"inLanguage\":\"es\",\"@id\":\"https:\\\/\\\/christianscienceheals.com\\\/es\\\/#\\\/schema\\\/logo\\\/image\\\/\",\"url\":\"https:\\\/\\\/i0.wp.com\\\/christianscienceheals.com\\\/files\\\/2018\\\/02\\\/HOUCOM_logo_with_starburst.png?fit=1024%2C1024&ssl=1\",\"contentUrl\":\"https:\\\/\\\/i0.wp.com\\\/christianscienceheals.com\\\/files\\\/2018\\\/02\\\/HOUCOM_logo_with_starburst.png?fit=1024%2C1024&ssl=1\",\"width\":1024,\"height\":1024,\"caption\":\"Christian Science Houston Area\"},\"image\":{\"@id\":\"https:\\\/\\\/christianscienceheals.com\\\/es\\\/#\\\/schema\\\/logo\\\/image\\\/\"},\"sameAs\":[\"https:\\\/\\\/www.facebook.com\\\/christianscienceheals\\\/\",\"https:\\\/\\\/x.com\\\/cs_heals\",\"https:\\\/\\\/www.instagram.com\\\/christianscienceheals\\\/\"]}]}<\/script>\n<!-- \/ Yoast SEO plugin. -->","yoast_head_json":{"title":"Donaciones - Christian Science Houston Area","robots":{"index":"index","follow":"follow","max-snippet":"max-snippet:-1","max-image-preview":"max-image-preview:large","max-video-preview":"max-video-preview:-1"},"canonical":"https:\/\/christianscienceheals.com\/es\/about-us\/donations\/","og_locale":"es_ES","og_type":"article","og_title":"Donaciones - Christian Science Houston Area","og_description":"\u00bfEst\u00e1 interesado en hacer una donaci\u00f3n? Las donaciones deducibles de impuestos a HouCom pueden enviarse a: HOUCOM c\/o Seventh Church of Christ, Scientist Houston 1740 Yorktown Houston, TX 77056 Puede donar en l\u00ednea usando su tarjeta de cr\u00e9dito o PayPal. Haga clic en el bot\u00f3n de abajo y seleccione cu\u00e1l prefiere. &nbsp; El siguiente enlace [&hellip;]","og_url":"https:\/\/christianscienceheals.com\/es\/about-us\/donations\/","og_site_name":"Christian Science Houston Area","article_publisher":"https:\/\/www.facebook.com\/christianscienceheals\/","article_modified_time":"2024-07-09T18:21:33+00:00","og_image":[{"width":2000,"height":800,"url":"https:\/\/i0.wp.com\/christianscienceheals.com\/files\/2022\/11\/Find_a_Houston_church.jpg?fit=2000%2C800&ssl=1","type":"image\/jpeg"}],"twitter_card":"summary_large_image","twitter_site":"@cs_heals","twitter_misc":{"Tiempo de lectura":"1 minuto"},"schema":{"@context":"https:\/\/schema.org","@graph":[{"@type":"WebPage","@id":"https:\/\/christianscienceheals.com\/es\/about-us\/donations\/","url":"https:\/\/christianscienceheals.com\/es\/about-us\/donations\/","name":"Donaciones - Christian Science Houston Area","isPartOf":{"@id":"https:\/\/christianscienceheals.com\/es\/#website"},"datePublished":"2015-08-12T02:52:16+00:00","dateModified":"2024-07-09T18:21:33+00:00","breadcrumb":{"@id":"https:\/\/christianscienceheals.com\/es\/about-us\/donations\/#breadcrumb"},"inLanguage":"es","potentialAction":[{"@type":"ReadAction","target":[["https:\/\/christianscienceheals.com\/es\/about-us\/donations\/"]]}]},{"@type":"BreadcrumbList","@id":"https:\/\/christianscienceheals.com\/es\/about-us\/donations\/#breadcrumb","itemListElement":[{"@type":"ListItem","position":1,"name":"Home","item":"https:\/\/christianscienceheals.com\/es\/"},{"@type":"ListItem","position":2,"name":"Acerca de Nosotros","item":"https:\/\/christianscienceheals.com\/es\/about-us\/"},{"@type":"ListItem","position":3,"name":"Donations"}]},{"@type":"WebSite","@id":"https:\/\/christianscienceheals.com\/es\/#website","url":"https:\/\/christianscienceheals.com\/es\/","name":"Christian Science Houston Area","description":"Christian Science Churches and Resources in the Houston Texas Area","publisher":{"@id":"https:\/\/christianscienceheals.com\/es\/#organization"},"potentialAction":[{"@type":"SearchAction","target":{"@type":"EntryPoint","urlTemplate":"https:\/\/christianscienceheals.com\/es\/?s={search_term_string}"},"query-input":{"@type":"PropertyValueSpecification","valueRequired":true,"valueName":"search_term_string"}}],"inLanguage":"es"},{"@type":"Organization","@id":"https:\/\/christianscienceheals.com\/es\/#organization","name":"Christian Science Houston Area","url":"https:\/\/christianscienceheals.com\/es\/","logo":{"@type":"ImageObject","inLanguage":"es","@id":"https:\/\/christianscienceheals.com\/es\/#\/schema\/logo\/image\/","url":"https:\/\/i0.wp.com\/christianscienceheals.com\/files\/2018\/02\/HOUCOM_logo_with_starburst.png?fit=1024%2C1024&ssl=1","contentUrl":"https:\/\/i0.wp.com\/christianscienceheals.com\/files\/2018\/02\/HOUCOM_logo_with_starburst.png?fit=1024%2C1024&ssl=1","width":1024,"height":1024,"caption":"Christian Science Houston Area"},"image":{"@id":"https:\/\/christianscienceheals.com\/es\/#\/schema\/logo\/image\/"},"sameAs":["https:\/\/www.facebook.com\/christianscienceheals\/","https:\/\/x.com\/cs_heals","https:\/\/www.instagram.com\/christianscienceheals\/"]}]}},"jetpack_sharing_enabled":true,"jetpack_shortlink":"https:\/\/wp.me\/P6OyHU-1e","_links":{"self":[{"href":"https:\/\/christianscienceheals.com\/es\/wp-json\/wp\/v2\/pages\/76","targetHints":{"allow":["GET"]}}],"collection":[{"href":"https:\/\/christianscienceheals.com\/es\/wp-json\/wp\/v2\/pages"}],"about":[{"href":"https:\/\/christianscienceheals.com\/es\/wp-json\/wp\/v2\/types\/page"}],"author":[{"embeddable":true,"href":"https:\/\/christianscienceheals.com\/es\/wp-json\/wp\/v2\/users\/1"}],"replies":[{"embeddable":true,"href":"https:\/\/christianscienceheals.com\/es\/wp-json\/wp\/v2\/comments?post=76"}],"version-history":[{"count":15,"href":"https:\/\/christianscienceheals.com\/es\/wp-json\/wp\/v2\/pages\/76\/revisions"}],"predecessor-version":[{"id":8618,"href":"https:\/\/christianscienceheals.com\/es\/wp-json\/wp\/v2\/pages\/76\/revisions\/8618"}],"up":[{"embeddable":true,"href":"https:\/\/christianscienceheals.com\/es\/wp-json\/wp\/v2\/pages\/35"}],"wp:attachment":[{"href":"https:\/\/christianscienceheals.com\/es\/wp-json\/wp\/v2\/media?parent=76"}],"curies":[{"name":"wp","href":"https:\/\/api.w.org\/{rel}","templated":true}]}}