{"id":74,"date":"2015-08-11T21:51:14","date_gmt":"2015-08-12T02:51:14","guid":{"rendered":"http:\/\/christianscienceheals.com\/?page_id=74"},"modified":"2019-04-11T09:39:16","modified_gmt":"2019-04-11T14:39:16","slug":"college-organizations","status":"publish","type":"page","link":"https:\/\/christianscienceheals.com\/es\/about-us\/college-organizations\/","title":{"rendered":"Organizaciones de la Ciencia Cristiana"},"content":{"rendered":"<p><strong>\u00bfQu\u00e9 es una Organizaci\u00f3n de la Ciencia Cristiana (o CSO)?<\/strong><\/p>\n<p>Cada CSO (por sus siglas en ingl\u00e9s) es \u00fanica. Pero todas est\u00e1n conectadas por su deseo de compartir la Ciencia Cristiana con sus campus y de responder al deseo de un acercamiento m\u00e1s espiritual a la vida universitaria. Sus miembros incluyen estudiantes, profesores y ex alumnos que regularmente se re\u00fanen para hablar sobre Ciencia Cristiana, compartir testimonios de sanaciones y orar sobre problemas en el campus.<\/p>\n<p>&nbsp;<\/p>\n<p><strong>\u00bf Qu\u00e9 pueden hacer las CSOs para ayudar?<\/strong><\/p>\n<p>No hay l\u00edmites para lo que las CSOs pueden hacer para satisfacer las necesidades de su comunidad universitaria, y cada una de ellas realiza esto a su manera. Para que se forme una idea de la diversidad y extensi\u00f3n del trabajo de las CSOs, a continuaci\u00f3n le presentamos una lista de algunas de las actividades que las CSOs est\u00e1n organizando actualmente:<\/p>\n<ul>\n<li>Mesas de informaci\u00f3n en ferias de bienestar para compartir art\u00edculos de sanaciones y copias de <em>Ciencia y Salud.<\/em><\/li>\n<li>Reuniones informales con discusiones, intercambio de ideas y testimonios.<\/li>\n<li>Conferencias regionales.<\/li>\n<li>Discusiones interreligiosas con conferenciantes de la Ciencia Cristiana y l\u00edderes de otras denominaciones religiosas.<\/li>\n<li>Conferencias sobre Ciencia Cristiana en clases de f\u00edsica, historia de la mujer, religi\u00f3n, y en carreras de medicina.<\/li>\n<\/ul>\n<p>&nbsp;<\/p>\n<p><strong>\u00bfHay alguna CSO en el \u00e1rea de Houston? <\/strong><\/p>\n<p>Actualmente, la Universidad de Houston tiene una sala en el Centro de Religi\u00f3n de A.D. Bruce que se utiliza para actividades de la Ciencia Cristiana. Hay un n\u00famero de estudiantes de la Ciencia Cristiana en el campus principal, y el objetivo es tener una Organizaci\u00f3n de Ciencia Cristiana oficial en el campus dentro de un futuro pr\u00f3ximo.<\/p>\n<p><span style=\"font-weight: 400\"><a href=\"http:\/\/www.uh.edu\/maps\/buildings\/?short_name=adb\">Mapa del centro religioso A.D. Bruce<\/a><\/span><\/p>\n<p><span style=\"font-weight: 400\"><a href=\"http:\/\/www.uh.edu\/adbruce\/index.html\">P\u00e1gina de inicio del centro religioso A.D.Bruce<\/a><\/span><\/p>\n<p>&nbsp;<\/p>\n<p><strong>\u00bfCu\u00e1les son nuestros horarios?<\/strong><\/p>\n<p>La sala de la Ciencia Cristiana ubicada en el Centro Religioso A.D. Bruce est\u00e1 actualmente abierta los lunes y martes de 8:00 a 15:00hrs. y los mi\u00e9rcoles de 8:00 a 14:00hrs.<\/p>","protected":false},"excerpt":{"rendered":"<p>\u00bfQu\u00e9 es una Organizaci\u00f3n de la Ciencia Cristiana (o CSO)? Cada CSO (por sus siglas en ingl\u00e9s) es \u00fanica. Pero todas est\u00e1n conectadas por su deseo de compartir la Ciencia Cristiana con sus campus y de responder al deseo de un acercamiento m\u00e1s espiritual a la vida universitaria. Sus miembros incluyen estudiantes, profesores y ex [&hellip;]<\/p>\n","protected":false},"author":1,"featured_media":0,"parent":35,"menu_order":2,"comment_status":"closed","ping_status":"open","template":"","meta":{"_monsterinsights_skip_tracking":false,"_monsterinsights_sitenote_active":false,"_monsterinsights_sitenote_note":"","_monsterinsights_sitenote_category":0,"jetpack_post_was_ever_published":false,"_vp_format_video_url":"","_vp_image_focal_point":[],"footnotes":""},"class_list":["post-74","page","type-page","status-publish","hentry"],"yoast_head":"<!-- This site is optimized with the Yoast SEO plugin v27.3 - https:\/\/yoast.com\/product\/yoast-seo-wordpress\/ -->\n<title>Organizaciones de la Ciencia Cristiana - Christian Science Houston Area<\/title>\n<meta name=\"robots\" content=\"index, follow, max-snippet:-1, max-image-preview:large, max-video-preview:-1\" \/>\n<link rel=\"canonical\" href=\"https:\/\/christianscienceheals.com\/es\/about-us\/college-organizations\/\" \/>\n<meta property=\"og:locale\" content=\"es_ES\" \/>\n<meta property=\"og:type\" content=\"article\" \/>\n<meta property=\"og:title\" content=\"Organizaciones de la Ciencia Cristiana - Christian Science Houston Area\" \/>\n<meta property=\"og:description\" content=\"\u00bfQu\u00e9 es una Organizaci\u00f3n de la Ciencia Cristiana (o CSO)? Cada CSO (por sus siglas en ingl\u00e9s) es \u00fanica. Pero todas est\u00e1n conectadas por su deseo de compartir la Ciencia Cristiana con sus campus y de responder al deseo de un acercamiento m\u00e1s espiritual a la vida universitaria. Sus miembros incluyen estudiantes, profesores y ex [&hellip;]\" \/>\n<meta property=\"og:url\" content=\"https:\/\/christianscienceheals.com\/es\/about-us\/college-organizations\/\" \/>\n<meta property=\"og:site_name\" content=\"Christian Science Houston Area\" \/>\n<meta property=\"article:publisher\" content=\"https:\/\/www.facebook.com\/christianscienceheals\/\" \/>\n<meta property=\"article:modified_time\" content=\"2019-04-11T14:39:16+00:00\" \/>\n<meta property=\"og:image\" content=\"https:\/\/i0.wp.com\/christianscienceheals.com\/files\/2022\/11\/Find_a_Houston_church.jpg?fit=2000%2C800&ssl=1\" \/>\n\t<meta property=\"og:image:width\" content=\"2000\" \/>\n\t<meta property=\"og:image:height\" content=\"800\" \/>\n\t<meta property=\"og:image:type\" content=\"image\/jpeg\" \/>\n<meta name=\"twitter:card\" content=\"summary_large_image\" \/>\n<meta name=\"twitter:site\" content=\"@cs_heals\" \/>\n<meta name=\"twitter:label1\" content=\"Tiempo de lectura\" \/>\n\t<meta name=\"twitter:data1\" content=\"3 minutos\" \/>\n<script type=\"application\/ld+json\" class=\"yoast-schema-graph\">{\"@context\":\"https:\\\/\\\/schema.org\",\"@graph\":[{\"@type\":\"WebPage\",\"@id\":\"https:\\\/\\\/christianscienceheals.com\\\/es\\\/about-us\\\/college-organizations\\\/\",\"url\":\"https:\\\/\\\/christianscienceheals.com\\\/es\\\/about-us\\\/college-organizations\\\/\",\"name\":\"Organizaciones de la Ciencia Cristiana - Christian Science Houston Area\",\"isPartOf\":{\"@id\":\"https:\\\/\\\/christianscienceheals.com\\\/es\\\/#website\"},\"datePublished\":\"2015-08-12T02:51:14+00:00\",\"dateModified\":\"2019-04-11T14:39:16+00:00\",\"breadcrumb\":{\"@id\":\"https:\\\/\\\/christianscienceheals.com\\\/es\\\/about-us\\\/college-organizations\\\/#breadcrumb\"},\"inLanguage\":\"es\",\"potentialAction\":[{\"@type\":\"ReadAction\",\"target\":[[\"https:\\\/\\\/christianscienceheals.com\\\/es\\\/about-us\\\/college-organizations\\\/\"]]}]},{\"@type\":\"BreadcrumbList\",\"@id\":\"https:\\\/\\\/christianscienceheals.com\\\/es\\\/about-us\\\/college-organizations\\\/#breadcrumb\",\"itemListElement\":[{\"@type\":\"ListItem\",\"position\":1,\"name\":\"Home\",\"item\":\"https:\\\/\\\/christianscienceheals.com\\\/es\\\/\"},{\"@type\":\"ListItem\",\"position\":2,\"name\":\"Acerca de Nosotros\",\"item\":\"https:\\\/\\\/christianscienceheals.com\\\/es\\\/about-us\\\/\"},{\"@type\":\"ListItem\",\"position\":3,\"name\":\"Organizaciones de la Ciencia Cristiana\"}]},{\"@type\":\"WebSite\",\"@id\":\"https:\\\/\\\/christianscienceheals.com\\\/es\\\/#website\",\"url\":\"https:\\\/\\\/christianscienceheals.com\\\/es\\\/\",\"name\":\"Christian Science Houston Area\",\"description\":\"Christian Science Churches and Resources in the Houston Texas Area\",\"publisher\":{\"@id\":\"https:\\\/\\\/christianscienceheals.com\\\/es\\\/#organization\"},\"potentialAction\":[{\"@type\":\"SearchAction\",\"target\":{\"@type\":\"EntryPoint\",\"urlTemplate\":\"https:\\\/\\\/christianscienceheals.com\\\/es\\\/?s={search_term_string}\"},\"query-input\":{\"@type\":\"PropertyValueSpecification\",\"valueRequired\":true,\"valueName\":\"search_term_string\"}}],\"inLanguage\":\"es\"},{\"@type\":\"Organization\",\"@id\":\"https:\\\/\\\/christianscienceheals.com\\\/es\\\/#organization\",\"name\":\"Christian Science Houston Area\",\"url\":\"https:\\\/\\\/christianscienceheals.com\\\/es\\\/\",\"logo\":{\"@type\":\"ImageObject\",\"inLanguage\":\"es\",\"@id\":\"https:\\\/\\\/christianscienceheals.com\\\/es\\\/#\\\/schema\\\/logo\\\/image\\\/\",\"url\":\"https:\\\/\\\/i0.wp.com\\\/christianscienceheals.com\\\/files\\\/2018\\\/02\\\/HOUCOM_logo_with_starburst.png?fit=1024%2C1024&ssl=1\",\"contentUrl\":\"https:\\\/\\\/i0.wp.com\\\/christianscienceheals.com\\\/files\\\/2018\\\/02\\\/HOUCOM_logo_with_starburst.png?fit=1024%2C1024&ssl=1\",\"width\":1024,\"height\":1024,\"caption\":\"Christian Science Houston Area\"},\"image\":{\"@id\":\"https:\\\/\\\/christianscienceheals.com\\\/es\\\/#\\\/schema\\\/logo\\\/image\\\/\"},\"sameAs\":[\"https:\\\/\\\/www.facebook.com\\\/christianscienceheals\\\/\",\"https:\\\/\\\/x.com\\\/cs_heals\",\"https:\\\/\\\/www.instagram.com\\\/christianscienceheals\\\/\"]}]}<\/script>\n<!-- \/ Yoast SEO plugin. -->","yoast_head_json":{"title":"Organizaciones de la Ciencia Cristiana - Christian Science Houston Area","robots":{"index":"index","follow":"follow","max-snippet":"max-snippet:-1","max-image-preview":"max-image-preview:large","max-video-preview":"max-video-preview:-1"},"canonical":"https:\/\/christianscienceheals.com\/es\/about-us\/college-organizations\/","og_locale":"es_ES","og_type":"article","og_title":"Organizaciones de la Ciencia Cristiana - Christian Science Houston Area","og_description":"\u00bfQu\u00e9 es una Organizaci\u00f3n de la Ciencia Cristiana (o CSO)? Cada CSO (por sus siglas en ingl\u00e9s) es \u00fanica. Pero todas est\u00e1n conectadas por su deseo de compartir la Ciencia Cristiana con sus campus y de responder al deseo de un acercamiento m\u00e1s espiritual a la vida universitaria. Sus miembros incluyen estudiantes, profesores y ex [&hellip;]","og_url":"https:\/\/christianscienceheals.com\/es\/about-us\/college-organizations\/","og_site_name":"Christian Science Houston Area","article_publisher":"https:\/\/www.facebook.com\/christianscienceheals\/","article_modified_time":"2019-04-11T14:39:16+00:00","og_image":[{"width":2000,"height":800,"url":"https:\/\/i0.wp.com\/christianscienceheals.com\/files\/2022\/11\/Find_a_Houston_church.jpg?fit=2000%2C800&ssl=1","type":"image\/jpeg"}],"twitter_card":"summary_large_image","twitter_site":"@cs_heals","twitter_misc":{"Tiempo de lectura":"3 minutos"},"schema":{"@context":"https:\/\/schema.org","@graph":[{"@type":"WebPage","@id":"https:\/\/christianscienceheals.com\/es\/about-us\/college-organizations\/","url":"https:\/\/christianscienceheals.com\/es\/about-us\/college-organizations\/","name":"Organizaciones de la Ciencia Cristiana - Christian Science Houston Area","isPartOf":{"@id":"https:\/\/christianscienceheals.com\/es\/#website"},"datePublished":"2015-08-12T02:51:14+00:00","dateModified":"2019-04-11T14:39:16+00:00","breadcrumb":{"@id":"https:\/\/christianscienceheals.com\/es\/about-us\/college-organizations\/#breadcrumb"},"inLanguage":"es","potentialAction":[{"@type":"ReadAction","target":[["https:\/\/christianscienceheals.com\/es\/about-us\/college-organizations\/"]]}]},{"@type":"BreadcrumbList","@id":"https:\/\/christianscienceheals.com\/es\/about-us\/college-organizations\/#breadcrumb","itemListElement":[{"@type":"ListItem","position":1,"name":"Home","item":"https:\/\/christianscienceheals.com\/es\/"},{"@type":"ListItem","position":2,"name":"Acerca de Nosotros","item":"https:\/\/christianscienceheals.com\/es\/about-us\/"},{"@type":"ListItem","position":3,"name":"Organizaciones de la Ciencia Cristiana"}]},{"@type":"WebSite","@id":"https:\/\/christianscienceheals.com\/es\/#website","url":"https:\/\/christianscienceheals.com\/es\/","name":"Christian Science Houston Area","description":"Christian Science Churches and Resources in the Houston Texas Area","publisher":{"@id":"https:\/\/christianscienceheals.com\/es\/#organization"},"potentialAction":[{"@type":"SearchAction","target":{"@type":"EntryPoint","urlTemplate":"https:\/\/christianscienceheals.com\/es\/?s={search_term_string}"},"query-input":{"@type":"PropertyValueSpecification","valueRequired":true,"valueName":"search_term_string"}}],"inLanguage":"es"},{"@type":"Organization","@id":"https:\/\/christianscienceheals.com\/es\/#organization","name":"Christian Science Houston Area","url":"https:\/\/christianscienceheals.com\/es\/","logo":{"@type":"ImageObject","inLanguage":"es","@id":"https:\/\/christianscienceheals.com\/es\/#\/schema\/logo\/image\/","url":"https:\/\/i0.wp.com\/christianscienceheals.com\/files\/2018\/02\/HOUCOM_logo_with_starburst.png?fit=1024%2C1024&ssl=1","contentUrl":"https:\/\/i0.wp.com\/christianscienceheals.com\/files\/2018\/02\/HOUCOM_logo_with_starburst.png?fit=1024%2C1024&ssl=1","width":1024,"height":1024,"caption":"Christian Science Houston Area"},"image":{"@id":"https:\/\/christianscienceheals.com\/es\/#\/schema\/logo\/image\/"},"sameAs":["https:\/\/www.facebook.com\/christianscienceheals\/","https:\/\/x.com\/cs_heals","https:\/\/www.instagram.com\/christianscienceheals\/"]}]}},"jetpack_sharing_enabled":true,"jetpack_shortlink":"https:\/\/wp.me\/P6OyHU-1c","_links":{"self":[{"href":"https:\/\/christianscienceheals.com\/es\/wp-json\/wp\/v2\/pages\/74","targetHints":{"allow":["GET"]}}],"collection":[{"href":"https:\/\/christianscienceheals.com\/es\/wp-json\/wp\/v2\/pages"}],"about":[{"href":"https:\/\/christianscienceheals.com\/es\/wp-json\/wp\/v2\/types\/page"}],"author":[{"embeddable":true,"href":"https:\/\/christianscienceheals.com\/es\/wp-json\/wp\/v2\/users\/1"}],"replies":[{"embeddable":true,"href":"https:\/\/christianscienceheals.com\/es\/wp-json\/wp\/v2\/comments?post=74"}],"version-history":[{"count":10,"href":"https:\/\/christianscienceheals.com\/es\/wp-json\/wp\/v2\/pages\/74\/revisions"}],"predecessor-version":[{"id":4123,"href":"https:\/\/christianscienceheals.com\/es\/wp-json\/wp\/v2\/pages\/74\/revisions\/4123"}],"up":[{"embeddable":true,"href":"https:\/\/christianscienceheals.com\/es\/wp-json\/wp\/v2\/pages\/35"}],"wp:attachment":[{"href":"https:\/\/christianscienceheals.com\/es\/wp-json\/wp\/v2\/media?parent=74"}],"curies":[{"name":"wp","href":"https:\/\/api.w.org\/{rel}","templated":true}]}}