{"id":72,"date":"2015-08-11T21:49:59","date_gmt":"2015-08-12T02:49:59","guid":{"rendered":"http:\/\/christianscienceheals.com\/?page_id=72"},"modified":"2024-09-10T10:51:52","modified_gmt":"2024-09-10T15:51:52","slug":"committees-on-publication","status":"publish","type":"page","link":"https:\/\/christianscienceheals.com\/es\/about-us\/committees-on-publication\/","title":{"rendered":"Comit\u00e9s de Publicaci\u00f3n de la Ciencia Cristiana"},"content":{"rendered":"<p><strong>\u00bfQu\u00e9 son los Comit\u00e9s de Publicaci\u00f3n de la Ciencia Cristiana?<\/strong><\/p>\n<p>La misi\u00f3n de los Comit\u00e9s de Publicaci\u00f3n es involucrarse con los miembros de los medios de comunicaci\u00f3n, con legisladores y con el p\u00fablico para proporcionar una correcta comprensi\u00f3n de la Ciencia Cristiana. Los Comit\u00e9s de Publicaci\u00f3n son conformados por Cient\u00edficos Cristianos de todo el mundo que han sido designados para reunirse con departamentos del poder ejecutivo, del congreso y de entes reguladoras para corregir conceptos errados sobre la Ciencia Cristiana y ayudar a proporcionar informaci\u00f3n fidedigna. Los Comit\u00e9s de Publicaci\u00f3n tambi\u00e9n siguen los avances en planes de seguros y en el cuidado de la salud. As\u00ed mismo, trabajan para asegurar que los servicios espirituales de salud y el acceso a ellos no se vean afectados negativamente por ninguna ley.<\/p>\n<p><strong>\u00bfHay un Comit\u00e9 de Publicaci\u00f3n de la Ciencia Cristiana para Texas?<\/strong><\/p>\n<p><span style=\"font-weight: 400\"><br \/>\n<\/span><span style=\"font-weight: 400\">George Nutwell III, CS<\/span><\/p>\n<p><a href=\"mailto:Texas@compub.org\"><span style=\"font-weight: 400\">Texas@compub.org<\/span><\/a> <span style=\"font-weight: 400\"><br \/>\n<\/span><span style=\"font-weight: 400\">281-386-4546<\/span><\/p>\n<p>&nbsp;<\/p>\n<p><strong>Blog del Comit\u00e9 de Publicaci\u00f3n de la Ciencia Cristiana para Texas:<\/strong><\/p>\n<p><a href=\"http:\/\/blogs.chron.com\/healingnow\">blogs.chron.com\/healingnow<\/a><\/p>","protected":false},"excerpt":{"rendered":"<p>\u00bfQu\u00e9 son los Comit\u00e9s de Publicaci\u00f3n de la Ciencia Cristiana? La misi\u00f3n de los Comit\u00e9s de Publicaci\u00f3n es involucrarse con los miembros de los medios de comunicaci\u00f3n, con legisladores y con el p\u00fablico para proporcionar una correcta comprensi\u00f3n de la Ciencia Cristiana. Los Comit\u00e9s de Publicaci\u00f3n son conformados por Cient\u00edficos Cristianos de todo el mundo [&hellip;]<\/p>\n","protected":false},"author":1,"featured_media":0,"parent":35,"menu_order":7,"comment_status":"closed","ping_status":"open","template":"","meta":{"_monsterinsights_skip_tracking":false,"_monsterinsights_sitenote_active":false,"_monsterinsights_sitenote_note":"","_monsterinsights_sitenote_category":0,"jetpack_post_was_ever_published":false,"_vp_format_video_url":"","_vp_image_focal_point":[],"footnotes":""},"class_list":["post-72","page","type-page","status-publish","hentry"],"yoast_head":"<!-- This site is optimized with the Yoast SEO plugin v27.4 - https:\/\/yoast.com\/product\/yoast-seo-wordpress\/ -->\n<title>Comit\u00e9s de Publicaci\u00f3n de la Ciencia Cristiana - Christian Science Houston Area<\/title>\n<meta name=\"robots\" content=\"index, follow, max-snippet:-1, max-image-preview:large, max-video-preview:-1\" \/>\n<link rel=\"canonical\" href=\"https:\/\/christianscienceheals.com\/es\/about-us\/committees-on-publication\/\" \/>\n<meta property=\"og:locale\" content=\"es_ES\" \/>\n<meta property=\"og:type\" content=\"article\" \/>\n<meta property=\"og:title\" content=\"Comit\u00e9s de Publicaci\u00f3n de la Ciencia Cristiana - Christian Science Houston Area\" \/>\n<meta property=\"og:description\" content=\"\u00bfQu\u00e9 son los Comit\u00e9s de Publicaci\u00f3n de la Ciencia Cristiana? La misi\u00f3n de los Comit\u00e9s de Publicaci\u00f3n es involucrarse con los miembros de los medios de comunicaci\u00f3n, con legisladores y con el p\u00fablico para proporcionar una correcta comprensi\u00f3n de la Ciencia Cristiana. Los Comit\u00e9s de Publicaci\u00f3n son conformados por Cient\u00edficos Cristianos de todo el mundo [&hellip;]\" \/>\n<meta property=\"og:url\" content=\"https:\/\/christianscienceheals.com\/es\/about-us\/committees-on-publication\/\" \/>\n<meta property=\"og:site_name\" content=\"Christian Science Houston Area\" \/>\n<meta property=\"article:publisher\" content=\"https:\/\/www.facebook.com\/christianscienceheals\/\" \/>\n<meta property=\"article:modified_time\" content=\"2024-09-10T15:51:52+00:00\" \/>\n<meta property=\"og:image\" content=\"https:\/\/i0.wp.com\/christianscienceheals.com\/files\/2022\/11\/Find_a_Houston_church.jpg?fit=2000%2C800&ssl=1\" \/>\n\t<meta property=\"og:image:width\" content=\"2000\" \/>\n\t<meta property=\"og:image:height\" content=\"800\" \/>\n\t<meta property=\"og:image:type\" content=\"image\/jpeg\" \/>\n<meta name=\"twitter:card\" content=\"summary_large_image\" \/>\n<meta name=\"twitter:site\" content=\"@cs_heals\" \/>\n<meta name=\"twitter:label1\" content=\"Tiempo de lectura\" \/>\n\t<meta name=\"twitter:data1\" content=\"1 minuto\" \/>\n<script type=\"application\/ld+json\" class=\"yoast-schema-graph\">{\"@context\":\"https:\\\/\\\/schema.org\",\"@graph\":[{\"@type\":\"WebPage\",\"@id\":\"https:\\\/\\\/christianscienceheals.com\\\/es\\\/about-us\\\/committees-on-publication\\\/\",\"url\":\"https:\\\/\\\/christianscienceheals.com\\\/es\\\/about-us\\\/committees-on-publication\\\/\",\"name\":\"Comit\u00e9s de Publicaci\u00f3n de la Ciencia Cristiana - Christian Science Houston Area\",\"isPartOf\":{\"@id\":\"https:\\\/\\\/christianscienceheals.com\\\/es\\\/#website\"},\"datePublished\":\"2015-08-12T02:49:59+00:00\",\"dateModified\":\"2024-09-10T15:51:52+00:00\",\"breadcrumb\":{\"@id\":\"https:\\\/\\\/christianscienceheals.com\\\/es\\\/about-us\\\/committees-on-publication\\\/#breadcrumb\"},\"inLanguage\":\"es\",\"potentialAction\":[{\"@type\":\"ReadAction\",\"target\":[[\"https:\\\/\\\/christianscienceheals.com\\\/es\\\/about-us\\\/committees-on-publication\\\/\"]]}]},{\"@type\":\"BreadcrumbList\",\"@id\":\"https:\\\/\\\/christianscienceheals.com\\\/es\\\/about-us\\\/committees-on-publication\\\/#breadcrumb\",\"itemListElement\":[{\"@type\":\"ListItem\",\"position\":1,\"name\":\"Home\",\"item\":\"https:\\\/\\\/christianscienceheals.com\\\/es\\\/\"},{\"@type\":\"ListItem\",\"position\":2,\"name\":\"Acerca de Nosotros\",\"item\":\"https:\\\/\\\/christianscienceheals.com\\\/es\\\/about-us\\\/\"},{\"@type\":\"ListItem\",\"position\":3,\"name\":\"Comit\u00e9s de Publicaci\u00f3n de la Ciencia Cristiana\"}]},{\"@type\":\"WebSite\",\"@id\":\"https:\\\/\\\/christianscienceheals.com\\\/es\\\/#website\",\"url\":\"https:\\\/\\\/christianscienceheals.com\\\/es\\\/\",\"name\":\"Christian Science Houston Area\",\"description\":\"Christian Science Churches and Resources in the Houston Texas Area\",\"publisher\":{\"@id\":\"https:\\\/\\\/christianscienceheals.com\\\/es\\\/#organization\"},\"potentialAction\":[{\"@type\":\"SearchAction\",\"target\":{\"@type\":\"EntryPoint\",\"urlTemplate\":\"https:\\\/\\\/christianscienceheals.com\\\/es\\\/?s={search_term_string}\"},\"query-input\":{\"@type\":\"PropertyValueSpecification\",\"valueRequired\":true,\"valueName\":\"search_term_string\"}}],\"inLanguage\":\"es\"},{\"@type\":\"Organization\",\"@id\":\"https:\\\/\\\/christianscienceheals.com\\\/es\\\/#organization\",\"name\":\"Christian Science Houston Area\",\"url\":\"https:\\\/\\\/christianscienceheals.com\\\/es\\\/\",\"logo\":{\"@type\":\"ImageObject\",\"inLanguage\":\"es\",\"@id\":\"https:\\\/\\\/christianscienceheals.com\\\/es\\\/#\\\/schema\\\/logo\\\/image\\\/\",\"url\":\"https:\\\/\\\/i0.wp.com\\\/christianscienceheals.com\\\/files\\\/2018\\\/02\\\/HOUCOM_logo_with_starburst.png?fit=1024%2C1024&ssl=1\",\"contentUrl\":\"https:\\\/\\\/i0.wp.com\\\/christianscienceheals.com\\\/files\\\/2018\\\/02\\\/HOUCOM_logo_with_starburst.png?fit=1024%2C1024&ssl=1\",\"width\":1024,\"height\":1024,\"caption\":\"Christian Science Houston Area\"},\"image\":{\"@id\":\"https:\\\/\\\/christianscienceheals.com\\\/es\\\/#\\\/schema\\\/logo\\\/image\\\/\"},\"sameAs\":[\"https:\\\/\\\/www.facebook.com\\\/christianscienceheals\\\/\",\"https:\\\/\\\/x.com\\\/cs_heals\",\"https:\\\/\\\/www.instagram.com\\\/christianscienceheals\\\/\"]}]}<\/script>\n<!-- \/ Yoast SEO plugin. -->","yoast_head_json":{"title":"Comit\u00e9s de Publicaci\u00f3n de la Ciencia Cristiana - Christian Science Houston Area","robots":{"index":"index","follow":"follow","max-snippet":"max-snippet:-1","max-image-preview":"max-image-preview:large","max-video-preview":"max-video-preview:-1"},"canonical":"https:\/\/christianscienceheals.com\/es\/about-us\/committees-on-publication\/","og_locale":"es_ES","og_type":"article","og_title":"Comit\u00e9s de Publicaci\u00f3n de la Ciencia Cristiana - Christian Science Houston Area","og_description":"\u00bfQu\u00e9 son los Comit\u00e9s de Publicaci\u00f3n de la Ciencia Cristiana? La misi\u00f3n de los Comit\u00e9s de Publicaci\u00f3n es involucrarse con los miembros de los medios de comunicaci\u00f3n, con legisladores y con el p\u00fablico para proporcionar una correcta comprensi\u00f3n de la Ciencia Cristiana. Los Comit\u00e9s de Publicaci\u00f3n son conformados por Cient\u00edficos Cristianos de todo el mundo [&hellip;]","og_url":"https:\/\/christianscienceheals.com\/es\/about-us\/committees-on-publication\/","og_site_name":"Christian Science Houston Area","article_publisher":"https:\/\/www.facebook.com\/christianscienceheals\/","article_modified_time":"2024-09-10T15:51:52+00:00","og_image":[{"width":2000,"height":800,"url":"https:\/\/i0.wp.com\/christianscienceheals.com\/files\/2022\/11\/Find_a_Houston_church.jpg?fit=2000%2C800&ssl=1","type":"image\/jpeg"}],"twitter_card":"summary_large_image","twitter_site":"@cs_heals","twitter_misc":{"Tiempo de lectura":"1 minuto"},"schema":{"@context":"https:\/\/schema.org","@graph":[{"@type":"WebPage","@id":"https:\/\/christianscienceheals.com\/es\/about-us\/committees-on-publication\/","url":"https:\/\/christianscienceheals.com\/es\/about-us\/committees-on-publication\/","name":"Comit\u00e9s de Publicaci\u00f3n de la Ciencia Cristiana - Christian Science Houston Area","isPartOf":{"@id":"https:\/\/christianscienceheals.com\/es\/#website"},"datePublished":"2015-08-12T02:49:59+00:00","dateModified":"2024-09-10T15:51:52+00:00","breadcrumb":{"@id":"https:\/\/christianscienceheals.com\/es\/about-us\/committees-on-publication\/#breadcrumb"},"inLanguage":"es","potentialAction":[{"@type":"ReadAction","target":[["https:\/\/christianscienceheals.com\/es\/about-us\/committees-on-publication\/"]]}]},{"@type":"BreadcrumbList","@id":"https:\/\/christianscienceheals.com\/es\/about-us\/committees-on-publication\/#breadcrumb","itemListElement":[{"@type":"ListItem","position":1,"name":"Home","item":"https:\/\/christianscienceheals.com\/es\/"},{"@type":"ListItem","position":2,"name":"Acerca de Nosotros","item":"https:\/\/christianscienceheals.com\/es\/about-us\/"},{"@type":"ListItem","position":3,"name":"Comit\u00e9s de Publicaci\u00f3n de la Ciencia Cristiana"}]},{"@type":"WebSite","@id":"https:\/\/christianscienceheals.com\/es\/#website","url":"https:\/\/christianscienceheals.com\/es\/","name":"Christian Science Houston Area","description":"Christian Science Churches and Resources in the Houston Texas Area","publisher":{"@id":"https:\/\/christianscienceheals.com\/es\/#organization"},"potentialAction":[{"@type":"SearchAction","target":{"@type":"EntryPoint","urlTemplate":"https:\/\/christianscienceheals.com\/es\/?s={search_term_string}"},"query-input":{"@type":"PropertyValueSpecification","valueRequired":true,"valueName":"search_term_string"}}],"inLanguage":"es"},{"@type":"Organization","@id":"https:\/\/christianscienceheals.com\/es\/#organization","name":"Christian Science Houston Area","url":"https:\/\/christianscienceheals.com\/es\/","logo":{"@type":"ImageObject","inLanguage":"es","@id":"https:\/\/christianscienceheals.com\/es\/#\/schema\/logo\/image\/","url":"https:\/\/i0.wp.com\/christianscienceheals.com\/files\/2018\/02\/HOUCOM_logo_with_starburst.png?fit=1024%2C1024&ssl=1","contentUrl":"https:\/\/i0.wp.com\/christianscienceheals.com\/files\/2018\/02\/HOUCOM_logo_with_starburst.png?fit=1024%2C1024&ssl=1","width":1024,"height":1024,"caption":"Christian Science Houston Area"},"image":{"@id":"https:\/\/christianscienceheals.com\/es\/#\/schema\/logo\/image\/"},"sameAs":["https:\/\/www.facebook.com\/christianscienceheals\/","https:\/\/x.com\/cs_heals","https:\/\/www.instagram.com\/christianscienceheals\/"]}]}},"jetpack_sharing_enabled":true,"jetpack_shortlink":"https:\/\/wp.me\/P6OyHU-1a","_links":{"self":[{"href":"https:\/\/christianscienceheals.com\/es\/wp-json\/wp\/v2\/pages\/72","targetHints":{"allow":["GET"]}}],"collection":[{"href":"https:\/\/christianscienceheals.com\/es\/wp-json\/wp\/v2\/pages"}],"about":[{"href":"https:\/\/christianscienceheals.com\/es\/wp-json\/wp\/v2\/types\/page"}],"author":[{"embeddable":true,"href":"https:\/\/christianscienceheals.com\/es\/wp-json\/wp\/v2\/users\/1"}],"replies":[{"embeddable":true,"href":"https:\/\/christianscienceheals.com\/es\/wp-json\/wp\/v2\/comments?post=72"}],"version-history":[{"count":13,"href":"https:\/\/christianscienceheals.com\/es\/wp-json\/wp\/v2\/pages\/72\/revisions"}],"predecessor-version":[{"id":8672,"href":"https:\/\/christianscienceheals.com\/es\/wp-json\/wp\/v2\/pages\/72\/revisions\/8672"}],"up":[{"embeddable":true,"href":"https:\/\/christianscienceheals.com\/es\/wp-json\/wp\/v2\/pages\/35"}],"wp:attachment":[{"href":"https:\/\/christianscienceheals.com\/es\/wp-json\/wp\/v2\/media?parent=72"}],"curies":[{"name":"wp","href":"https:\/\/api.w.org\/{rel}","templated":true}]}}