{"id":69,"date":"2015-08-11T21:53:41","date_gmt":"2015-08-12T02:53:41","guid":{"rendered":"http:\/\/christianscienceheals.com\/?page_id=69"},"modified":"2022-06-09T15:58:25","modified_gmt":"2022-06-09T20:58:25","slug":"camps","status":"publish","type":"page","link":"https:\/\/christianscienceheals.com\/es\/youth\/camps\/","title":{"rendered":"Campamentos"},"content":{"rendered":"<p>Usted ha encontrado el camino a la p\u00e1gina de \u00abAterrizaje\u00bb a los Campamentos en su viaje para conectarse con inspiradoras actividades sociales, recreativas, educativas, de liderazgo y de servicio para Cient\u00edficos Cristianos y sus amigos.<\/p>\n<p>Esta p\u00e1gina y los enlaces relacionados a continuaci\u00f3n lo ayudar\u00e1n a elegir el campamento adecuado para una experiencia que nutrir\u00e1 su crecimiento espiritual en un ambiente propicio para aprender y practicar las leyes cristianas de sanaci\u00f3n que Jes\u00fas revel\u00f3 al mundo.<\/p>\n<p><span style=\"font-weight: 400\">Por favor cont\u00e1ctenos al 855-544-HEAL en caso de necesitar ayuda despu\u00e9s de hacer clic en los enlaces a continuaci\u00f3n para explorar estos seis campamentos de la Ciencia Cristiana:<\/span><\/p>\n<ul>\n<li style=\"font-weight: 400\"><a href=\"http:\/\/www.adventureunlimited.org\/\"><span style=\"font-weight: 400\">Adventure Unlimited<\/span><\/a><\/li>\n<li style=\"font-weight: 400\"><a href=\"http:\/\/www.bowisle.ca\/\"><span style=\"font-weight: 400\">Camp Bow-Isle<\/span><\/a><\/li>\n<li style=\"font-weight: 400\"><a href=\"http:\/\/www.newfound-owatonna.com\/\"><span style=\"font-weight: 400\">Camp Newfound\/Owatana <\/span><\/a><\/li>\n<li style=\"font-weight: 400\"><a href=\"http:\/\/www.leelanau-kohahna.org\/\"><span style=\"font-weight: 400\">Camps Leelanau &amp; Kohahna<\/span><\/a><\/li>\n<li style=\"font-weight: 400\"><a href=\"http:\/\/www.cedarscamps.org\/cedars\/\"><span style=\"font-weight: 400\">CedarS Camps<\/span><\/a><\/li>\n<li style=\"font-weight: 400\"><span style=\"font-weight: 400\"><a href=\"http:\/\/www.crystallakecamps.org\/\">Crystal Lake Camps<\/a><\/span><\/li>\n<\/ul>\n<p><b>Los campamentos de la Ciencia Cristiana tienen\u00a0gran importancia<\/b><\/p>\n<p>\u00bfCu\u00e1l es la importancia del aire libre y, a\u00fan m\u00e1s espec\u00edficamente, la importancia de los campamentos? \u00bfPor qu\u00e9 ir a uno? \u00bfNo hay nada m\u00e1s que hacer en este mundo ocupado que gastar dinero y tiempo en ir a un campamento? \u00a1No! Y \u00e9ste es el porqu\u00e9&#8230;<\/p>\n<p>Los d\u00edas que mis hermanos y yo pasamos en el campamento de verano de la Ciencia Cristiana formaron en gran medida qui\u00e9nes somos hoy. Las experiencias que tuvimos en el campamento fueron transformadoras porque nos llevaron al ingenio, al descubrimiento, al crecimiento y al desaf\u00edo, lo que finalmente nos ayud\u00f3 a desarrollar confianza, valent\u00eda y un claro sentido de identidad y fortaleza espiritual.<\/p>\n<p>El campamento permite a los ni\u00f1os desconectarse de la tecnolog\u00eda y conectarse con la naturaleza, con la gente y a\u00fan m\u00e1s importante, con Dios. \u00bfSab\u00eda usted que seg\u00fan un estudio realizado por la Fundaci\u00f3n de la Familia Kaiser en 2010, los j\u00f3venes de entre 8 y 18 a\u00f1os pasan un promedio de 7-8 horas al d\u00eda usando Smartphones, iPods, computadores port\u00e1tiles, videojuegos y televisores (m\u00e1s de 53 horas a la semana)? La mayor parte de ese tiempo se gasta utilizando varios de estos art\u00edculos a la vez (mandando mensajes de texto mientras se escucha m\u00fasica de un iPod y se navega por internet), lo que significa que las horas dedicadas a los medios de entretenimiento est\u00e1n m\u00e1s cerca de 11-12 horas al d\u00eda. La mayor\u00eda de los ni\u00f1os pueden identificar un letrero de McDonalds o Target, pero pocos pueden nombrar qu\u00e9 tipo de \u00e1rbol se encuentra justo fuera de la puerta de su casa. Una foto de una manzana ahora nos recuerda a Steve Jobs y a los computadores Mac, en vez de a una fruta deliciosa. El hacer ejercicio se traduce en jugar tenis con la consola Wii en lugar de salir a las canchas. Hoy los j\u00f3venes viven en un mundo virtual.<span style=\"font-weight: 400\"> \u00a0<\/span><\/p>\n<p>A diferencia de lo que promueve la locura de los medios de comunicaci\u00f3n, el campamento apoya una sensaci\u00f3n de asombro o exploraci\u00f3n genuinas, un desarrollo de habilidades, desaf\u00edos y triunfos. De esto proviene la confianza, la firmeza de car\u00e1cter y la independencia. En el campamento, los ni\u00f1os aprenden a construir relaciones y c\u00f3mo comunicarse cara a cara. Los campistas aprenden a pensar en los dem\u00e1s y no s\u00f3lo en s\u00ed mismos. En un nivel a\u00fan m\u00e1s profundo, las alegr\u00edas, los triunfos y los desaf\u00edos a los que se enfrentan en el campamento permiten a los campistas apoyarse en Dios. Ya sea la primera vez que un campista sube a la pared de escalada, a la cima del monte Washington, o nada 2 millas hasta Harrison, la confianza en Dios est\u00e1 en el centro de cada actividad. Despertar a la comprensi\u00f3n de que la verdadera identidad de uno es espiritual, intacta y segura es un resultado directo del crecimiento espiritual que tiene lugar en el campamento.<\/p>\n<p><span style=\"font-weight: 400\">\u201cSe debiera dejar que los ni\u00f1os sigan siendo ni\u00f1os en sus conocimientos, y ellos debieran llegar a ser hombres y mujeres s\u00f3lo a trav\u00e9s del crecimiento de su comprensi\u00f3n de la naturaleza superior del hombre\u201d. (<em>Ciencia y Salud con la Llave de las Escrituras<\/em><\/span><span style=\"font-weight: 400\"><em>, p. 62<\/em>)<\/span><\/p>\n<p>El campamento preserva y protege la ni\u00f1ez que era tan querida por Jes\u00fas y la Sra. Eddy. La semejanza a un ni\u00f1o es la pureza inherente del hombre y la claridad de su pensamiento. Es una confianza radical en Dios. Los ni\u00f1os tienen curaciones r\u00e1pidas porque son receptivos y llenos de confianza. Tienen un profundo sentido de la bondad en el mundo, el cual les dice que la bondad es natural y lo que se debe esperar. El campamento refuerza y \u200b\u200bfortalece esto ense\u00f1ando a los campistas a amar lo que es bueno, a hacer el bien y a defender el bien. Nuestro tema metaf\u00edsico para este verano es de Ciencia y Salud, p. 192:<\/p>\n<p><span style=\"font-weight: 400\">\u201cVuestra influencia para el bien depende del peso que ech\u00e9is en el platillo correcto de la balanza. El bien que hac\u00e9is e incorpor\u00e1is os da el \u00fanico poder obtenible\u201d.<\/span><\/p>\n<p>El establecer la vara\u00a0alta, el hacer el bien, el ser mejores, el poner lo principal en primer lugar y el aprender a ser hombres y mujeres \u00edntegros es de lo que se trata el campamento. Debido a que Dios, el Amor, est\u00e1 al frente de todo lo que hacemos, los campistas responden al mundo con bondad, equilibrio, superaci\u00f3n y curaci\u00f3n. Lo que los campistas y el personal del campamento aprenden durante el verano se va con ellos para proteger y fortalecer sus hogares y comunidades. Cada sanaci\u00f3n y cada logro promueven la formaci\u00f3n del car\u00e1cter. El resultado es que los campistas y el personal regresan a sus casas mentalmente, f\u00edsicamente y espiritualmente m\u00e1s fuertes. Se desconectan de la tecnolog\u00eda, salen a la naturaleza, exploran y crean, se desaf\u00edan a s\u00ed mismos y se convierten en pensadores. Cuando los campistas y el personal se acercan a Dios y descubren su verdadera identidad, sanan. Esa es la importancia del campamento. \u00a1No tiene precio!<\/p>\n<p><span style=\"font-weight: 400\">Por\u00a0Mary Villoch<\/span><\/p>","protected":false},"excerpt":{"rendered":"<p>Usted ha encontrado el camino a la p\u00e1gina de \u00abAterrizaje\u00bb a los Campamentos en su viaje para conectarse con inspiradoras actividades sociales, recreativas, educativas, de liderazgo y de servicio para Cient\u00edficos Cristianos y sus amigos. Esta p\u00e1gina y los enlaces relacionados a continuaci\u00f3n lo ayudar\u00e1n a elegir el campamento adecuado para una experiencia que nutrir\u00e1 [&hellip;]<\/p>\n","protected":false},"author":1,"featured_media":0,"parent":32,"menu_order":4,"comment_status":"closed","ping_status":"closed","template":"","meta":{"_monsterinsights_skip_tracking":false,"_monsterinsights_sitenote_active":false,"_monsterinsights_sitenote_note":"","_monsterinsights_sitenote_category":0,"jetpack_post_was_ever_published":false,"_vp_format_video_url":"","_vp_image_focal_point":[],"footnotes":""},"class_list":["post-69","page","type-page","status-publish","hentry"],"yoast_head":"<!-- This site is optimized with the Yoast SEO plugin v27.3 - https:\/\/yoast.com\/product\/yoast-seo-wordpress\/ -->\n<title>Campamentos - Christian Science Houston Area<\/title>\n<meta name=\"robots\" content=\"index, follow, max-snippet:-1, max-image-preview:large, max-video-preview:-1\" \/>\n<link rel=\"canonical\" href=\"https:\/\/christianscienceheals.com\/es\/youth\/camps\/\" \/>\n<meta property=\"og:locale\" content=\"es_ES\" \/>\n<meta property=\"og:type\" content=\"article\" \/>\n<meta property=\"og:title\" content=\"Campamentos - Christian Science Houston Area\" \/>\n<meta property=\"og:description\" content=\"Usted ha encontrado el camino a la p\u00e1gina de \u00abAterrizaje\u00bb a los Campamentos en su viaje para conectarse con inspiradoras actividades sociales, recreativas, educativas, de liderazgo y de servicio para Cient\u00edficos Cristianos y sus amigos. Esta p\u00e1gina y los enlaces relacionados a continuaci\u00f3n lo ayudar\u00e1n a elegir el campamento adecuado para una experiencia que nutrir\u00e1 [&hellip;]\" \/>\n<meta property=\"og:url\" content=\"https:\/\/christianscienceheals.com\/es\/youth\/camps\/\" \/>\n<meta property=\"og:site_name\" content=\"Christian Science Houston Area\" \/>\n<meta property=\"article:publisher\" content=\"https:\/\/www.facebook.com\/christianscienceheals\/\" \/>\n<meta property=\"article:modified_time\" content=\"2022-06-09T20:58:25+00:00\" \/>\n<meta property=\"og:image\" content=\"https:\/\/i0.wp.com\/christianscienceheals.com\/files\/2022\/11\/Find_a_Houston_church.jpg?fit=2000%2C800&ssl=1\" \/>\n\t<meta property=\"og:image:width\" content=\"2000\" \/>\n\t<meta property=\"og:image:height\" content=\"800\" \/>\n\t<meta property=\"og:image:type\" content=\"image\/jpeg\" \/>\n<meta name=\"twitter:card\" content=\"summary_large_image\" \/>\n<meta name=\"twitter:site\" content=\"@cs_heals\" \/>\n<meta name=\"twitter:label1\" content=\"Tiempo de lectura\" \/>\n\t<meta name=\"twitter:data1\" content=\"9 minutos\" \/>\n<script type=\"application\/ld+json\" class=\"yoast-schema-graph\">{\"@context\":\"https:\\\/\\\/schema.org\",\"@graph\":[{\"@type\":\"WebPage\",\"@id\":\"https:\\\/\\\/christianscienceheals.com\\\/es\\\/youth\\\/camps\\\/\",\"url\":\"https:\\\/\\\/christianscienceheals.com\\\/es\\\/youth\\\/camps\\\/\",\"name\":\"Campamentos - Christian Science Houston Area\",\"isPartOf\":{\"@id\":\"https:\\\/\\\/christianscienceheals.com\\\/es\\\/#website\"},\"datePublished\":\"2015-08-12T02:53:41+00:00\",\"dateModified\":\"2022-06-09T20:58:25+00:00\",\"breadcrumb\":{\"@id\":\"https:\\\/\\\/christianscienceheals.com\\\/es\\\/youth\\\/camps\\\/#breadcrumb\"},\"inLanguage\":\"es\",\"potentialAction\":[{\"@type\":\"ReadAction\",\"target\":[[\"https:\\\/\\\/christianscienceheals.com\\\/es\\\/youth\\\/camps\\\/\"]]}]},{\"@type\":\"BreadcrumbList\",\"@id\":\"https:\\\/\\\/christianscienceheals.com\\\/es\\\/youth\\\/camps\\\/#breadcrumb\",\"itemListElement\":[{\"@type\":\"ListItem\",\"position\":1,\"name\":\"Home\",\"item\":\"https:\\\/\\\/christianscienceheals.com\\\/es\\\/\"},{\"@type\":\"ListItem\",\"position\":2,\"name\":\"Juventud\",\"item\":\"https:\\\/\\\/christianscienceheals.com\\\/es\\\/youth\\\/\"},{\"@type\":\"ListItem\",\"position\":3,\"name\":\"Campamentos\"}]},{\"@type\":\"WebSite\",\"@id\":\"https:\\\/\\\/christianscienceheals.com\\\/es\\\/#website\",\"url\":\"https:\\\/\\\/christianscienceheals.com\\\/es\\\/\",\"name\":\"Christian Science Houston Area\",\"description\":\"Christian Science Churches and Resources in the Houston Texas Area\",\"publisher\":{\"@id\":\"https:\\\/\\\/christianscienceheals.com\\\/es\\\/#organization\"},\"potentialAction\":[{\"@type\":\"SearchAction\",\"target\":{\"@type\":\"EntryPoint\",\"urlTemplate\":\"https:\\\/\\\/christianscienceheals.com\\\/es\\\/?s={search_term_string}\"},\"query-input\":{\"@type\":\"PropertyValueSpecification\",\"valueRequired\":true,\"valueName\":\"search_term_string\"}}],\"inLanguage\":\"es\"},{\"@type\":\"Organization\",\"@id\":\"https:\\\/\\\/christianscienceheals.com\\\/es\\\/#organization\",\"name\":\"Christian Science Houston Area\",\"url\":\"https:\\\/\\\/christianscienceheals.com\\\/es\\\/\",\"logo\":{\"@type\":\"ImageObject\",\"inLanguage\":\"es\",\"@id\":\"https:\\\/\\\/christianscienceheals.com\\\/es\\\/#\\\/schema\\\/logo\\\/image\\\/\",\"url\":\"https:\\\/\\\/i0.wp.com\\\/christianscienceheals.com\\\/files\\\/2018\\\/02\\\/HOUCOM_logo_with_starburst.png?fit=1024%2C1024&ssl=1\",\"contentUrl\":\"https:\\\/\\\/i0.wp.com\\\/christianscienceheals.com\\\/files\\\/2018\\\/02\\\/HOUCOM_logo_with_starburst.png?fit=1024%2C1024&ssl=1\",\"width\":1024,\"height\":1024,\"caption\":\"Christian Science Houston Area\"},\"image\":{\"@id\":\"https:\\\/\\\/christianscienceheals.com\\\/es\\\/#\\\/schema\\\/logo\\\/image\\\/\"},\"sameAs\":[\"https:\\\/\\\/www.facebook.com\\\/christianscienceheals\\\/\",\"https:\\\/\\\/x.com\\\/cs_heals\",\"https:\\\/\\\/www.instagram.com\\\/christianscienceheals\\\/\"]}]}<\/script>\n<!-- \/ Yoast SEO plugin. -->","yoast_head_json":{"title":"Campamentos - Christian Science Houston Area","robots":{"index":"index","follow":"follow","max-snippet":"max-snippet:-1","max-image-preview":"max-image-preview:large","max-video-preview":"max-video-preview:-1"},"canonical":"https:\/\/christianscienceheals.com\/es\/youth\/camps\/","og_locale":"es_ES","og_type":"article","og_title":"Campamentos - Christian Science Houston Area","og_description":"Usted ha encontrado el camino a la p\u00e1gina de \u00abAterrizaje\u00bb a los Campamentos en su viaje para conectarse con inspiradoras actividades sociales, recreativas, educativas, de liderazgo y de servicio para Cient\u00edficos Cristianos y sus amigos. Esta p\u00e1gina y los enlaces relacionados a continuaci\u00f3n lo ayudar\u00e1n a elegir el campamento adecuado para una experiencia que nutrir\u00e1 [&hellip;]","og_url":"https:\/\/christianscienceheals.com\/es\/youth\/camps\/","og_site_name":"Christian Science Houston Area","article_publisher":"https:\/\/www.facebook.com\/christianscienceheals\/","article_modified_time":"2022-06-09T20:58:25+00:00","og_image":[{"width":2000,"height":800,"url":"https:\/\/i0.wp.com\/christianscienceheals.com\/files\/2022\/11\/Find_a_Houston_church.jpg?fit=2000%2C800&ssl=1","type":"image\/jpeg"}],"twitter_card":"summary_large_image","twitter_site":"@cs_heals","twitter_misc":{"Tiempo de lectura":"9 minutos"},"schema":{"@context":"https:\/\/schema.org","@graph":[{"@type":"WebPage","@id":"https:\/\/christianscienceheals.com\/es\/youth\/camps\/","url":"https:\/\/christianscienceheals.com\/es\/youth\/camps\/","name":"Campamentos - Christian Science Houston Area","isPartOf":{"@id":"https:\/\/christianscienceheals.com\/es\/#website"},"datePublished":"2015-08-12T02:53:41+00:00","dateModified":"2022-06-09T20:58:25+00:00","breadcrumb":{"@id":"https:\/\/christianscienceheals.com\/es\/youth\/camps\/#breadcrumb"},"inLanguage":"es","potentialAction":[{"@type":"ReadAction","target":[["https:\/\/christianscienceheals.com\/es\/youth\/camps\/"]]}]},{"@type":"BreadcrumbList","@id":"https:\/\/christianscienceheals.com\/es\/youth\/camps\/#breadcrumb","itemListElement":[{"@type":"ListItem","position":1,"name":"Home","item":"https:\/\/christianscienceheals.com\/es\/"},{"@type":"ListItem","position":2,"name":"Juventud","item":"https:\/\/christianscienceheals.com\/es\/youth\/"},{"@type":"ListItem","position":3,"name":"Campamentos"}]},{"@type":"WebSite","@id":"https:\/\/christianscienceheals.com\/es\/#website","url":"https:\/\/christianscienceheals.com\/es\/","name":"Christian Science Houston Area","description":"Christian Science Churches and Resources in the Houston Texas Area","publisher":{"@id":"https:\/\/christianscienceheals.com\/es\/#organization"},"potentialAction":[{"@type":"SearchAction","target":{"@type":"EntryPoint","urlTemplate":"https:\/\/christianscienceheals.com\/es\/?s={search_term_string}"},"query-input":{"@type":"PropertyValueSpecification","valueRequired":true,"valueName":"search_term_string"}}],"inLanguage":"es"},{"@type":"Organization","@id":"https:\/\/christianscienceheals.com\/es\/#organization","name":"Christian Science Houston Area","url":"https:\/\/christianscienceheals.com\/es\/","logo":{"@type":"ImageObject","inLanguage":"es","@id":"https:\/\/christianscienceheals.com\/es\/#\/schema\/logo\/image\/","url":"https:\/\/i0.wp.com\/christianscienceheals.com\/files\/2018\/02\/HOUCOM_logo_with_starburst.png?fit=1024%2C1024&ssl=1","contentUrl":"https:\/\/i0.wp.com\/christianscienceheals.com\/files\/2018\/02\/HOUCOM_logo_with_starburst.png?fit=1024%2C1024&ssl=1","width":1024,"height":1024,"caption":"Christian Science Houston Area"},"image":{"@id":"https:\/\/christianscienceheals.com\/es\/#\/schema\/logo\/image\/"},"sameAs":["https:\/\/www.facebook.com\/christianscienceheals\/","https:\/\/x.com\/cs_heals","https:\/\/www.instagram.com\/christianscienceheals\/"]}]}},"jetpack_sharing_enabled":true,"jetpack_shortlink":"https:\/\/wp.me\/P6OyHU-17","_links":{"self":[{"href":"https:\/\/christianscienceheals.com\/es\/wp-json\/wp\/v2\/pages\/69","targetHints":{"allow":["GET"]}}],"collection":[{"href":"https:\/\/christianscienceheals.com\/es\/wp-json\/wp\/v2\/pages"}],"about":[{"href":"https:\/\/christianscienceheals.com\/es\/wp-json\/wp\/v2\/types\/page"}],"author":[{"embeddable":true,"href":"https:\/\/christianscienceheals.com\/es\/wp-json\/wp\/v2\/users\/1"}],"replies":[{"embeddable":true,"href":"https:\/\/christianscienceheals.com\/es\/wp-json\/wp\/v2\/comments?post=69"}],"version-history":[{"count":11,"href":"https:\/\/christianscienceheals.com\/es\/wp-json\/wp\/v2\/pages\/69\/revisions"}],"predecessor-version":[{"id":7465,"href":"https:\/\/christianscienceheals.com\/es\/wp-json\/wp\/v2\/pages\/69\/revisions\/7465"}],"up":[{"embeddable":true,"href":"https:\/\/christianscienceheals.com\/es\/wp-json\/wp\/v2\/pages\/32"}],"wp:attachment":[{"href":"https:\/\/christianscienceheals.com\/es\/wp-json\/wp\/v2\/media?parent=69"}],"curies":[{"name":"wp","href":"https:\/\/api.w.org\/{rel}","templated":true}]}}