{"id":67,"date":"2015-08-11T21:44:29","date_gmt":"2015-08-12T02:44:29","guid":{"rendered":"http:\/\/christianscienceheals.com\/?page_id=67"},"modified":"2019-04-07T17:20:15","modified_gmt":"2019-04-07T22:20:15","slug":"schools","status":"publish","type":"page","link":"https:\/\/christianscienceheals.com\/es\/youth\/schools\/","title":{"rendered":"Escuelas de la Ciencia Cristiana"},"content":{"rendered":"<p><img data-recalc-dims=\"1\" loading=\"lazy\" decoding=\"async\" data-attachment-id=\"196\" data-permalink=\"https:\/\/christianscienceheals.com\/es\/churches\/seventh-church-of-christ-scientist-houston-texas\/20150405-scoccs-23\/\" data-orig-file=\"https:\/\/i0.wp.com\/christianscienceheals.com\/files\/2015\/09\/20150405-scoccs-23.jpg?fit=2048%2C1367&amp;ssl=1\" data-orig-size=\"2048,1367\" data-comments-opened=\"0\" data-image-meta=\"{&quot;aperture&quot;:&quot;5&quot;,&quot;credit&quot;:&quot;&quot;,&quot;camera&quot;:&quot;NIKON D600&quot;,&quot;caption&quot;:&quot;&quot;,&quot;created_timestamp&quot;:&quot;1428224969&quot;,&quot;copyright&quot;:&quot;CM PHOTOGRAPHY    Clint McWhirter&quot;,&quot;focal_length&quot;:&quot;85&quot;,&quot;iso&quot;:&quot;400&quot;,&quot;shutter_speed&quot;:&quot;0.00625&quot;,&quot;title&quot;:&quot;&quot;,&quot;orientation&quot;:&quot;0&quot;}\" data-image-title=\"Seventh Church of Christ, Scientist, Houston\" data-image-description=\"\" data-image-caption=\"&lt;h2&gt;Sunday School&lt;\/h2&gt;\n&lt;p&gt;Find a place for your children to learn about the Bible and their relationship to God&lt;\/p&gt;\n\" data-medium-file=\"https:\/\/i0.wp.com\/christianscienceheals.com\/files\/2015\/09\/20150405-scoccs-23.jpg?fit=300%2C200&amp;ssl=1\" data-large-file=\"https:\/\/i0.wp.com\/christianscienceheals.com\/files\/2015\/09\/20150405-scoccs-23.jpg?fit=600%2C400&amp;ssl=1\" class=\"alignright wp-image-196 size-medium\" src=\"https:\/\/i0.wp.com\/christianscienceheals.com\/files\/2015\/09\/20150405-scoccs-23.jpg?resize=300%2C200&#038;ssl=1\" alt=\"Sunday School student\" width=\"300\" height=\"200\" srcset=\"https:\/\/i0.wp.com\/christianscienceheals.com\/files\/2015\/09\/20150405-scoccs-23.jpg?resize=300%2C200&amp;ssl=1 300w, https:\/\/i0.wp.com\/christianscienceheals.com\/files\/2015\/09\/20150405-scoccs-23.jpg?resize=768%2C513&amp;ssl=1 768w, https:\/\/i0.wp.com\/christianscienceheals.com\/files\/2015\/09\/20150405-scoccs-23.jpg?resize=600%2C400&amp;ssl=1 600w, https:\/\/i0.wp.com\/christianscienceheals.com\/files\/2015\/09\/20150405-scoccs-23.jpg?w=2048&amp;ssl=1 2048w, https:\/\/i0.wp.com\/christianscienceheals.com\/files\/2015\/09\/20150405-scoccs-23.jpg?w=1700&amp;ssl=1 1700w\" sizes=\"auto, (max-width: 300px) 100vw, 300px\" \/><\/p>\n<p>Si usted tiene un ni\u00f1o que se beneficiar\u00eda de una educaci\u00f3n de alta calidad apoyada por una base espiritual de ense\u00f1anzas y valores cristianos cimentados\u00a0\u200b\u200ben la Biblia, por favor revise esta lista de escuelas con ra\u00edces en la Ciencia Cristiana ubicadas en Estados Unidos y en el extranjero.<\/p>\n<p>Doce escuelas alrededor del mundo basan su visi\u00f3n acerca de los ni\u00f1os y el proceso de aprendizaje en las ense\u00f1anzas de la Ciencia Cristiana. Algunas son escuelas establecidas desde hace mucho tiempo con excelentes instalaciones. Otras escuelas son programas nuevos, estrenados en ambientes humildes y en condiciones dif\u00edciles. Pero lo que las une son una comprensi\u00f3n de la Verdad y un deseo de educar sobre una base moral y espiritual.<\/p>\n<ul>\n<li style=\"font-weight: 400\"><a href=\"http:\/\/www.berkeleyhall.org\/\"><span style=\"font-weight: 400\">Berkeley Hall School<\/span><\/a><span style=\"font-weight: 400\"> \u2013 Los Angeles, CA<\/span><\/li>\n<li style=\"font-weight: 400\"><a href=\"http:\/\/www.clairbourn.org\/\"><span style=\"font-weight: 400\">Clairbourn School<\/span><\/a><span style=\"font-weight: 400\"> \u2013 San Gabriel, CA<\/span><\/li>\n<li style=\"font-weight: 400\"><a href=\"http:\/\/www.thelinkschool.org\/\"><span style=\"font-weight: 400\">The Link School<\/span><\/a><span style=\"font-weight: 400\"> \u2013 Buena Vista, Colorado<\/span><\/li>\n<li style=\"font-weight: 400\"><a href=\"http:\/\/www.thebranchschool.org\/\"><span style=\"font-weight: 400\">The Branch School<\/span><\/a><span style=\"font-weight: 400\"> \u2013 Houston, TX<\/span><\/li>\n<li style=\"font-weight: 400\"><a href=\"http:\/\/www.prin.edu\/\"><span style=\"font-weight: 400\">The Principia<\/span><\/a><span style=\"font-weight: 400\"> \u2013 St. Louis, MO<\/span><\/li>\n<li style=\"font-weight: 400\"><a href=\"http:\/\/www.japhet.org\/\"><span style=\"font-weight: 400\">The Japhet School<\/span><\/a><span style=\"font-weight: 400\"> \u2013 Madison Heights, MI<\/span><\/li>\n<li style=\"font-weight: 400\"><a href=\"http:\/\/www.claremont-school.co.uk\/\"><span style=\"font-weight: 400\">Claremont Fan Court School<\/span><\/a><span style=\"font-weight: 400\"> \u2013 Esher, Surrey,\u00a0Inglaterra<\/span><\/li>\n<li style=\"font-weight: 400\"><span style=\"font-weight: 400\">Lovia Early Childhood and Developmental Center \u2013 Accra, Ghana<\/span><\/li>\n<li style=\"font-weight: 400\"><a href=\"http:\/\/www.thequeensandkingsschool.com\/\"><span style=\"font-weight: 400\">Queens and Kings School<\/span><\/a><span style=\"font-weight: 400\"> \u2013 Puerto Harcourt, Nigeria<\/span><\/li>\n<li style=\"font-weight: 400\"><a href=\"http:\/\/www.petalsofafrica.org\/\"><span style=\"font-weight: 400\">Petals of Africa School<\/span><\/a><span style=\"font-weight: 400\"> \u2013 Ngochini,Kenia<\/span><\/li>\n<li style=\"font-weight: 400\"><a href=\"http:\/\/www.sunrise-of-africa.com\/\"><span style=\"font-weight: 400\">Sunrise of Africa School<\/span><\/a><span style=\"font-weight: 400\"> \u2013 Nairobi, Kenia<\/span><\/li>\n<li style=\"font-weight: 400\"><a href=\"http:\/\/www.huntingtower.vic.edu.au\/\"><span style=\"font-weight: 400\">Huntingtower School<\/span><\/a><span style=\"font-weight: 400\"> \u2013 Monte\u00a0Waverly, Victoria, Australia<\/span><\/li>\n<\/ul>\n<p><span style=\"font-weight: 400\"><br \/>\n<\/span><span style=\"font-weight: 400\">Para m\u00e1s informaci\u00f3n, vaya a: <\/span><a href=\"http:\/\/www.daycroftschool.org\/christian-science-schools\"><span style=\"font-weight: 400\">daycroftschool.org\/christian-science-schools<\/span><\/a><\/p>","protected":false},"excerpt":{"rendered":"<p>Si usted tiene un ni\u00f1o que se beneficiar\u00eda de una educaci\u00f3n de alta calidad apoyada por una base espiritual de ense\u00f1anzas y valores cristianos cimentados\u00a0\u200b\u200ben la Biblia, por favor revise esta lista de escuelas con ra\u00edces en la Ciencia Cristiana ubicadas en Estados Unidos y en el extranjero. Doce escuelas alrededor del mundo basan su [&hellip;]<\/p>\n","protected":false},"author":1,"featured_media":0,"parent":32,"menu_order":5,"comment_status":"closed","ping_status":"open","template":"","meta":{"_monsterinsights_skip_tracking":false,"_monsterinsights_sitenote_active":false,"_monsterinsights_sitenote_note":"","_monsterinsights_sitenote_category":0,"jetpack_post_was_ever_published":false,"_vp_format_video_url":"","_vp_image_focal_point":[],"footnotes":""},"class_list":["post-67","page","type-page","status-publish","hentry"],"yoast_head":"<!-- This site is optimized with the Yoast SEO plugin v27.3 - https:\/\/yoast.com\/product\/yoast-seo-wordpress\/ -->\n<title>Escuelas de la Ciencia Cristiana - Christian Science Houston Area<\/title>\n<meta name=\"robots\" content=\"index, follow, max-snippet:-1, max-image-preview:large, max-video-preview:-1\" \/>\n<link rel=\"canonical\" href=\"https:\/\/christianscienceheals.com\/es\/youth\/schools\/\" \/>\n<meta property=\"og:locale\" content=\"es_ES\" \/>\n<meta property=\"og:type\" content=\"article\" \/>\n<meta property=\"og:title\" content=\"Escuelas de la Ciencia Cristiana - Christian Science Houston Area\" \/>\n<meta property=\"og:description\" content=\"Si usted tiene un ni\u00f1o que se beneficiar\u00eda de una educaci\u00f3n de alta calidad apoyada por una base espiritual de ense\u00f1anzas y valores cristianos cimentados\u00a0\u200b\u200ben la Biblia, por favor revise esta lista de escuelas con ra\u00edces en la Ciencia Cristiana ubicadas en Estados Unidos y en el extranjero. Doce escuelas alrededor del mundo basan su [&hellip;]\" \/>\n<meta property=\"og:url\" content=\"https:\/\/christianscienceheals.com\/es\/youth\/schools\/\" \/>\n<meta property=\"og:site_name\" content=\"Christian Science Houston Area\" \/>\n<meta property=\"article:publisher\" content=\"https:\/\/www.facebook.com\/christianscienceheals\/\" \/>\n<meta property=\"article:modified_time\" content=\"2019-04-07T22:20:15+00:00\" \/>\n<meta property=\"og:image\" content=\"https:\/\/christianscienceheals.com\/files\/2015\/09\/20150405-scoccs-23-300x200.jpg\" \/>\n<meta name=\"twitter:card\" content=\"summary_large_image\" \/>\n<meta name=\"twitter:site\" content=\"@cs_heals\" \/>\n<meta name=\"twitter:label1\" content=\"Tiempo de lectura\" \/>\n\t<meta name=\"twitter:data1\" content=\"2 minutos\" \/>\n<script type=\"application\/ld+json\" class=\"yoast-schema-graph\">{\"@context\":\"https:\\\/\\\/schema.org\",\"@graph\":[{\"@type\":\"WebPage\",\"@id\":\"https:\\\/\\\/christianscienceheals.com\\\/es\\\/youth\\\/schools\\\/\",\"url\":\"https:\\\/\\\/christianscienceheals.com\\\/es\\\/youth\\\/schools\\\/\",\"name\":\"Escuelas de la Ciencia Cristiana - Christian Science Houston Area\",\"isPartOf\":{\"@id\":\"https:\\\/\\\/christianscienceheals.com\\\/es\\\/#website\"},\"primaryImageOfPage\":{\"@id\":\"https:\\\/\\\/christianscienceheals.com\\\/es\\\/youth\\\/schools\\\/#primaryimage\"},\"image\":{\"@id\":\"https:\\\/\\\/christianscienceheals.com\\\/youth\\\/schools\\\/#primaryimage\"},\"thumbnailUrl\":\"https:\\\/\\\/christianscienceheals.com\\\/files\\\/2015\\\/09\\\/20150405-scoccs-23-300x200.jpg\",\"datePublished\":\"2015-08-12T02:44:29+00:00\",\"dateModified\":\"2019-04-07T22:20:15+00:00\",\"breadcrumb\":{\"@id\":\"https:\\\/\\\/christianscienceheals.com\\\/es\\\/youth\\\/schools\\\/#breadcrumb\"},\"inLanguage\":\"es\",\"potentialAction\":[{\"@type\":\"ReadAction\",\"target\":[[\"https:\\\/\\\/christianscienceheals.com\\\/es\\\/youth\\\/schools\\\/\"]]}]},{\"@type\":\"ImageObject\",\"inLanguage\":\"es\",\"@id\":\"https:\\\/\\\/christianscienceheals.com\\\/es\\\/youth\\\/schools\\\/#primaryimage\",\"url\":\"https:\\\/\\\/christianscienceheals.com\\\/files\\\/2015\\\/09\\\/20150405-scoccs-23-300x200.jpg\",\"contentUrl\":\"https:\\\/\\\/christianscienceheals.com\\\/files\\\/2015\\\/09\\\/20150405-scoccs-23-300x200.jpg\"},{\"@type\":\"BreadcrumbList\",\"@id\":\"https:\\\/\\\/christianscienceheals.com\\\/es\\\/youth\\\/schools\\\/#breadcrumb\",\"itemListElement\":[{\"@type\":\"ListItem\",\"position\":1,\"name\":\"Home\",\"item\":\"https:\\\/\\\/christianscienceheals.com\\\/es\\\/\"},{\"@type\":\"ListItem\",\"position\":2,\"name\":\"Juventud\",\"item\":\"https:\\\/\\\/christianscienceheals.com\\\/es\\\/youth\\\/\"},{\"@type\":\"ListItem\",\"position\":3,\"name\":\"Christian Science Schools\"}]},{\"@type\":\"WebSite\",\"@id\":\"https:\\\/\\\/christianscienceheals.com\\\/es\\\/#website\",\"url\":\"https:\\\/\\\/christianscienceheals.com\\\/es\\\/\",\"name\":\"Christian Science Houston Area\",\"description\":\"Christian Science Churches and Resources in the Houston Texas Area\",\"publisher\":{\"@id\":\"https:\\\/\\\/christianscienceheals.com\\\/es\\\/#organization\"},\"potentialAction\":[{\"@type\":\"SearchAction\",\"target\":{\"@type\":\"EntryPoint\",\"urlTemplate\":\"https:\\\/\\\/christianscienceheals.com\\\/es\\\/?s={search_term_string}\"},\"query-input\":{\"@type\":\"PropertyValueSpecification\",\"valueRequired\":true,\"valueName\":\"search_term_string\"}}],\"inLanguage\":\"es\"},{\"@type\":\"Organization\",\"@id\":\"https:\\\/\\\/christianscienceheals.com\\\/es\\\/#organization\",\"name\":\"Christian Science Houston Area\",\"url\":\"https:\\\/\\\/christianscienceheals.com\\\/es\\\/\",\"logo\":{\"@type\":\"ImageObject\",\"inLanguage\":\"es\",\"@id\":\"https:\\\/\\\/christianscienceheals.com\\\/es\\\/#\\\/schema\\\/logo\\\/image\\\/\",\"url\":\"https:\\\/\\\/i0.wp.com\\\/christianscienceheals.com\\\/files\\\/2018\\\/02\\\/HOUCOM_logo_with_starburst.png?fit=1024%2C1024&ssl=1\",\"contentUrl\":\"https:\\\/\\\/i0.wp.com\\\/christianscienceheals.com\\\/files\\\/2018\\\/02\\\/HOUCOM_logo_with_starburst.png?fit=1024%2C1024&ssl=1\",\"width\":1024,\"height\":1024,\"caption\":\"Christian Science Houston Area\"},\"image\":{\"@id\":\"https:\\\/\\\/christianscienceheals.com\\\/es\\\/#\\\/schema\\\/logo\\\/image\\\/\"},\"sameAs\":[\"https:\\\/\\\/www.facebook.com\\\/christianscienceheals\\\/\",\"https:\\\/\\\/x.com\\\/cs_heals\",\"https:\\\/\\\/www.instagram.com\\\/christianscienceheals\\\/\"]}]}<\/script>\n<!-- \/ Yoast SEO plugin. -->","yoast_head_json":{"title":"Escuelas de la Ciencia Cristiana - Christian Science Houston Area","robots":{"index":"index","follow":"follow","max-snippet":"max-snippet:-1","max-image-preview":"max-image-preview:large","max-video-preview":"max-video-preview:-1"},"canonical":"https:\/\/christianscienceheals.com\/es\/youth\/schools\/","og_locale":"es_ES","og_type":"article","og_title":"Escuelas de la Ciencia Cristiana - Christian Science Houston Area","og_description":"Si usted tiene un ni\u00f1o que se beneficiar\u00eda de una educaci\u00f3n de alta calidad apoyada por una base espiritual de ense\u00f1anzas y valores cristianos cimentados\u00a0\u200b\u200ben la Biblia, por favor revise esta lista de escuelas con ra\u00edces en la Ciencia Cristiana ubicadas en Estados Unidos y en el extranjero. Doce escuelas alrededor del mundo basan su [&hellip;]","og_url":"https:\/\/christianscienceheals.com\/es\/youth\/schools\/","og_site_name":"Christian Science Houston Area","article_publisher":"https:\/\/www.facebook.com\/christianscienceheals\/","article_modified_time":"2019-04-07T22:20:15+00:00","og_image":[{"url":"https:\/\/christianscienceheals.com\/files\/2015\/09\/20150405-scoccs-23-300x200.jpg","type":"","width":"","height":""}],"twitter_card":"summary_large_image","twitter_site":"@cs_heals","twitter_misc":{"Tiempo de lectura":"2 minutos"},"schema":{"@context":"https:\/\/schema.org","@graph":[{"@type":"WebPage","@id":"https:\/\/christianscienceheals.com\/es\/youth\/schools\/","url":"https:\/\/christianscienceheals.com\/es\/youth\/schools\/","name":"Escuelas de la Ciencia Cristiana - Christian Science Houston Area","isPartOf":{"@id":"https:\/\/christianscienceheals.com\/es\/#website"},"primaryImageOfPage":{"@id":"https:\/\/christianscienceheals.com\/es\/youth\/schools\/#primaryimage"},"image":{"@id":"https:\/\/christianscienceheals.com\/youth\/schools\/#primaryimage"},"thumbnailUrl":"https:\/\/christianscienceheals.com\/files\/2015\/09\/20150405-scoccs-23-300x200.jpg","datePublished":"2015-08-12T02:44:29+00:00","dateModified":"2019-04-07T22:20:15+00:00","breadcrumb":{"@id":"https:\/\/christianscienceheals.com\/es\/youth\/schools\/#breadcrumb"},"inLanguage":"es","potentialAction":[{"@type":"ReadAction","target":[["https:\/\/christianscienceheals.com\/es\/youth\/schools\/"]]}]},{"@type":"ImageObject","inLanguage":"es","@id":"https:\/\/christianscienceheals.com\/es\/youth\/schools\/#primaryimage","url":"https:\/\/christianscienceheals.com\/files\/2015\/09\/20150405-scoccs-23-300x200.jpg","contentUrl":"https:\/\/christianscienceheals.com\/files\/2015\/09\/20150405-scoccs-23-300x200.jpg"},{"@type":"BreadcrumbList","@id":"https:\/\/christianscienceheals.com\/es\/youth\/schools\/#breadcrumb","itemListElement":[{"@type":"ListItem","position":1,"name":"Home","item":"https:\/\/christianscienceheals.com\/es\/"},{"@type":"ListItem","position":2,"name":"Juventud","item":"https:\/\/christianscienceheals.com\/es\/youth\/"},{"@type":"ListItem","position":3,"name":"Christian Science Schools"}]},{"@type":"WebSite","@id":"https:\/\/christianscienceheals.com\/es\/#website","url":"https:\/\/christianscienceheals.com\/es\/","name":"Christian Science Houston Area","description":"Christian Science Churches and Resources in the Houston Texas Area","publisher":{"@id":"https:\/\/christianscienceheals.com\/es\/#organization"},"potentialAction":[{"@type":"SearchAction","target":{"@type":"EntryPoint","urlTemplate":"https:\/\/christianscienceheals.com\/es\/?s={search_term_string}"},"query-input":{"@type":"PropertyValueSpecification","valueRequired":true,"valueName":"search_term_string"}}],"inLanguage":"es"},{"@type":"Organization","@id":"https:\/\/christianscienceheals.com\/es\/#organization","name":"Christian Science Houston Area","url":"https:\/\/christianscienceheals.com\/es\/","logo":{"@type":"ImageObject","inLanguage":"es","@id":"https:\/\/christianscienceheals.com\/es\/#\/schema\/logo\/image\/","url":"https:\/\/i0.wp.com\/christianscienceheals.com\/files\/2018\/02\/HOUCOM_logo_with_starburst.png?fit=1024%2C1024&ssl=1","contentUrl":"https:\/\/i0.wp.com\/christianscienceheals.com\/files\/2018\/02\/HOUCOM_logo_with_starburst.png?fit=1024%2C1024&ssl=1","width":1024,"height":1024,"caption":"Christian Science Houston Area"},"image":{"@id":"https:\/\/christianscienceheals.com\/es\/#\/schema\/logo\/image\/"},"sameAs":["https:\/\/www.facebook.com\/christianscienceheals\/","https:\/\/x.com\/cs_heals","https:\/\/www.instagram.com\/christianscienceheals\/"]}]}},"jetpack_sharing_enabled":true,"jetpack_shortlink":"https:\/\/wp.me\/P6OyHU-15","_links":{"self":[{"href":"https:\/\/christianscienceheals.com\/es\/wp-json\/wp\/v2\/pages\/67","targetHints":{"allow":["GET"]}}],"collection":[{"href":"https:\/\/christianscienceheals.com\/es\/wp-json\/wp\/v2\/pages"}],"about":[{"href":"https:\/\/christianscienceheals.com\/es\/wp-json\/wp\/v2\/types\/page"}],"author":[{"embeddable":true,"href":"https:\/\/christianscienceheals.com\/es\/wp-json\/wp\/v2\/users\/1"}],"replies":[{"embeddable":true,"href":"https:\/\/christianscienceheals.com\/es\/wp-json\/wp\/v2\/comments?post=67"}],"version-history":[{"count":11,"href":"https:\/\/christianscienceheals.com\/es\/wp-json\/wp\/v2\/pages\/67\/revisions"}],"predecessor-version":[{"id":4085,"href":"https:\/\/christianscienceheals.com\/es\/wp-json\/wp\/v2\/pages\/67\/revisions\/4085"}],"up":[{"embeddable":true,"href":"https:\/\/christianscienceheals.com\/es\/wp-json\/wp\/v2\/pages\/32"}],"wp:attachment":[{"href":"https:\/\/christianscienceheals.com\/es\/wp-json\/wp\/v2\/media?parent=67"}],"curies":[{"name":"wp","href":"https:\/\/api.w.org\/{rel}","templated":true}]}}