{"id":63,"date":"2015-08-11T21:38:10","date_gmt":"2015-08-12T02:38:10","guid":{"rendered":"http:\/\/christianscienceheals.com\/?page_id=63"},"modified":"2025-04-01T10:44:18","modified_gmt":"2025-04-01T15:44:18","slug":"christian-science-media","status":"publish","type":"page","link":"https:\/\/christianscienceheals.com\/es\/healing-and-health\/christian-science-media\/","title":{"rendered":"Horario de difusi\u00f3n &#8211; Internet, Radio y Tel\u00e9fono"},"content":{"rendered":"<p>Para obtener soporte t\u00e9cnico, comun\u00edquese con: <a href=\"mailto:sue@doesprayerheal.com\">sue@doesprayerheal.com<\/a><\/p>\n<p><b>Lecci\u00f3n B\u00edblica semanal de la Ciencia Cristiana\u00a0<\/b><\/p>\n<p>Escuche en cualquier momento por tel\u00e9fono: Llame al <strong>713-595-5210<\/strong> y presione <strong>1<\/strong> para la Lecci\u00f3n B\u00edblica.<\/p>\n<p><span style=\"font-weight: 400;\">La\u00a0<a href=\"https:\/\/christianscienceheals.com\/youth\/bible-lessons\/\">Lecci\u00f3n B\u00edblica<\/a>\u00a0<\/span>est\u00e1 compuesta de pasajes de la Biblia y el libro de texto de la Ciencia Cristiana, <em>Ciencia y Salud con la Llave de las Escrituras<\/em> por <em>Mary Baker Eddy<\/em>. Cada semana, esta Lecci\u00f3n B\u00edblica ofrece una oportunidad para buscar verdades espirituales dentro de los confines de un tema en particular.<\/p>\n<hr \/>\n<p><b>The Christian Science Sentinel Watch<\/b><\/p>\n<p>Escuche en cualquier momento por tel\u00e9fono: <strong>713-595-5210<\/strong> y presione <strong>2<\/strong> para Sentinel Watch<\/p>\n<p>\u00bfPueda la oraci\u00f3n sanar? Escuche cada semana c\u00f3mo personas de todo el mundo responden a esta pregunta compartiendo sus propias sanaciones, desde enfermedades y lesiones a problemas financieros y relaciones infelices. Todo esto y mucho m\u00e1s se trata en este programa de radio de media hora. Los caminos en que el poder de sanaci\u00f3n y la presencia del Cristo activan, elevan y transforman vidas son ilimitados.<\/p>\n<hr \/>\n<p><b>El Heraldo de la Ciencia Cristiana<\/b><\/p>\n<p><span style=\"font-weight: 400;\">o llame por telefono al: <strong>713-595-5211<\/strong><\/span><\/p>\n<p><span style=\"font-weight: 400;\">Los art\u00edculos y testimonios que publica\u00a0<\/span><a href=\"http:\/\/es.herald.christianscience.com\/\"><i><span style=\"font-weight: 400;\">El Heraldo<\/span><\/i><\/a><span style=\"font-weight: 400;\">\u00a0demuestran cu\u00e1nto ama Dios a cada uno en todo el mundo, cualesquiera sea su edad, sexo, origen y nacionalidad, y c\u00f3mo este amor llega al coraz\u00f3n, trayendo consuelo y soluciones y curaciones corporales, a trav\u00e9s de la aplicaci\u00f3n de las pr\u00e1cticas ense\u00f1anzas del cristianismo.<\/span><\/p>\n<p><i><span style=\"font-weight: 400;\">The articles and testimonies published in the Heraldo demonstrate how much God loves everyone worldwide, whatever may be your age, sex, origin, or nationality, as this love reaches the heart, bringing solace and solutions, and bodily healings, through the application of the teachings and practices of Christianity.<\/span><\/i><\/p>\n<hr \/>\n<p><b>Your Daily Lift: <\/b><span style=\"font-weight: 400;\">Un mensaje inspiracional de 2 minutos para el d\u00eda\u00a0<\/span><\/p>\n<p><span style=\"font-weight: 400;\">Escuche en cualquier momento por tel\u00e9fono: <strong>617-450-3430<\/strong><\/span><\/p>\n<hr \/>\n<p><strong>Servicios de Iglesia:\u00a0<\/strong><\/p>\n<p><strong>Cuarta Iglesia de Cristo, Cient\u00edfico, Houston<\/strong><\/p>\n<p>Todos los servicios en la Cuarta Iglesia, incluyendo la Escuela Dominical, se ofrecen tanto en l\u00ednea como presencialmente.<\/p>\n<p>Servicio Dominical: 10:00 a. m.<br \/>\nEscuela Dominical: 10:00 a. m.<br \/>\nServicio Mi\u00e9rcoles: 12:00 p. m.<\/p>\n<p>Visite <a href=\"https:\/\/4cshouston.com\/\">4cshouston.com<\/a> para m\u00e1s detalles.<\/p>\n<p><strong>S\u00e9ptima Iglesia de Cristo, Cient\u00edfico, Houston.<\/strong><\/p>\n<p>Servicios Dominicales, 10:30am: <a href=\"http:\/\/SeventhChurchLive.com\">SeventhChurchLive.com<\/a> o <strong>713-496-2856<\/strong><\/p>\n<p>Reuni\u00f3n de Testimonios de los Mi\u00e9rcoles, 7:30pm: <a href=\"http:\/\/SeventhChurchLive.com\">SeventhChurchLive.com<\/a> o <strong>713-496-2856<\/strong>.\u00a0\u00a0Los sermones se basan en la Biblia y en el libro Ciencia y la Salud, y las reuniones de los mi\u00e9rcoles incluyen testimonios de sanaciones de la congregaci\u00f3n.<\/p>\n<p>Escuche comenzando con el preludio musical antes del servicio aproximadamente a las 10:22 am los domingos y las 7:23 pm los mi\u00e9rcoles..\u00a0<a href=\"http:\/\/SeventhChurchLive.com\">SeventhChurchLive.com<\/a>\u00a0proporciona el mejor sonido.<\/p>\n<p>Para testificar los mi\u00e9rcoles llame al \u00a0<strong>713-496-2856<\/strong>.<\/p>\n<p>Si tiene problemas para escuchar de forma remota, haga clic <a href=\"http:\/\/wp.me\/P6OyHU-tX\">aqu\u00ed<\/a> para obtener un conjunto detallado de instrucciones.<\/p>","protected":false},"excerpt":{"rendered":"<p>Para obtener soporte t\u00e9cnico, comun\u00edquese con: sue@doesprayerheal.com Lecci\u00f3n B\u00edblica semanal de la Ciencia Cristiana\u00a0 Escuche en cualquier momento por tel\u00e9fono: Llame al 713-595-5210 y presione 1 para la Lecci\u00f3n B\u00edblica. La\u00a0Lecci\u00f3n B\u00edblica\u00a0est\u00e1 compuesta de pasajes de la Biblia y el libro de texto de la Ciencia Cristiana, Ciencia y Salud con la Llave de las [&hellip;]<\/p>\n","protected":false},"author":1,"featured_media":0,"parent":48,"menu_order":5,"comment_status":"closed","ping_status":"open","template":"","meta":{"_monsterinsights_skip_tracking":false,"_monsterinsights_sitenote_active":false,"_monsterinsights_sitenote_note":"","_monsterinsights_sitenote_category":0,"jetpack_post_was_ever_published":false,"_vp_format_video_url":"","_vp_image_focal_point":[],"footnotes":""},"class_list":["post-63","page","type-page","status-publish","hentry"],"yoast_head":"<!-- This site is optimized with the Yoast SEO plugin v27.3 - https:\/\/yoast.com\/product\/yoast-seo-wordpress\/ -->\n<title>Horario de difusi\u00f3n - Internet, Radio y Tel\u00e9fono - Christian Science Houston Area<\/title>\n<meta name=\"robots\" content=\"index, follow, max-snippet:-1, max-image-preview:large, max-video-preview:-1\" \/>\n<link rel=\"canonical\" href=\"https:\/\/christianscienceheals.com\/es\/healing-and-health\/christian-science-media\/\" \/>\n<meta property=\"og:locale\" content=\"es_ES\" \/>\n<meta property=\"og:type\" content=\"article\" \/>\n<meta property=\"og:title\" content=\"Horario de difusi\u00f3n - Internet, Radio y Tel\u00e9fono - Christian Science Houston Area\" \/>\n<meta property=\"og:description\" content=\"Para obtener soporte t\u00e9cnico, comun\u00edquese con: sue@doesprayerheal.com Lecci\u00f3n B\u00edblica semanal de la Ciencia Cristiana\u00a0 Escuche en cualquier momento por tel\u00e9fono: Llame al 713-595-5210 y presione 1 para la Lecci\u00f3n B\u00edblica. La\u00a0Lecci\u00f3n B\u00edblica\u00a0est\u00e1 compuesta de pasajes de la Biblia y el libro de texto de la Ciencia Cristiana, Ciencia y Salud con la Llave de las [&hellip;]\" \/>\n<meta property=\"og:url\" content=\"https:\/\/christianscienceheals.com\/es\/healing-and-health\/christian-science-media\/\" \/>\n<meta property=\"og:site_name\" content=\"Christian Science Houston Area\" \/>\n<meta property=\"article:publisher\" content=\"https:\/\/www.facebook.com\/christianscienceheals\/\" \/>\n<meta property=\"article:modified_time\" content=\"2025-04-01T15:44:18+00:00\" \/>\n<meta property=\"og:image\" content=\"https:\/\/i0.wp.com\/christianscienceheals.com\/files\/2022\/11\/Find_a_Houston_church.jpg?fit=2000%2C800&ssl=1\" \/>\n\t<meta property=\"og:image:width\" content=\"2000\" \/>\n\t<meta property=\"og:image:height\" content=\"800\" \/>\n\t<meta property=\"og:image:type\" content=\"image\/jpeg\" \/>\n<meta name=\"twitter:card\" content=\"summary_large_image\" \/>\n<meta name=\"twitter:site\" content=\"@cs_heals\" \/>\n<meta name=\"twitter:label1\" content=\"Tiempo de lectura\" \/>\n\t<meta name=\"twitter:data1\" content=\"2 minutos\" \/>\n<script type=\"application\/ld+json\" class=\"yoast-schema-graph\">{\"@context\":\"https:\\\/\\\/schema.org\",\"@graph\":[{\"@type\":\"WebPage\",\"@id\":\"https:\\\/\\\/christianscienceheals.com\\\/es\\\/healing-and-health\\\/christian-science-media\\\/\",\"url\":\"https:\\\/\\\/christianscienceheals.com\\\/es\\\/healing-and-health\\\/christian-science-media\\\/\",\"name\":\"Horario de difusi\u00f3n - Internet, Radio y Tel\u00e9fono - Christian Science Houston Area\",\"isPartOf\":{\"@id\":\"https:\\\/\\\/christianscienceheals.com\\\/es\\\/#website\"},\"datePublished\":\"2015-08-12T02:38:10+00:00\",\"dateModified\":\"2025-04-01T15:44:18+00:00\",\"breadcrumb\":{\"@id\":\"https:\\\/\\\/christianscienceheals.com\\\/es\\\/healing-and-health\\\/christian-science-media\\\/#breadcrumb\"},\"inLanguage\":\"es\",\"potentialAction\":[{\"@type\":\"ReadAction\",\"target\":[[\"https:\\\/\\\/christianscienceheals.com\\\/es\\\/healing-and-health\\\/christian-science-media\\\/\"]]}]},{\"@type\":\"BreadcrumbList\",\"@id\":\"https:\\\/\\\/christianscienceheals.com\\\/es\\\/healing-and-health\\\/christian-science-media\\\/#breadcrumb\",\"itemListElement\":[{\"@type\":\"ListItem\",\"position\":1,\"name\":\"Home\",\"item\":\"https:\\\/\\\/christianscienceheals.com\\\/es\\\/\"},{\"@type\":\"ListItem\",\"position\":2,\"name\":\"Healing &amp; Health\",\"item\":\"https:\\\/\\\/christianscienceheals.com\\\/es\\\/healing-and-health\\\/\"},{\"@type\":\"ListItem\",\"position\":3,\"name\":\"Broadcast Schedule &#8211; Internet and Telephone\"}]},{\"@type\":\"WebSite\",\"@id\":\"https:\\\/\\\/christianscienceheals.com\\\/es\\\/#website\",\"url\":\"https:\\\/\\\/christianscienceheals.com\\\/es\\\/\",\"name\":\"Christian Science Houston Area\",\"description\":\"Christian Science Churches and Resources in the Houston Texas Area\",\"publisher\":{\"@id\":\"https:\\\/\\\/christianscienceheals.com\\\/es\\\/#organization\"},\"potentialAction\":[{\"@type\":\"SearchAction\",\"target\":{\"@type\":\"EntryPoint\",\"urlTemplate\":\"https:\\\/\\\/christianscienceheals.com\\\/es\\\/?s={search_term_string}\"},\"query-input\":{\"@type\":\"PropertyValueSpecification\",\"valueRequired\":true,\"valueName\":\"search_term_string\"}}],\"inLanguage\":\"es\"},{\"@type\":\"Organization\",\"@id\":\"https:\\\/\\\/christianscienceheals.com\\\/es\\\/#organization\",\"name\":\"Christian Science Houston Area\",\"url\":\"https:\\\/\\\/christianscienceheals.com\\\/es\\\/\",\"logo\":{\"@type\":\"ImageObject\",\"inLanguage\":\"es\",\"@id\":\"https:\\\/\\\/christianscienceheals.com\\\/es\\\/#\\\/schema\\\/logo\\\/image\\\/\",\"url\":\"https:\\\/\\\/i0.wp.com\\\/christianscienceheals.com\\\/files\\\/2018\\\/02\\\/HOUCOM_logo_with_starburst.png?fit=1024%2C1024&ssl=1\",\"contentUrl\":\"https:\\\/\\\/i0.wp.com\\\/christianscienceheals.com\\\/files\\\/2018\\\/02\\\/HOUCOM_logo_with_starburst.png?fit=1024%2C1024&ssl=1\",\"width\":1024,\"height\":1024,\"caption\":\"Christian Science Houston Area\"},\"image\":{\"@id\":\"https:\\\/\\\/christianscienceheals.com\\\/es\\\/#\\\/schema\\\/logo\\\/image\\\/\"},\"sameAs\":[\"https:\\\/\\\/www.facebook.com\\\/christianscienceheals\\\/\",\"https:\\\/\\\/x.com\\\/cs_heals\",\"https:\\\/\\\/www.instagram.com\\\/christianscienceheals\\\/\"]}]}<\/script>\n<!-- \/ Yoast SEO plugin. -->","yoast_head_json":{"title":"Horario de difusi\u00f3n - Internet, Radio y Tel\u00e9fono - Christian Science Houston Area","robots":{"index":"index","follow":"follow","max-snippet":"max-snippet:-1","max-image-preview":"max-image-preview:large","max-video-preview":"max-video-preview:-1"},"canonical":"https:\/\/christianscienceheals.com\/es\/healing-and-health\/christian-science-media\/","og_locale":"es_ES","og_type":"article","og_title":"Horario de difusi\u00f3n - Internet, Radio y Tel\u00e9fono - Christian Science Houston Area","og_description":"Para obtener soporte t\u00e9cnico, comun\u00edquese con: sue@doesprayerheal.com Lecci\u00f3n B\u00edblica semanal de la Ciencia Cristiana\u00a0 Escuche en cualquier momento por tel\u00e9fono: Llame al 713-595-5210 y presione 1 para la Lecci\u00f3n B\u00edblica. La\u00a0Lecci\u00f3n B\u00edblica\u00a0est\u00e1 compuesta de pasajes de la Biblia y el libro de texto de la Ciencia Cristiana, Ciencia y Salud con la Llave de las [&hellip;]","og_url":"https:\/\/christianscienceheals.com\/es\/healing-and-health\/christian-science-media\/","og_site_name":"Christian Science Houston Area","article_publisher":"https:\/\/www.facebook.com\/christianscienceheals\/","article_modified_time":"2025-04-01T15:44:18+00:00","og_image":[{"width":2000,"height":800,"url":"https:\/\/i0.wp.com\/christianscienceheals.com\/files\/2022\/11\/Find_a_Houston_church.jpg?fit=2000%2C800&ssl=1","type":"image\/jpeg"}],"twitter_card":"summary_large_image","twitter_site":"@cs_heals","twitter_misc":{"Tiempo de lectura":"2 minutos"},"schema":{"@context":"https:\/\/schema.org","@graph":[{"@type":"WebPage","@id":"https:\/\/christianscienceheals.com\/es\/healing-and-health\/christian-science-media\/","url":"https:\/\/christianscienceheals.com\/es\/healing-and-health\/christian-science-media\/","name":"Horario de difusi\u00f3n - Internet, Radio y Tel\u00e9fono - Christian Science Houston Area","isPartOf":{"@id":"https:\/\/christianscienceheals.com\/es\/#website"},"datePublished":"2015-08-12T02:38:10+00:00","dateModified":"2025-04-01T15:44:18+00:00","breadcrumb":{"@id":"https:\/\/christianscienceheals.com\/es\/healing-and-health\/christian-science-media\/#breadcrumb"},"inLanguage":"es","potentialAction":[{"@type":"ReadAction","target":[["https:\/\/christianscienceheals.com\/es\/healing-and-health\/christian-science-media\/"]]}]},{"@type":"BreadcrumbList","@id":"https:\/\/christianscienceheals.com\/es\/healing-and-health\/christian-science-media\/#breadcrumb","itemListElement":[{"@type":"ListItem","position":1,"name":"Home","item":"https:\/\/christianscienceheals.com\/es\/"},{"@type":"ListItem","position":2,"name":"Healing &amp; Health","item":"https:\/\/christianscienceheals.com\/es\/healing-and-health\/"},{"@type":"ListItem","position":3,"name":"Broadcast Schedule &#8211; Internet and Telephone"}]},{"@type":"WebSite","@id":"https:\/\/christianscienceheals.com\/es\/#website","url":"https:\/\/christianscienceheals.com\/es\/","name":"Christian Science Houston Area","description":"Christian Science Churches and Resources in the Houston Texas Area","publisher":{"@id":"https:\/\/christianscienceheals.com\/es\/#organization"},"potentialAction":[{"@type":"SearchAction","target":{"@type":"EntryPoint","urlTemplate":"https:\/\/christianscienceheals.com\/es\/?s={search_term_string}"},"query-input":{"@type":"PropertyValueSpecification","valueRequired":true,"valueName":"search_term_string"}}],"inLanguage":"es"},{"@type":"Organization","@id":"https:\/\/christianscienceheals.com\/es\/#organization","name":"Christian Science Houston Area","url":"https:\/\/christianscienceheals.com\/es\/","logo":{"@type":"ImageObject","inLanguage":"es","@id":"https:\/\/christianscienceheals.com\/es\/#\/schema\/logo\/image\/","url":"https:\/\/i0.wp.com\/christianscienceheals.com\/files\/2018\/02\/HOUCOM_logo_with_starburst.png?fit=1024%2C1024&ssl=1","contentUrl":"https:\/\/i0.wp.com\/christianscienceheals.com\/files\/2018\/02\/HOUCOM_logo_with_starburst.png?fit=1024%2C1024&ssl=1","width":1024,"height":1024,"caption":"Christian Science Houston Area"},"image":{"@id":"https:\/\/christianscienceheals.com\/es\/#\/schema\/logo\/image\/"},"sameAs":["https:\/\/www.facebook.com\/christianscienceheals\/","https:\/\/x.com\/cs_heals","https:\/\/www.instagram.com\/christianscienceheals\/"]}]}},"jetpack_sharing_enabled":true,"jetpack_shortlink":"https:\/\/wp.me\/P6OyHU-11","_links":{"self":[{"href":"https:\/\/christianscienceheals.com\/es\/wp-json\/wp\/v2\/pages\/63","targetHints":{"allow":["GET"]}}],"collection":[{"href":"https:\/\/christianscienceheals.com\/es\/wp-json\/wp\/v2\/pages"}],"about":[{"href":"https:\/\/christianscienceheals.com\/es\/wp-json\/wp\/v2\/types\/page"}],"author":[{"embeddable":true,"href":"https:\/\/christianscienceheals.com\/es\/wp-json\/wp\/v2\/users\/1"}],"replies":[{"embeddable":true,"href":"https:\/\/christianscienceheals.com\/es\/wp-json\/wp\/v2\/comments?post=63"}],"version-history":[{"count":30,"href":"https:\/\/christianscienceheals.com\/es\/wp-json\/wp\/v2\/pages\/63\/revisions"}],"predecessor-version":[{"id":8890,"href":"https:\/\/christianscienceheals.com\/es\/wp-json\/wp\/v2\/pages\/63\/revisions\/8890"}],"up":[{"embeddable":true,"href":"https:\/\/christianscienceheals.com\/es\/wp-json\/wp\/v2\/pages\/48"}],"wp:attachment":[{"href":"https:\/\/christianscienceheals.com\/es\/wp-json\/wp\/v2\/media?parent=63"}],"curies":[{"name":"wp","href":"https:\/\/api.w.org\/{rel}","templated":true}]}}