{"id":623,"date":"2016-05-12T17:29:54","date_gmt":"2016-05-12T22:29:54","guid":{"rendered":"http:\/\/christianscienceheals.com\/?page_id=623"},"modified":"2024-08-05T14:09:58","modified_gmt":"2024-08-05T19:09:58","slug":"houcom-website-information-new-event-request-form","status":"publish","type":"page","link":"https:\/\/christianscienceheals.com\/es\/houcom-website-information-new-event-request-form\/","title":{"rendered":"Informaci\u00f3n del Website &#8211; Formulario para Solicitud de Nuevos Eventos"},"content":{"rendered":"<p>Por favor llene completamente el siguiente formulario para solicitar una modificaci\u00f3n de informaci\u00f3n o para agregar una p\u00e1gina en este sitio web. \u00a1Gracias!<\/p>\n<h3>Instrucciones para el env\u00edo<\/h3>\n<p>Por favor proporcione informaci\u00f3n detallada de su evento en el \u00e1rea \u00abDescripci\u00f3n\u00bb. Adem\u00e1s, revise toda la informaci\u00f3n para ver si es exacta y est\u00e1 completa antes de enviarla. No se publicar\u00e1 informaci\u00f3n parcial. Los eventos en el Rotating Banner ser\u00e1n publicados por no m\u00e1s de 4 semanas antes del evento y hasta por una semana despu\u00e9s del evento.<\/p>\n<h3>Cronograma<\/h3>\n<p>Todas las solicitudes\u00a0ser\u00e1n revisadas para mayor exactitud. Debiera recibir una notificaci\u00f3n por correo electr\u00f3nico, dentro de un plazo de 3-4 d\u00edas h\u00e1biles desde la presentaci\u00f3n de su solicitud, confirm\u00e1ndole de que el nuevo contenido se ha agregado a el sitio web.<\/p>\n<p>\n<div class=\"wpcf7 no-js\" id=\"wpcf7-f625-o2\" lang=\"en-US\" dir=\"ltr\" data-wpcf7-id=\"625\">\n<div class=\"screen-reader-response\"><p role=\"status\" aria-live=\"polite\" aria-atomic=\"true\"><\/p> <ul><\/ul><\/div>\n<form action=\"\/es\/wp-json\/wp\/v2\/pages\/623#wpcf7-f625-o2\" method=\"post\" class=\"wpcf7-form init\" aria-label=\"Contact form\" novalidate=\"novalidate\" data-status=\"init\">\n<fieldset class=\"hidden-fields-container\"><input type=\"hidden\" name=\"_wpcf7\" value=\"625\" \/><input type=\"hidden\" name=\"_wpcf7_version\" value=\"6.1.5\" \/><input type=\"hidden\" name=\"_wpcf7_locale\" value=\"en_US\" \/><input type=\"hidden\" name=\"_wpcf7_unit_tag\" value=\"wpcf7-f625-o2\" \/><input type=\"hidden\" name=\"_wpcf7_container_post\" value=\"0\" \/><input type=\"hidden\" name=\"_wpcf7_posted_data_hash\" value=\"\" \/><input type=\"hidden\" name=\"_wpcf7dtx_version\" value=\"5.0.5\" \/><input type=\"hidden\" name=\"_wpcf7_recaptcha_response\" value=\"\" \/>\n<\/fieldset>\n<div class=\"well\">\n\t<h3>Representative Contact Information\n\t<\/h3>\n\t<p>* = Required field\n\t<\/p>\n\t<p><div class=\"form-group yourName\"><label class=\"\">Your Name <span class=\"required\">*<\/span><\/label><input class=\"wpcf7-form-control wpcf7-text wpcf7-validates-as-required form-control\" name=\"yourName\" type=\"text\" value=\"\" aria-invalid=\"false\" aria-required=\"true\" required><\/div><br \/>\n<div class=\"form-group yourTitle\"><label class=\"\">Title<\/label><input class=\"wpcf7-form-control wpcf7-text form-control\" name=\"yourTitle\" type=\"text\" value=\"\" aria-invalid=\"false\"><\/div><br \/>\n<div class=\"form-group yourEmail\"><label class=\"\">Your Email <span class=\"required\">*<\/span><\/label><input class=\"wpcf7-form-control wpcf7-email wpcf7-validates-as-required wpcf7-text wpcf7-validates-as-email form-control\" name=\"yourEmail\" type=\"email\" value=\"\" aria-invalid=\"false\" aria-required=\"true\" required><\/div><br \/>\n<div class=\"form-group yourPhone\"><label class=\"\">Your Phone <span class=\"required\">*<\/span><\/label><input class=\"wpcf7-form-control wpcf7-text wpcf7-validates-as-required form-control\" name=\"yourPhone\" type=\"text\" value=\"\" aria-invalid=\"false\" aria-required=\"true\" required><\/div><br \/>\n<div class=\"form-group yourChurch\"><label class=\"\">Your Church <span class=\"required\">*<\/span><\/label><select class=\"wpcf7-form-control wpcf7-select wpcf7-validates-as-required form-control\" name=\"yourChurch\" aria-invalid=\"false\" aria-required=\"true\" required><option value=\"Fourth Church Houston\">Fourth Church Houston<\/option><option value=\"Seventh Church Houston\">Seventh Church Houston<\/option><option value=\"Eighth Church Houston\">Eighth Church Houston<\/option><option value=\"First Church Bellaire\">First Church Bellaire<\/option><option value=\"First Church Friendswood\">First Church Friendswood<\/option><option value=\"First Church The Woodlands\">First Church The Woodlands<\/option><option value=\"Christian Science Society, Spring, Texas\">Christian Science Society, Spring, Texas<\/option><option value=\"Christian Science Society, Bellville, Texas\">Christian Science Society, Bellville, Texas<\/option><option value=\"HOUCOM\">HOUCOM<\/option><option value=\"OTHER\">OTHER<\/option><\/select><\/div>\n\t<\/p>\n<\/div>\n<div class=\"well\">\n\t<h3>New Event Information\n\t<\/h3>\n\t<p>* = Required field\n\t<\/p>\n\t<p><div class=\"form-group typeOfContent\"><label class=\"\">Type of Content to Add <span class=\"required\">*<\/span><\/label><select class=\"wpcf7-form-control wpcf7-select wpcf7-validates-as-required form-control\" name=\"typeOfContent\" aria-invalid=\"false\" aria-required=\"true\" required><option value=\"Save the Date\">Save the Date<\/option><option value=\"Lecture\">Lecture<\/option><option value=\"Church Activity\">Church Activity<\/option><option value=\"HouCom Posting\">HouCom Posting<\/option><option value=\"Other\">Other<\/option><\/select><\/div><br \/>\n<div class=\"form-group wpcf7-form-control wpcf7-checkbox requestedArea\"><label class=\"\" style=\"display:block;\">Requested Posting Area(s)<\/label><div class=\"checkbox\"><label ><input name=\"requestedArea[]\" type=\"checkbox\" value=\"Calendar\" aria-invalid=\"false\">Calendar<\/label><\/div><div class=\"checkbox\"><label ><input name=\"requestedArea[]\" type=\"checkbox\" value=\"News \/ Events\" aria-invalid=\"false\">News \/ Events<\/label><\/div><div class=\"checkbox\"><label ><input name=\"requestedArea[]\" type=\"checkbox\" value=\"Homepage Rotating Banner\" aria-invalid=\"false\">Homepage Rotating Banner<\/label><\/div><\/div><br \/>\n<div class=\"form-group sponsoringOrganization\"><label class=\"\">Sponsoring Church or Organization<\/label><input class=\"wpcf7-form-control wpcf7-text form-control\" name=\"sponsoringOrganization\" type=\"text\" value=\"\" aria-invalid=\"false\"><\/div>\n\t<\/p>\n\t<h4>Basic Event Information\n\t<\/h4>\n\t<p><div class=\"form-group eventTitle\"><label class=\"\">Event Title <span class=\"required\">*<\/span><\/label><input class=\"wpcf7-form-control wpcf7-text wpcf7-validates-as-required form-control\" name=\"eventTitle\" type=\"text\" value=\"\" aria-invalid=\"false\" aria-required=\"true\" required><\/div><br \/>\n<div class=\"form-group eventDescription\"><label class=\"\">Event Description (500 Words Max, be detailed, subject to editing)<\/label><textarea class=\"wpcf7-form-control wpcf7-textarea form-control\" name=\"eventDescription\" rows=\"4\" aria-invalid=\"false\"><\/textarea><\/div>\n\t<\/p>\n\t<h4>Event Details\n\t<\/h4>\n\t<p><div class=\"form-group eventDate\"><label class=\"\">Event Date (MM\/DD\/YYYY)<\/label><input class=\"wpcf7-form-control wpcf7-text form-control\" name=\"eventDate\" type=\"text\" value=\"\" aria-invalid=\"false\"><\/div><br \/>\n<div class=\"form-group eventStartTime\"><label class=\"\">Event Start Time<\/label><input class=\"wpcf7-form-control wpcf7-text form-control\" name=\"eventStartTime\" type=\"text\" value=\"\" aria-invalid=\"false\"><\/div><br \/>\n<div class=\"form-group eventFinishTime\"><label class=\"\">Event Finish Time (optional)<\/label><input class=\"wpcf7-form-control wpcf7-text form-control\" name=\"eventFinishTime\" type=\"text\" value=\"\" aria-invalid=\"false\"><\/div><br \/>\n<div class=\"form-group eventAddress\"><label class=\"\">Event Location for map (physical address, optional)<\/label><textarea class=\"wpcf7-form-control wpcf7-textarea form-control\" name=\"eventAddress\" rows=\"4\" aria-invalid=\"false\"><\/textarea><\/div><br \/>\n<div class=\"form-group eventContactName\"><label class=\"\">Event Contact Name (public, optional)<\/label><input class=\"wpcf7-form-control wpcf7-text form-control\" name=\"eventContactName\" type=\"text\" value=\"\" aria-invalid=\"false\"><\/div><br \/>\n<div class=\"form-group eventContactEmail\"><label class=\"\">Event Contact Email (public, optional)<\/label><input class=\"wpcf7-form-control wpcf7-email wpcf7-text wpcf7-validates-as-email form-control\" name=\"eventContactEmail\" type=\"email\" value=\"\" aria-invalid=\"false\"><\/div><br \/>\n<div class=\"form-group eventContactPhone\"><label class=\"\">Event Contact Phone (public, optional)<\/label><input class=\"wpcf7-form-control wpcf7-text form-control\" name=\"eventContactPhone\" type=\"text\" value=\"\" aria-invalid=\"false\"><\/div>\n\t<\/p>\n\t<h4>Lecturer Information (if appropriate)\n\t<\/h4>\n\t<p><div class=\"form-group lecturerName\"><label class=\"\">Lecturer Name<\/label><input class=\"wpcf7-form-control wpcf7-text form-control\" name=\"lecturerName\" type=\"text\" value=\"\" aria-invalid=\"false\"><\/div><br \/>\n<div class=\"form-group lectureTitle\"><label class=\"\">Title of Lecture<\/label><input class=\"wpcf7-form-control wpcf7-text form-control\" name=\"lectureTitle\" type=\"text\" value=\"\" aria-invalid=\"false\"><\/div><br \/>\n<div class=\"form-group lectureURL\"><label class=\"\">Lecturer Website URL (or if a Replay, the replay URL)<\/label><input class=\"wpcf7-form-control wpcf7-text form-control\" name=\"lectureURL\" type=\"text\" value=\"\" aria-invalid=\"false\"><\/div>\n\t<\/p>\n\t<p><div class=\"form-group comments\"><label class=\"\">Any additional comments<\/label><textarea class=\"wpcf7-form-control wpcf7-textarea form-control form-control\" name=\"comments\" rows=\"4\" aria-invalid=\"false\"><\/textarea><\/div>\n\t<\/p>\n\n\t<p><strong>Note:<\/strong> Only click the \"Submit Request\" button once. You will receive a confirmation email of your request.\n\t<\/p>\n\t<p><div class=\"form-group\"><div><input class=\"wpcf7-form-control wpcf7-submit btn btn-primary\" type=\"submit\" value=\"Submit Request\"><\/div><\/div>\n\t<\/p>\n<\/div><p style=\"display: none !important;\" class=\"akismet-fields-container\" data-prefix=\"_wpcf7_ak_\"><label>&#916;<textarea name=\"_wpcf7_ak_hp_textarea\" cols=\"45\" rows=\"8\" maxlength=\"100\"><\/textarea><\/label><input type=\"hidden\" id=\"ak_js_2\" name=\"_wpcf7_ak_js\" value=\"10\"\/><script>document.getElementById( \"ak_js_2\" ).setAttribute( \"value\", ( new Date() ).getTime() );<\/script><\/p><div class=\"wpcf7-response-output alert alert-warning\"><\/div>\n<\/form>\n<\/div>\n<\/p>","protected":false},"excerpt":{"rendered":"<p>Por favor llene completamente el siguiente formulario para solicitar una modificaci\u00f3n de informaci\u00f3n o para agregar una p\u00e1gina en este sitio web. \u00a1Gracias! Instrucciones para el env\u00edo Por favor proporcione informaci\u00f3n detallada de su evento en el \u00e1rea \u00abDescripci\u00f3n\u00bb. Adem\u00e1s, revise toda la informaci\u00f3n para ver si es exacta y est\u00e1 completa antes de enviarla. [&hellip;]<\/p>\n","protected":false},"author":1,"featured_media":0,"parent":0,"menu_order":0,"comment_status":"closed","ping_status":"closed","template":"page-no-sidebar.php","meta":{"_monsterinsights_skip_tracking":false,"_monsterinsights_sitenote_active":false,"_monsterinsights_sitenote_note":"","_monsterinsights_sitenote_category":0,"jetpack_post_was_ever_published":false,"_vp_format_video_url":"","_vp_image_focal_point":[],"footnotes":""},"class_list":["post-623","page","type-page","status-publish","hentry"],"yoast_head":"<!-- This site is optimized with the Yoast SEO plugin v27.4 - https:\/\/yoast.com\/product\/yoast-seo-wordpress\/ -->\n<title>Informaci\u00f3n del Website - Formulario para Solicitud de Nuevos Eventos - Christian Science Houston Area<\/title>\n<meta name=\"robots\" content=\"index, follow, max-snippet:-1, max-image-preview:large, max-video-preview:-1\" \/>\n<link rel=\"canonical\" href=\"https:\/\/christianscienceheals.com\/es\/houcom-website-information-new-event-request-form\/\" \/>\n<meta property=\"og:locale\" content=\"es_ES\" \/>\n<meta property=\"og:type\" content=\"article\" \/>\n<meta property=\"og:title\" content=\"Informaci\u00f3n del Website - Formulario para Solicitud de Nuevos Eventos - Christian Science Houston Area\" \/>\n<meta property=\"og:description\" content=\"Por favor llene completamente el siguiente formulario para solicitar una modificaci\u00f3n de informaci\u00f3n o para agregar una p\u00e1gina en este sitio web. \u00a1Gracias! Instrucciones para el env\u00edo Por favor proporcione informaci\u00f3n detallada de su evento en el \u00e1rea \u00abDescripci\u00f3n\u00bb. Adem\u00e1s, revise toda la informaci\u00f3n para ver si es exacta y est\u00e1 completa antes de enviarla. [&hellip;]\" \/>\n<meta property=\"og:url\" content=\"https:\/\/christianscienceheals.com\/es\/houcom-website-information-new-event-request-form\/\" \/>\n<meta property=\"og:site_name\" content=\"Christian Science Houston Area\" \/>\n<meta property=\"article:publisher\" content=\"https:\/\/www.facebook.com\/christianscienceheals\/\" \/>\n<meta property=\"article:modified_time\" content=\"2024-08-05T19:09:58+00:00\" \/>\n<meta property=\"og:image\" content=\"https:\/\/i0.wp.com\/christianscienceheals.com\/files\/2022\/11\/Find_a_Houston_church.jpg?fit=2000%2C800&ssl=1\" \/>\n\t<meta property=\"og:image:width\" content=\"2000\" \/>\n\t<meta property=\"og:image:height\" content=\"800\" \/>\n\t<meta property=\"og:image:type\" content=\"image\/jpeg\" \/>\n<meta name=\"twitter:card\" content=\"summary_large_image\" \/>\n<meta name=\"twitter:site\" content=\"@cs_heals\" \/>\n<meta name=\"twitter:label1\" content=\"Tiempo de lectura\" \/>\n\t<meta name=\"twitter:data1\" content=\"1 minuto\" \/>\n<script type=\"application\/ld+json\" class=\"yoast-schema-graph\">{\"@context\":\"https:\\\/\\\/schema.org\",\"@graph\":[{\"@type\":\"WebPage\",\"@id\":\"https:\\\/\\\/christianscienceheals.com\\\/es\\\/houcom-website-information-new-event-request-form\\\/\",\"url\":\"https:\\\/\\\/christianscienceheals.com\\\/es\\\/houcom-website-information-new-event-request-form\\\/\",\"name\":\"Informaci\u00f3n del Website - Formulario para Solicitud de Nuevos Eventos - Christian Science Houston Area\",\"isPartOf\":{\"@id\":\"https:\\\/\\\/christianscienceheals.com\\\/es\\\/#website\"},\"datePublished\":\"2016-05-12T22:29:54+00:00\",\"dateModified\":\"2024-08-05T19:09:58+00:00\",\"breadcrumb\":{\"@id\":\"https:\\\/\\\/christianscienceheals.com\\\/es\\\/houcom-website-information-new-event-request-form\\\/#breadcrumb\"},\"inLanguage\":\"es\",\"potentialAction\":[{\"@type\":\"ReadAction\",\"target\":[[\"https:\\\/\\\/christianscienceheals.com\\\/es\\\/houcom-website-information-new-event-request-form\\\/\"]]}]},{\"@type\":\"BreadcrumbList\",\"@id\":\"https:\\\/\\\/christianscienceheals.com\\\/es\\\/houcom-website-information-new-event-request-form\\\/#breadcrumb\",\"itemListElement\":[{\"@type\":\"ListItem\",\"position\":1,\"name\":\"Home\",\"item\":\"https:\\\/\\\/christianscienceheals.com\\\/es\\\/\"},{\"@type\":\"ListItem\",\"position\":2,\"name\":\"HouCom Website Information New Event Request Form\"}]},{\"@type\":\"WebSite\",\"@id\":\"https:\\\/\\\/christianscienceheals.com\\\/es\\\/#website\",\"url\":\"https:\\\/\\\/christianscienceheals.com\\\/es\\\/\",\"name\":\"Christian Science Houston Area\",\"description\":\"Christian Science Churches and Resources in the Houston Texas Area\",\"publisher\":{\"@id\":\"https:\\\/\\\/christianscienceheals.com\\\/es\\\/#organization\"},\"potentialAction\":[{\"@type\":\"SearchAction\",\"target\":{\"@type\":\"EntryPoint\",\"urlTemplate\":\"https:\\\/\\\/christianscienceheals.com\\\/es\\\/?s={search_term_string}\"},\"query-input\":{\"@type\":\"PropertyValueSpecification\",\"valueRequired\":true,\"valueName\":\"search_term_string\"}}],\"inLanguage\":\"es\"},{\"@type\":\"Organization\",\"@id\":\"https:\\\/\\\/christianscienceheals.com\\\/es\\\/#organization\",\"name\":\"Christian Science Houston Area\",\"url\":\"https:\\\/\\\/christianscienceheals.com\\\/es\\\/\",\"logo\":{\"@type\":\"ImageObject\",\"inLanguage\":\"es\",\"@id\":\"https:\\\/\\\/christianscienceheals.com\\\/es\\\/#\\\/schema\\\/logo\\\/image\\\/\",\"url\":\"https:\\\/\\\/i0.wp.com\\\/christianscienceheals.com\\\/files\\\/2018\\\/02\\\/HOUCOM_logo_with_starburst.png?fit=1024%2C1024&ssl=1\",\"contentUrl\":\"https:\\\/\\\/i0.wp.com\\\/christianscienceheals.com\\\/files\\\/2018\\\/02\\\/HOUCOM_logo_with_starburst.png?fit=1024%2C1024&ssl=1\",\"width\":1024,\"height\":1024,\"caption\":\"Christian Science Houston Area\"},\"image\":{\"@id\":\"https:\\\/\\\/christianscienceheals.com\\\/es\\\/#\\\/schema\\\/logo\\\/image\\\/\"},\"sameAs\":[\"https:\\\/\\\/www.facebook.com\\\/christianscienceheals\\\/\",\"https:\\\/\\\/x.com\\\/cs_heals\",\"https:\\\/\\\/www.instagram.com\\\/christianscienceheals\\\/\"]}]}<\/script>\n<!-- \/ Yoast SEO plugin. -->","yoast_head_json":{"title":"Informaci\u00f3n del Website - Formulario para Solicitud de Nuevos Eventos - Christian Science Houston Area","robots":{"index":"index","follow":"follow","max-snippet":"max-snippet:-1","max-image-preview":"max-image-preview:large","max-video-preview":"max-video-preview:-1"},"canonical":"https:\/\/christianscienceheals.com\/es\/houcom-website-information-new-event-request-form\/","og_locale":"es_ES","og_type":"article","og_title":"Informaci\u00f3n del Website - Formulario para Solicitud de Nuevos Eventos - Christian Science Houston Area","og_description":"Por favor llene completamente el siguiente formulario para solicitar una modificaci\u00f3n de informaci\u00f3n o para agregar una p\u00e1gina en este sitio web. \u00a1Gracias! Instrucciones para el env\u00edo Por favor proporcione informaci\u00f3n detallada de su evento en el \u00e1rea \u00abDescripci\u00f3n\u00bb. Adem\u00e1s, revise toda la informaci\u00f3n para ver si es exacta y est\u00e1 completa antes de enviarla. [&hellip;]","og_url":"https:\/\/christianscienceheals.com\/es\/houcom-website-information-new-event-request-form\/","og_site_name":"Christian Science Houston Area","article_publisher":"https:\/\/www.facebook.com\/christianscienceheals\/","article_modified_time":"2024-08-05T19:09:58+00:00","og_image":[{"width":2000,"height":800,"url":"https:\/\/i0.wp.com\/christianscienceheals.com\/files\/2022\/11\/Find_a_Houston_church.jpg?fit=2000%2C800&ssl=1","type":"image\/jpeg"}],"twitter_card":"summary_large_image","twitter_site":"@cs_heals","twitter_misc":{"Tiempo de lectura":"1 minuto"},"schema":{"@context":"https:\/\/schema.org","@graph":[{"@type":"WebPage","@id":"https:\/\/christianscienceheals.com\/es\/houcom-website-information-new-event-request-form\/","url":"https:\/\/christianscienceheals.com\/es\/houcom-website-information-new-event-request-form\/","name":"Informaci\u00f3n del Website - Formulario para Solicitud de Nuevos Eventos - Christian Science Houston Area","isPartOf":{"@id":"https:\/\/christianscienceheals.com\/es\/#website"},"datePublished":"2016-05-12T22:29:54+00:00","dateModified":"2024-08-05T19:09:58+00:00","breadcrumb":{"@id":"https:\/\/christianscienceheals.com\/es\/houcom-website-information-new-event-request-form\/#breadcrumb"},"inLanguage":"es","potentialAction":[{"@type":"ReadAction","target":[["https:\/\/christianscienceheals.com\/es\/houcom-website-information-new-event-request-form\/"]]}]},{"@type":"BreadcrumbList","@id":"https:\/\/christianscienceheals.com\/es\/houcom-website-information-new-event-request-form\/#breadcrumb","itemListElement":[{"@type":"ListItem","position":1,"name":"Home","item":"https:\/\/christianscienceheals.com\/es\/"},{"@type":"ListItem","position":2,"name":"HouCom Website Information New Event Request Form"}]},{"@type":"WebSite","@id":"https:\/\/christianscienceheals.com\/es\/#website","url":"https:\/\/christianscienceheals.com\/es\/","name":"Christian Science Houston Area","description":"Christian Science Churches and Resources in the Houston Texas Area","publisher":{"@id":"https:\/\/christianscienceheals.com\/es\/#organization"},"potentialAction":[{"@type":"SearchAction","target":{"@type":"EntryPoint","urlTemplate":"https:\/\/christianscienceheals.com\/es\/?s={search_term_string}"},"query-input":{"@type":"PropertyValueSpecification","valueRequired":true,"valueName":"search_term_string"}}],"inLanguage":"es"},{"@type":"Organization","@id":"https:\/\/christianscienceheals.com\/es\/#organization","name":"Christian Science Houston Area","url":"https:\/\/christianscienceheals.com\/es\/","logo":{"@type":"ImageObject","inLanguage":"es","@id":"https:\/\/christianscienceheals.com\/es\/#\/schema\/logo\/image\/","url":"https:\/\/i0.wp.com\/christianscienceheals.com\/files\/2018\/02\/HOUCOM_logo_with_starburst.png?fit=1024%2C1024&ssl=1","contentUrl":"https:\/\/i0.wp.com\/christianscienceheals.com\/files\/2018\/02\/HOUCOM_logo_with_starburst.png?fit=1024%2C1024&ssl=1","width":1024,"height":1024,"caption":"Christian Science Houston Area"},"image":{"@id":"https:\/\/christianscienceheals.com\/es\/#\/schema\/logo\/image\/"},"sameAs":["https:\/\/www.facebook.com\/christianscienceheals\/","https:\/\/x.com\/cs_heals","https:\/\/www.instagram.com\/christianscienceheals\/"]}]}},"jetpack_sharing_enabled":false,"jetpack_shortlink":"https:\/\/wp.me\/P6OyHU-a3","_links":{"self":[{"href":"https:\/\/christianscienceheals.com\/es\/wp-json\/wp\/v2\/pages\/623","targetHints":{"allow":["GET"]}}],"collection":[{"href":"https:\/\/christianscienceheals.com\/es\/wp-json\/wp\/v2\/pages"}],"about":[{"href":"https:\/\/christianscienceheals.com\/es\/wp-json\/wp\/v2\/types\/page"}],"author":[{"embeddable":true,"href":"https:\/\/christianscienceheals.com\/es\/wp-json\/wp\/v2\/users\/1"}],"replies":[{"embeddable":true,"href":"https:\/\/christianscienceheals.com\/es\/wp-json\/wp\/v2\/comments?post=623"}],"version-history":[{"count":12,"href":"https:\/\/christianscienceheals.com\/es\/wp-json\/wp\/v2\/pages\/623\/revisions"}],"predecessor-version":[{"id":8628,"href":"https:\/\/christianscienceheals.com\/es\/wp-json\/wp\/v2\/pages\/623\/revisions\/8628"}],"wp:attachment":[{"href":"https:\/\/christianscienceheals.com\/es\/wp-json\/wp\/v2\/media?parent=623"}],"curies":[{"name":"wp","href":"https:\/\/api.w.org\/{rel}","templated":true}]}}