{"id":57,"date":"2015-08-11T21:27:16","date_gmt":"2015-08-12T02:27:16","guid":{"rendered":"http:\/\/christianscienceheals.com\/?page_id=57"},"modified":"2023-07-13T17:58:12","modified_gmt":"2023-07-13T22:58:12","slug":"practitioners","status":"publish","type":"page","link":"https:\/\/christianscienceheals.com\/es\/healing-and-health\/find-care\/practitioners\/","title":{"rendered":"Practicistas de la Ciencia Cristiana"},"content":{"rendered":"<p><b><a href=\"http:\/\/christianscience.com\/member-resources\/christian-science-practitioners\">\u00bfQu\u00e9 es un practicista de la Ciencia Cristiana?<\/a><\/b><\/p>\n<p><img data-recalc-dims=\"1\" loading=\"lazy\" decoding=\"async\" data-attachment-id=\"197\" data-permalink=\"https:\/\/christianscienceheals.com\/es\/churches\/seventh-church-of-christ-scientist-houston-texas\/20150405-scoccs-26\/\" data-orig-file=\"https:\/\/i0.wp.com\/christianscienceheals.com\/files\/2015\/09\/20150405-scoccs-26.jpg?fit=2048%2C1367&amp;ssl=1\" data-orig-size=\"2048,1367\" data-comments-opened=\"0\" data-image-meta=\"{&quot;aperture&quot;:&quot;8&quot;,&quot;credit&quot;:&quot;&quot;,&quot;camera&quot;:&quot;NIKON D600&quot;,&quot;caption&quot;:&quot;&quot;,&quot;created_timestamp&quot;:&quot;1428225022&quot;,&quot;copyright&quot;:&quot;CM PHOTOGRAPHY    Clint McWhirter&quot;,&quot;focal_length&quot;:&quot;85&quot;,&quot;iso&quot;:&quot;400&quot;,&quot;shutter_speed&quot;:&quot;0.005&quot;,&quot;title&quot;:&quot;&quot;,&quot;orientation&quot;:&quot;0&quot;}\" data-image-title=\"Seventh Church of Christ, Scientist, Houston\" data-image-description=\"\" data-image-caption=\"&lt;p&gt;Bible Study&lt;\/p&gt;\n\" data-medium-file=\"https:\/\/i0.wp.com\/christianscienceheals.com\/files\/2015\/09\/20150405-scoccs-26.jpg?fit=300%2C200&amp;ssl=1\" data-large-file=\"https:\/\/i0.wp.com\/christianscienceheals.com\/files\/2015\/09\/20150405-scoccs-26.jpg?fit=600%2C400&amp;ssl=1\" class=\"alignright wp-image-197 size-medium\" src=\"https:\/\/i0.wp.com\/christianscienceheals.com\/files\/2015\/09\/20150405-scoccs-26.jpg?resize=300%2C200&#038;ssl=1\" alt=\"Seventh Church of Christ, Scientist, Houston\" width=\"300\" height=\"200\" srcset=\"https:\/\/i0.wp.com\/christianscienceheals.com\/files\/2015\/09\/20150405-scoccs-26.jpg?resize=300%2C200&amp;ssl=1 300w, https:\/\/i0.wp.com\/christianscienceheals.com\/files\/2015\/09\/20150405-scoccs-26.jpg?resize=768%2C513&amp;ssl=1 768w, https:\/\/i0.wp.com\/christianscienceheals.com\/files\/2015\/09\/20150405-scoccs-26.jpg?resize=600%2C400&amp;ssl=1 600w, https:\/\/i0.wp.com\/christianscienceheals.com\/files\/2015\/09\/20150405-scoccs-26.jpg?w=2048&amp;ssl=1 2048w, https:\/\/i0.wp.com\/christianscienceheals.com\/files\/2015\/09\/20150405-scoccs-26.jpg?w=1700&amp;ssl=1 1700w\" sizes=\"auto, (max-width: 300px) 100vw, 300px\" \/><\/p>\n<p>Los practicistas de la Ciencia Cristiana proveen tratamiento espiritual a trav\u00e9s de la oraci\u00f3n que resulta en sanaci\u00f3n. Est\u00e1n disponibles a tiempo completo para ayudar a trav\u00e9s de la oraci\u00f3n a cualquier persona, en cualquier lugar, y proporcionar tratamiento de la Ciencia Cristiana para cualquier desaf\u00edo de la vida. Tambi\u00e9n pueden responder cualquier pregunta que usted pueda tener sobre la curaci\u00f3n espiritual.<\/p>\n<p><b>\u00bfQu\u00e9 es un tratamiento de la Ciencia Cristiana?\u00a0<\/b><\/p>\n<p><span style=\"font-weight: 400\">El tratamiento es basado en la <\/span><span style=\"font-weight: 400\"><a href=\"http:\/\/christianscience.com\/what-is-christian-science\/the-bible\">Biblia<\/a>\u00a0y en los principios explicados en<\/span><span style=\"font-weight: 400\">\u00a0<\/span><a href=\"http:\/\/christianscience.com\/the-christian-science-pastor\/science-and-health\"><i><span style=\"font-weight: 400\">Ciencia y Salud con la Llave de la Escrituras<\/span><\/i><\/a><span style=\"font-weight: 400\">\u00a0por\u00a0<\/span><span style=\"font-weight: 400\"><a href=\"http:\/\/christianscience.com\/what-is-christian-science\/mary-baker-eddy\">Mary Baker Eddy<\/a>,\u00a0<\/span>incluyendo la idea de que hay un \u00fanico Dios, completamente bueno, que ama y cuida de cada uno de nosotros. El tratamiento comienza con el practicista quitando el miedo del paciente y ayud\u00e1ndolo a tornar el pensamiento a Dios.<\/p>\n<p><b>\u00bfCu\u00e1nto cobra un practicista de la Ciencia Cristiana?<\/b><\/p>\n<p>Los practicistas de la Ciencia Cristiana son profesionales y cobran por el trabajo que proporcionan, pero el costo por tratamiento var\u00eda con cada practicista. As\u00ed que si\u00e9ntase libre de hablar del pago antes de contratar sus servicios.<\/p>\n<p><b><a href=\"http:\/\/christianscience.com\/find-us\/find-a-christian-science-practitioner\">\u00bfC\u00f3mo encontrar un practicista?<\/a><\/b><\/p>\n<p>Si desea obtener m\u00e1s informaci\u00f3n sobre la sanaci\u00f3n basada en la oraci\u00f3n, puede ponerse en contacto con un practicista por tel\u00e9fono o correo electr\u00f3nico. Muchos tienen oficinas donde pueden reunirse en persona. A continuaci\u00f3n le presentamos una lista de practicistas de la Ciencia Cristiana en el \u00e1rea de Houston:<\/p>\n<p style=\"text-align: center; margin: 2em 0;\"><a href=\"https:\/\/directory.christianscience.com\/search_results?keyword=&#038;location=houston%2C+tx&#038;latitude=&#038;longitude=&#038;rt-pt=1&#038;map_lat=42.345052&#038;map_lng=-71.083207&#038;zoom=2&#038;sort=distance\" class=\"btn btn-lg btn-primary\" target=\"_blank\" rel=\"noopener\">Encuentre un practicante o maestro de la Ciencia Cristiana<\/a><\/p>\n<p>Tambi\u00e9n puede encontrar una lista de practicistas de la Ciencia Cristiana en\u00a0<i><a href=\"http:\/\/journal.christianscience.com\">The Christian Science Journal<\/a><\/i>.\u00a0 P<span style=\"font-weight: 400\">uede buscar practicistas\u00a0alrededor del mundo o ingresar su c\u00f3digo postal bajo <em>ubicaci\u00f3n<\/em> y as\u00ed encontrar practicistas\u00a0en su zona.<\/span><\/p>","protected":false},"excerpt":{"rendered":"<p>\u00bfQu\u00e9 es un practicista de la Ciencia Cristiana? Los practicistas de la Ciencia Cristiana proveen tratamiento espiritual a trav\u00e9s de la oraci\u00f3n que resulta en sanaci\u00f3n. Est\u00e1n disponibles a tiempo completo para ayudar a trav\u00e9s de la oraci\u00f3n a cualquier persona, en cualquier lugar, y proporcionar tratamiento de la Ciencia Cristiana para cualquier desaf\u00edo de [&hellip;]<\/p>\n","protected":false},"author":1,"featured_media":0,"parent":54,"menu_order":3,"comment_status":"closed","ping_status":"open","template":"","meta":{"_monsterinsights_skip_tracking":false,"_monsterinsights_sitenote_active":false,"_monsterinsights_sitenote_note":"","_monsterinsights_sitenote_category":0,"jetpack_post_was_ever_published":false,"_vp_format_video_url":"","_vp_image_focal_point":[],"footnotes":""},"class_list":["post-57","page","type-page","status-publish","hentry"],"yoast_head":"<!-- This site is optimized with the Yoast SEO plugin v27.3 - https:\/\/yoast.com\/product\/yoast-seo-wordpress\/ -->\n<title>Practicistas de la Ciencia Cristiana - Christian Science Houston Area<\/title>\n<meta name=\"robots\" content=\"index, follow, max-snippet:-1, max-image-preview:large, max-video-preview:-1\" \/>\n<link rel=\"canonical\" href=\"https:\/\/christianscienceheals.com\/es\/healing-and-health\/find-care\/practitioners\/\" \/>\n<meta property=\"og:locale\" content=\"es_ES\" \/>\n<meta property=\"og:type\" content=\"article\" \/>\n<meta property=\"og:title\" content=\"Practicistas de la Ciencia Cristiana - Christian Science Houston Area\" \/>\n<meta property=\"og:description\" content=\"\u00bfQu\u00e9 es un practicista de la Ciencia Cristiana? Los practicistas de la Ciencia Cristiana proveen tratamiento espiritual a trav\u00e9s de la oraci\u00f3n que resulta en sanaci\u00f3n. Est\u00e1n disponibles a tiempo completo para ayudar a trav\u00e9s de la oraci\u00f3n a cualquier persona, en cualquier lugar, y proporcionar tratamiento de la Ciencia Cristiana para cualquier desaf\u00edo de [&hellip;]\" \/>\n<meta property=\"og:url\" content=\"https:\/\/christianscienceheals.com\/es\/healing-and-health\/find-care\/practitioners\/\" \/>\n<meta property=\"og:site_name\" content=\"Christian Science Houston Area\" \/>\n<meta property=\"article:publisher\" content=\"https:\/\/www.facebook.com\/christianscienceheals\/\" \/>\n<meta property=\"article:modified_time\" content=\"2023-07-13T22:58:12+00:00\" \/>\n<meta property=\"og:image\" content=\"https:\/\/christianscienceheals.com\/files\/2015\/09\/20150405-scoccs-26-300x200.jpg\" \/>\n<meta name=\"twitter:card\" content=\"summary_large_image\" \/>\n<meta name=\"twitter:site\" content=\"@cs_heals\" \/>\n<meta name=\"twitter:label1\" content=\"Tiempo de lectura\" \/>\n\t<meta name=\"twitter:data1\" content=\"3 minutos\" \/>\n<script type=\"application\/ld+json\" class=\"yoast-schema-graph\">{\"@context\":\"https:\\\/\\\/schema.org\",\"@graph\":[{\"@type\":\"WebPage\",\"@id\":\"https:\\\/\\\/christianscienceheals.com\\\/es\\\/healing-and-health\\\/find-care\\\/practitioners\\\/\",\"url\":\"https:\\\/\\\/christianscienceheals.com\\\/es\\\/healing-and-health\\\/find-care\\\/practitioners\\\/\",\"name\":\"Practicistas de la Ciencia Cristiana - Christian Science Houston Area\",\"isPartOf\":{\"@id\":\"https:\\\/\\\/christianscienceheals.com\\\/es\\\/#website\"},\"primaryImageOfPage\":{\"@id\":\"https:\\\/\\\/christianscienceheals.com\\\/es\\\/healing-and-health\\\/find-care\\\/practitioners\\\/#primaryimage\"},\"image\":{\"@id\":\"https:\\\/\\\/christianscienceheals.com\\\/healing-and-health\\\/find-care\\\/practitioners\\\/#primaryimage\"},\"thumbnailUrl\":\"https:\\\/\\\/christianscienceheals.com\\\/files\\\/2015\\\/09\\\/20150405-scoccs-26-300x200.jpg\",\"datePublished\":\"2015-08-12T02:27:16+00:00\",\"dateModified\":\"2023-07-13T22:58:12+00:00\",\"breadcrumb\":{\"@id\":\"https:\\\/\\\/christianscienceheals.com\\\/es\\\/healing-and-health\\\/find-care\\\/practitioners\\\/#breadcrumb\"},\"inLanguage\":\"es\",\"potentialAction\":[{\"@type\":\"ReadAction\",\"target\":[[\"https:\\\/\\\/christianscienceheals.com\\\/es\\\/healing-and-health\\\/find-care\\\/practitioners\\\/\"]]}]},{\"@type\":\"ImageObject\",\"inLanguage\":\"es\",\"@id\":\"https:\\\/\\\/christianscienceheals.com\\\/es\\\/healing-and-health\\\/find-care\\\/practitioners\\\/#primaryimage\",\"url\":\"https:\\\/\\\/christianscienceheals.com\\\/files\\\/2015\\\/09\\\/20150405-scoccs-26-300x200.jpg\",\"contentUrl\":\"https:\\\/\\\/christianscienceheals.com\\\/files\\\/2015\\\/09\\\/20150405-scoccs-26-300x200.jpg\"},{\"@type\":\"BreadcrumbList\",\"@id\":\"https:\\\/\\\/christianscienceheals.com\\\/es\\\/healing-and-health\\\/find-care\\\/practitioners\\\/#breadcrumb\",\"itemListElement\":[{\"@type\":\"ListItem\",\"position\":1,\"name\":\"Home\",\"item\":\"https:\\\/\\\/christianscienceheals.com\\\/es\\\/\"},{\"@type\":\"ListItem\",\"position\":2,\"name\":\"Healing &amp; Health\",\"item\":\"https:\\\/\\\/christianscienceheals.com\\\/es\\\/healing-and-health\\\/\"},{\"@type\":\"ListItem\",\"position\":3,\"name\":\"Find Care\",\"item\":\"https:\\\/\\\/christianscienceheals.com\\\/es\\\/healing-and-health\\\/find-care\\\/\"},{\"@type\":\"ListItem\",\"position\":4,\"name\":\"Christian Science Practitioners\"}]},{\"@type\":\"WebSite\",\"@id\":\"https:\\\/\\\/christianscienceheals.com\\\/es\\\/#website\",\"url\":\"https:\\\/\\\/christianscienceheals.com\\\/es\\\/\",\"name\":\"Christian Science Houston Area\",\"description\":\"Christian Science Churches and Resources in the Houston Texas Area\",\"publisher\":{\"@id\":\"https:\\\/\\\/christianscienceheals.com\\\/es\\\/#organization\"},\"potentialAction\":[{\"@type\":\"SearchAction\",\"target\":{\"@type\":\"EntryPoint\",\"urlTemplate\":\"https:\\\/\\\/christianscienceheals.com\\\/es\\\/?s={search_term_string}\"},\"query-input\":{\"@type\":\"PropertyValueSpecification\",\"valueRequired\":true,\"valueName\":\"search_term_string\"}}],\"inLanguage\":\"es\"},{\"@type\":\"Organization\",\"@id\":\"https:\\\/\\\/christianscienceheals.com\\\/es\\\/#organization\",\"name\":\"Christian Science Houston Area\",\"url\":\"https:\\\/\\\/christianscienceheals.com\\\/es\\\/\",\"logo\":{\"@type\":\"ImageObject\",\"inLanguage\":\"es\",\"@id\":\"https:\\\/\\\/christianscienceheals.com\\\/es\\\/#\\\/schema\\\/logo\\\/image\\\/\",\"url\":\"https:\\\/\\\/i0.wp.com\\\/christianscienceheals.com\\\/files\\\/2018\\\/02\\\/HOUCOM_logo_with_starburst.png?fit=1024%2C1024&ssl=1\",\"contentUrl\":\"https:\\\/\\\/i0.wp.com\\\/christianscienceheals.com\\\/files\\\/2018\\\/02\\\/HOUCOM_logo_with_starburst.png?fit=1024%2C1024&ssl=1\",\"width\":1024,\"height\":1024,\"caption\":\"Christian Science Houston Area\"},\"image\":{\"@id\":\"https:\\\/\\\/christianscienceheals.com\\\/es\\\/#\\\/schema\\\/logo\\\/image\\\/\"},\"sameAs\":[\"https:\\\/\\\/www.facebook.com\\\/christianscienceheals\\\/\",\"https:\\\/\\\/x.com\\\/cs_heals\",\"https:\\\/\\\/www.instagram.com\\\/christianscienceheals\\\/\"]}]}<\/script>\n<!-- \/ Yoast SEO plugin. -->","yoast_head_json":{"title":"Practicistas de la Ciencia Cristiana - Christian Science Houston Area","robots":{"index":"index","follow":"follow","max-snippet":"max-snippet:-1","max-image-preview":"max-image-preview:large","max-video-preview":"max-video-preview:-1"},"canonical":"https:\/\/christianscienceheals.com\/es\/healing-and-health\/find-care\/practitioners\/","og_locale":"es_ES","og_type":"article","og_title":"Practicistas de la Ciencia Cristiana - Christian Science Houston Area","og_description":"\u00bfQu\u00e9 es un practicista de la Ciencia Cristiana? Los practicistas de la Ciencia Cristiana proveen tratamiento espiritual a trav\u00e9s de la oraci\u00f3n que resulta en sanaci\u00f3n. Est\u00e1n disponibles a tiempo completo para ayudar a trav\u00e9s de la oraci\u00f3n a cualquier persona, en cualquier lugar, y proporcionar tratamiento de la Ciencia Cristiana para cualquier desaf\u00edo de [&hellip;]","og_url":"https:\/\/christianscienceheals.com\/es\/healing-and-health\/find-care\/practitioners\/","og_site_name":"Christian Science Houston Area","article_publisher":"https:\/\/www.facebook.com\/christianscienceheals\/","article_modified_time":"2023-07-13T22:58:12+00:00","og_image":[{"url":"https:\/\/christianscienceheals.com\/files\/2015\/09\/20150405-scoccs-26-300x200.jpg","type":"","width":"","height":""}],"twitter_card":"summary_large_image","twitter_site":"@cs_heals","twitter_misc":{"Tiempo de lectura":"3 minutos"},"schema":{"@context":"https:\/\/schema.org","@graph":[{"@type":"WebPage","@id":"https:\/\/christianscienceheals.com\/es\/healing-and-health\/find-care\/practitioners\/","url":"https:\/\/christianscienceheals.com\/es\/healing-and-health\/find-care\/practitioners\/","name":"Practicistas de la Ciencia Cristiana - Christian Science Houston Area","isPartOf":{"@id":"https:\/\/christianscienceheals.com\/es\/#website"},"primaryImageOfPage":{"@id":"https:\/\/christianscienceheals.com\/es\/healing-and-health\/find-care\/practitioners\/#primaryimage"},"image":{"@id":"https:\/\/christianscienceheals.com\/healing-and-health\/find-care\/practitioners\/#primaryimage"},"thumbnailUrl":"https:\/\/christianscienceheals.com\/files\/2015\/09\/20150405-scoccs-26-300x200.jpg","datePublished":"2015-08-12T02:27:16+00:00","dateModified":"2023-07-13T22:58:12+00:00","breadcrumb":{"@id":"https:\/\/christianscienceheals.com\/es\/healing-and-health\/find-care\/practitioners\/#breadcrumb"},"inLanguage":"es","potentialAction":[{"@type":"ReadAction","target":[["https:\/\/christianscienceheals.com\/es\/healing-and-health\/find-care\/practitioners\/"]]}]},{"@type":"ImageObject","inLanguage":"es","@id":"https:\/\/christianscienceheals.com\/es\/healing-and-health\/find-care\/practitioners\/#primaryimage","url":"https:\/\/christianscienceheals.com\/files\/2015\/09\/20150405-scoccs-26-300x200.jpg","contentUrl":"https:\/\/christianscienceheals.com\/files\/2015\/09\/20150405-scoccs-26-300x200.jpg"},{"@type":"BreadcrumbList","@id":"https:\/\/christianscienceheals.com\/es\/healing-and-health\/find-care\/practitioners\/#breadcrumb","itemListElement":[{"@type":"ListItem","position":1,"name":"Home","item":"https:\/\/christianscienceheals.com\/es\/"},{"@type":"ListItem","position":2,"name":"Healing &amp; Health","item":"https:\/\/christianscienceheals.com\/es\/healing-and-health\/"},{"@type":"ListItem","position":3,"name":"Find Care","item":"https:\/\/christianscienceheals.com\/es\/healing-and-health\/find-care\/"},{"@type":"ListItem","position":4,"name":"Christian Science Practitioners"}]},{"@type":"WebSite","@id":"https:\/\/christianscienceheals.com\/es\/#website","url":"https:\/\/christianscienceheals.com\/es\/","name":"Christian Science Houston Area","description":"Christian Science Churches and Resources in the Houston Texas Area","publisher":{"@id":"https:\/\/christianscienceheals.com\/es\/#organization"},"potentialAction":[{"@type":"SearchAction","target":{"@type":"EntryPoint","urlTemplate":"https:\/\/christianscienceheals.com\/es\/?s={search_term_string}"},"query-input":{"@type":"PropertyValueSpecification","valueRequired":true,"valueName":"search_term_string"}}],"inLanguage":"es"},{"@type":"Organization","@id":"https:\/\/christianscienceheals.com\/es\/#organization","name":"Christian Science Houston Area","url":"https:\/\/christianscienceheals.com\/es\/","logo":{"@type":"ImageObject","inLanguage":"es","@id":"https:\/\/christianscienceheals.com\/es\/#\/schema\/logo\/image\/","url":"https:\/\/i0.wp.com\/christianscienceheals.com\/files\/2018\/02\/HOUCOM_logo_with_starburst.png?fit=1024%2C1024&ssl=1","contentUrl":"https:\/\/i0.wp.com\/christianscienceheals.com\/files\/2018\/02\/HOUCOM_logo_with_starburst.png?fit=1024%2C1024&ssl=1","width":1024,"height":1024,"caption":"Christian Science Houston Area"},"image":{"@id":"https:\/\/christianscienceheals.com\/es\/#\/schema\/logo\/image\/"},"sameAs":["https:\/\/www.facebook.com\/christianscienceheals\/","https:\/\/x.com\/cs_heals","https:\/\/www.instagram.com\/christianscienceheals\/"]}]}},"jetpack_sharing_enabled":true,"jetpack_shortlink":"https:\/\/wp.me\/P6OyHU-V","_links":{"self":[{"href":"https:\/\/christianscienceheals.com\/es\/wp-json\/wp\/v2\/pages\/57","targetHints":{"allow":["GET"]}}],"collection":[{"href":"https:\/\/christianscienceheals.com\/es\/wp-json\/wp\/v2\/pages"}],"about":[{"href":"https:\/\/christianscienceheals.com\/es\/wp-json\/wp\/v2\/types\/page"}],"author":[{"embeddable":true,"href":"https:\/\/christianscienceheals.com\/es\/wp-json\/wp\/v2\/users\/1"}],"replies":[{"embeddable":true,"href":"https:\/\/christianscienceheals.com\/es\/wp-json\/wp\/v2\/comments?post=57"}],"version-history":[{"count":47,"href":"https:\/\/christianscienceheals.com\/es\/wp-json\/wp\/v2\/pages\/57\/revisions"}],"predecessor-version":[{"id":8239,"href":"https:\/\/christianscienceheals.com\/es\/wp-json\/wp\/v2\/pages\/57\/revisions\/8239"}],"up":[{"embeddable":true,"href":"https:\/\/christianscienceheals.com\/es\/wp-json\/wp\/v2\/pages\/54"}],"wp:attachment":[{"href":"https:\/\/christianscienceheals.com\/es\/wp-json\/wp\/v2\/media?parent=57"}],"curies":[{"name":"wp","href":"https:\/\/api.w.org\/{rel}","templated":true}]}}