{"id":544,"date":"2016-04-23T02:11:17","date_gmt":"2016-04-23T07:11:17","guid":{"rendered":"http:\/\/christianscienceheals.com\/?page_id=544"},"modified":"2017-03-29T20:58:52","modified_gmt":"2017-03-30T01:58:52","slug":"houcom-website-information-change-request","status":"publish","type":"page","link":"https:\/\/christianscienceheals.com\/es\/houcom-website-information-change-request\/","title":{"rendered":"Solicitud para modificaci\u00f3n de informaci\u00f3n del sitio Web HouCom"},"content":{"rendered":"<p>Por favor llene completamente el siguiente formulario para solicitar una modificaci\u00f3n de informaci\u00f3n o una p\u00e1gina en este sitio web. \u00a1Gracias!<\/p>\n<div class=\"well\">\n<div class=\"wpcf7 no-js\" id=\"wpcf7-f546-o2\" lang=\"en-US\" dir=\"ltr\" data-wpcf7-id=\"546\">\n<div class=\"screen-reader-response\"><p role=\"status\" aria-live=\"polite\" aria-atomic=\"true\"><\/p> <ul><\/ul><\/div>\n<form action=\"\/es\/wp-json\/wp\/v2\/pages\/544#wpcf7-f546-o2\" method=\"post\" class=\"wpcf7-form init\" aria-label=\"Contact form\" novalidate=\"novalidate\" data-status=\"init\">\n<fieldset class=\"hidden-fields-container\"><input type=\"hidden\" name=\"_wpcf7\" value=\"546\" \/><input type=\"hidden\" name=\"_wpcf7_version\" value=\"6.1.5\" \/><input type=\"hidden\" name=\"_wpcf7_locale\" value=\"en_US\" \/><input type=\"hidden\" name=\"_wpcf7_unit_tag\" value=\"wpcf7-f546-o2\" \/><input type=\"hidden\" name=\"_wpcf7_container_post\" value=\"0\" \/><input type=\"hidden\" name=\"_wpcf7_posted_data_hash\" value=\"\" \/><input type=\"hidden\" name=\"_wpcf7dtx_version\" value=\"5.0.5\" \/><input type=\"hidden\" name=\"_wpcf7_recaptcha_response\" value=\"\" \/>\n<\/fieldset>\n<p>* = Required field\n<\/p>\n<h3>Representative Contact Information:\n<\/h3>\n<p><div class=\"form-group yourName\"><label class=\"\">Your Name <span class=\"required\">*<\/span><\/label><input class=\"wpcf7-form-control wpcf7-text wpcf7-validates-as-required form-control\" name=\"yourName\" type=\"text\" value=\"\" aria-invalid=\"false\" aria-required=\"true\" required><\/div><br \/>\n<div class=\"form-group yourTitle\"><label class=\"\">Title<\/label><input class=\"wpcf7-form-control wpcf7-text form-control\" name=\"yourTitle\" type=\"text\" value=\"\" aria-invalid=\"false\"><\/div><br \/>\n<div class=\"form-group yourEmail\"><label class=\"\">Email <span class=\"required\">*<\/span><\/label><input class=\"wpcf7-form-control wpcf7-email wpcf7-validates-as-required wpcf7-text wpcf7-validates-as-email form-control\" name=\"yourEmail\" type=\"email\" value=\"\" aria-invalid=\"false\" aria-required=\"true\" required><\/div><br \/>\n<div class=\"form-group yourPhone\"><label class=\"\">Phone <span class=\"required\">*<\/span><\/label><input class=\"wpcf7-form-control wpcf7-text wpcf7-validates-as-required form-control\" name=\"yourPhone\" type=\"text\" value=\"\" aria-invalid=\"false\" aria-required=\"true\" required><\/div><br \/>\n<div class=\"form-group yourChurch\"><label class=\"\">Your Church <span class=\"required\">*<\/span><\/label><select class=\"wpcf7-form-control wpcf7-select wpcf7-validates-as-required form-control\" name=\"yourChurch\" aria-invalid=\"false\" aria-required=\"true\" required><option value=\"Fourth Church Houston\">Fourth Church Houston<\/option><option value=\"Seventh Church Houston\">Seventh Church Houston<\/option><option value=\"Eighth Church Houston\">Eighth Church Houston<\/option><option value=\"Ninth Church Houston\">Ninth Church Houston<\/option><option value=\"First Church Bellaire\">First Church Bellaire<\/option><option value=\"First Church Friendswood\">First Church Friendswood<\/option><option value=\"First Church The Woodlands\">First Church The Woodlands<\/option><option value=\"HOUCOM\">HOUCOM<\/option><option value=\"OTHER\">OTHER<\/option><\/select><\/div>\n<\/p>\n<h3>Information to be Changed\n<\/h3>\n<div class=\"form-group\">\n\t<p><label for=\"pageURL\">URL of Page to Update:<\/label><br \/>\n<span class=\"wpcf7-form-control-wrap pageURL\" data-name=\"pageURL\"><input type=\"text\" name=\"pageURL\" class=\"wpcf7-form-control wpcf7-text wpcf7dtx wpcf7dtx-text form-control\" aria-invalid=\"false\"><\/span>\n\t<\/p>\n<\/div>\n<p><div class=\"form-group oldInfo\"><label class=\"\">Information as Currently posted: <span class=\"required\">*<\/span><\/label><textarea class=\"wpcf7-form-control wpcf7-textarea wpcf7-validates-as-required form-control form-control\" name=\"oldInfo\" rows=\"4\" aria-invalid=\"false\" aria-required=\"true\" required><\/textarea><\/div><br \/>\n<div class=\"form-group newInfo\"><label class=\"\">New Information to be posted: <span class=\"required\">*<\/span><\/label><textarea class=\"wpcf7-form-control wpcf7-textarea wpcf7-validates-as-required form-control form-control\" name=\"newInfo\" rows=\"4\" aria-invalid=\"false\" aria-required=\"true\" required><\/textarea><\/div>\n<\/p>\n<h4>Optional: Attach files\n<\/h4>\n<p><div class=\"form-group attachedFileHomepageBanner\"><label class=\"\">Homepage Banner Graphic (JPEG format preferred, PNG OK if primarily text \/ graphics not photos, 400px wide by 400px tall, high-quality, Max file size: 5.0MB)<\/label><input class=\"wpcf7-form-control wpcf7-file \" name=\"attachedFileHomepageBanner\" type=\"file\" aria-invalid=\"false\"><\/div><br \/>\n<div class=\"form-group attachedFileFlyerGraphic\"><label class=\"\">Flyer Graphic or Lecturer headshot (JPEG format preferred, PNG OK if primarily text \/ graphics not photos, up to 2000px wide, as tall as necessary high-quality, Max file size: 5.0MB)<\/label><input class=\"wpcf7-form-control wpcf7-file \" name=\"attachedFileFlyerGraphic\" type=\"file\" aria-invalid=\"false\"><\/div><br \/>\n<div class=\"form-group attachedFileFlyerPDF\"><label class=\"\">Flyer PDF (PDF format, high-resolution, , Max file size: 5.0MB)<\/label><input class=\"wpcf7-form-control wpcf7-file \" name=\"attachedFileFlyerPDF\" type=\"file\" aria-invalid=\"false\"><\/div>\n<\/p>\n<p><div class=\"form-group comments\"><label class=\"\">Additional  directions or clarification<\/label><textarea class=\"wpcf7-form-control wpcf7-textarea form-control form-control\" name=\"comments\" rows=\"4\" aria-invalid=\"false\"><\/textarea><\/div>\n<\/p>\n\n<p><div class=\"form-group\"><div><input class=\"wpcf7-form-control wpcf7-submit btn btn-primary\" type=\"submit\" value=\"Submit Change Request\"><\/div><\/div>\n<\/p><p style=\"display: none !important;\" class=\"akismet-fields-container\" data-prefix=\"_wpcf7_ak_\"><label>&#916;<textarea name=\"_wpcf7_ak_hp_textarea\" cols=\"45\" rows=\"8\" maxlength=\"100\"><\/textarea><\/label><input type=\"hidden\" id=\"ak_js_2\" name=\"_wpcf7_ak_js\" value=\"96\"\/><script>document.getElementById( \"ak_js_2\" ).setAttribute( \"value\", ( new Date() ).getTime() );<\/script><\/p><div class=\"wpcf7-response-output alert alert-warning\"><\/div>\n<\/form>\n<\/div>\n<\/div>\n<p><\/p>","protected":false},"excerpt":{"rendered":"<p>Por favor llene completamente el siguiente formulario para solicitar una modificaci\u00f3n de informaci\u00f3n o una p\u00e1gina en este sitio web. \u00a1Gracias!<\/p>\n","protected":false},"author":1,"featured_media":0,"parent":0,"menu_order":0,"comment_status":"closed","ping_status":"closed","template":"page-no-sidebar.php","meta":{"_monsterinsights_skip_tracking":false,"_monsterinsights_sitenote_active":false,"_monsterinsights_sitenote_note":"","_monsterinsights_sitenote_category":0,"jetpack_post_was_ever_published":false,"_vp_format_video_url":"","_vp_image_focal_point":[],"footnotes":""},"class_list":["post-544","page","type-page","status-publish","hentry"],"yoast_head":"<!-- This site is optimized with the Yoast SEO plugin v27.3 - https:\/\/yoast.com\/product\/yoast-seo-wordpress\/ -->\n<title>Solicitud para modificaci\u00f3n de informaci\u00f3n del sitio Web HouCom - Christian Science Houston Area<\/title>\n<meta name=\"robots\" content=\"index, follow, max-snippet:-1, max-image-preview:large, max-video-preview:-1\" \/>\n<link rel=\"canonical\" href=\"https:\/\/christianscienceheals.com\/es\/houcom-website-information-change-request\/\" \/>\n<meta property=\"og:locale\" content=\"es_ES\" \/>\n<meta property=\"og:type\" content=\"article\" \/>\n<meta property=\"og:title\" content=\"Solicitud para modificaci\u00f3n de informaci\u00f3n del sitio Web HouCom - Christian Science Houston Area\" \/>\n<meta property=\"og:description\" content=\"Por favor llene completamente el siguiente formulario para solicitar una modificaci\u00f3n de informaci\u00f3n o una p\u00e1gina en este sitio web. \u00a1Gracias!\" \/>\n<meta property=\"og:url\" content=\"https:\/\/christianscienceheals.com\/es\/houcom-website-information-change-request\/\" \/>\n<meta property=\"og:site_name\" content=\"Christian Science Houston Area\" \/>\n<meta property=\"article:publisher\" content=\"https:\/\/www.facebook.com\/christianscienceheals\/\" \/>\n<meta property=\"article:modified_time\" content=\"2017-03-30T01:58:52+00:00\" \/>\n<meta property=\"og:image\" content=\"https:\/\/i0.wp.com\/christianscienceheals.com\/files\/2022\/11\/Find_a_Houston_church.jpg?fit=2000%2C800&ssl=1\" \/>\n\t<meta property=\"og:image:width\" content=\"2000\" \/>\n\t<meta property=\"og:image:height\" content=\"800\" \/>\n\t<meta property=\"og:image:type\" content=\"image\/jpeg\" \/>\n<meta name=\"twitter:card\" content=\"summary_large_image\" \/>\n<meta name=\"twitter:site\" content=\"@cs_heals\" \/>\n<script type=\"application\/ld+json\" class=\"yoast-schema-graph\">{\"@context\":\"https:\\\/\\\/schema.org\",\"@graph\":[{\"@type\":\"WebPage\",\"@id\":\"https:\\\/\\\/christianscienceheals.com\\\/es\\\/houcom-website-information-change-request\\\/\",\"url\":\"https:\\\/\\\/christianscienceheals.com\\\/es\\\/houcom-website-information-change-request\\\/\",\"name\":\"Solicitud para modificaci\u00f3n de informaci\u00f3n del sitio Web HouCom - Christian Science Houston Area\",\"isPartOf\":{\"@id\":\"https:\\\/\\\/christianscienceheals.com\\\/es\\\/#website\"},\"datePublished\":\"2016-04-23T07:11:17+00:00\",\"dateModified\":\"2017-03-30T01:58:52+00:00\",\"breadcrumb\":{\"@id\":\"https:\\\/\\\/christianscienceheals.com\\\/es\\\/houcom-website-information-change-request\\\/#breadcrumb\"},\"inLanguage\":\"es\",\"potentialAction\":[{\"@type\":\"ReadAction\",\"target\":[[\"https:\\\/\\\/christianscienceheals.com\\\/es\\\/houcom-website-information-change-request\\\/\"]]}]},{\"@type\":\"BreadcrumbList\",\"@id\":\"https:\\\/\\\/christianscienceheals.com\\\/es\\\/houcom-website-information-change-request\\\/#breadcrumb\",\"itemListElement\":[{\"@type\":\"ListItem\",\"position\":1,\"name\":\"Home\",\"item\":\"https:\\\/\\\/christianscienceheals.com\\\/es\\\/\"},{\"@type\":\"ListItem\",\"position\":2,\"name\":\"HouCom Website Information Change Request\"}]},{\"@type\":\"WebSite\",\"@id\":\"https:\\\/\\\/christianscienceheals.com\\\/es\\\/#website\",\"url\":\"https:\\\/\\\/christianscienceheals.com\\\/es\\\/\",\"name\":\"Christian Science Houston Area\",\"description\":\"Christian Science Churches and Resources in the Houston Texas Area\",\"publisher\":{\"@id\":\"https:\\\/\\\/christianscienceheals.com\\\/es\\\/#organization\"},\"potentialAction\":[{\"@type\":\"SearchAction\",\"target\":{\"@type\":\"EntryPoint\",\"urlTemplate\":\"https:\\\/\\\/christianscienceheals.com\\\/es\\\/?s={search_term_string}\"},\"query-input\":{\"@type\":\"PropertyValueSpecification\",\"valueRequired\":true,\"valueName\":\"search_term_string\"}}],\"inLanguage\":\"es\"},{\"@type\":\"Organization\",\"@id\":\"https:\\\/\\\/christianscienceheals.com\\\/es\\\/#organization\",\"name\":\"Christian Science Houston Area\",\"url\":\"https:\\\/\\\/christianscienceheals.com\\\/es\\\/\",\"logo\":{\"@type\":\"ImageObject\",\"inLanguage\":\"es\",\"@id\":\"https:\\\/\\\/christianscienceheals.com\\\/es\\\/#\\\/schema\\\/logo\\\/image\\\/\",\"url\":\"https:\\\/\\\/i0.wp.com\\\/christianscienceheals.com\\\/files\\\/2018\\\/02\\\/HOUCOM_logo_with_starburst.png?fit=1024%2C1024&ssl=1\",\"contentUrl\":\"https:\\\/\\\/i0.wp.com\\\/christianscienceheals.com\\\/files\\\/2018\\\/02\\\/HOUCOM_logo_with_starburst.png?fit=1024%2C1024&ssl=1\",\"width\":1024,\"height\":1024,\"caption\":\"Christian Science Houston Area\"},\"image\":{\"@id\":\"https:\\\/\\\/christianscienceheals.com\\\/es\\\/#\\\/schema\\\/logo\\\/image\\\/\"},\"sameAs\":[\"https:\\\/\\\/www.facebook.com\\\/christianscienceheals\\\/\",\"https:\\\/\\\/x.com\\\/cs_heals\",\"https:\\\/\\\/www.instagram.com\\\/christianscienceheals\\\/\"]}]}<\/script>\n<!-- \/ Yoast SEO plugin. -->","yoast_head_json":{"title":"Solicitud para modificaci\u00f3n de informaci\u00f3n del sitio Web HouCom - Christian Science Houston Area","robots":{"index":"index","follow":"follow","max-snippet":"max-snippet:-1","max-image-preview":"max-image-preview:large","max-video-preview":"max-video-preview:-1"},"canonical":"https:\/\/christianscienceheals.com\/es\/houcom-website-information-change-request\/","og_locale":"es_ES","og_type":"article","og_title":"Solicitud para modificaci\u00f3n de informaci\u00f3n del sitio Web HouCom - Christian Science Houston Area","og_description":"Por favor llene completamente el siguiente formulario para solicitar una modificaci\u00f3n de informaci\u00f3n o una p\u00e1gina en este sitio web. \u00a1Gracias!","og_url":"https:\/\/christianscienceheals.com\/es\/houcom-website-information-change-request\/","og_site_name":"Christian Science Houston Area","article_publisher":"https:\/\/www.facebook.com\/christianscienceheals\/","article_modified_time":"2017-03-30T01:58:52+00:00","og_image":[{"width":2000,"height":800,"url":"https:\/\/i0.wp.com\/christianscienceheals.com\/files\/2022\/11\/Find_a_Houston_church.jpg?fit=2000%2C800&ssl=1","type":"image\/jpeg"}],"twitter_card":"summary_large_image","twitter_site":"@cs_heals","schema":{"@context":"https:\/\/schema.org","@graph":[{"@type":"WebPage","@id":"https:\/\/christianscienceheals.com\/es\/houcom-website-information-change-request\/","url":"https:\/\/christianscienceheals.com\/es\/houcom-website-information-change-request\/","name":"Solicitud para modificaci\u00f3n de informaci\u00f3n del sitio Web HouCom - Christian Science Houston Area","isPartOf":{"@id":"https:\/\/christianscienceheals.com\/es\/#website"},"datePublished":"2016-04-23T07:11:17+00:00","dateModified":"2017-03-30T01:58:52+00:00","breadcrumb":{"@id":"https:\/\/christianscienceheals.com\/es\/houcom-website-information-change-request\/#breadcrumb"},"inLanguage":"es","potentialAction":[{"@type":"ReadAction","target":[["https:\/\/christianscienceheals.com\/es\/houcom-website-information-change-request\/"]]}]},{"@type":"BreadcrumbList","@id":"https:\/\/christianscienceheals.com\/es\/houcom-website-information-change-request\/#breadcrumb","itemListElement":[{"@type":"ListItem","position":1,"name":"Home","item":"https:\/\/christianscienceheals.com\/es\/"},{"@type":"ListItem","position":2,"name":"HouCom Website Information Change Request"}]},{"@type":"WebSite","@id":"https:\/\/christianscienceheals.com\/es\/#website","url":"https:\/\/christianscienceheals.com\/es\/","name":"Christian Science Houston Area","description":"Christian Science Churches and Resources in the Houston Texas Area","publisher":{"@id":"https:\/\/christianscienceheals.com\/es\/#organization"},"potentialAction":[{"@type":"SearchAction","target":{"@type":"EntryPoint","urlTemplate":"https:\/\/christianscienceheals.com\/es\/?s={search_term_string}"},"query-input":{"@type":"PropertyValueSpecification","valueRequired":true,"valueName":"search_term_string"}}],"inLanguage":"es"},{"@type":"Organization","@id":"https:\/\/christianscienceheals.com\/es\/#organization","name":"Christian Science Houston Area","url":"https:\/\/christianscienceheals.com\/es\/","logo":{"@type":"ImageObject","inLanguage":"es","@id":"https:\/\/christianscienceheals.com\/es\/#\/schema\/logo\/image\/","url":"https:\/\/i0.wp.com\/christianscienceheals.com\/files\/2018\/02\/HOUCOM_logo_with_starburst.png?fit=1024%2C1024&ssl=1","contentUrl":"https:\/\/i0.wp.com\/christianscienceheals.com\/files\/2018\/02\/HOUCOM_logo_with_starburst.png?fit=1024%2C1024&ssl=1","width":1024,"height":1024,"caption":"Christian Science Houston Area"},"image":{"@id":"https:\/\/christianscienceheals.com\/es\/#\/schema\/logo\/image\/"},"sameAs":["https:\/\/www.facebook.com\/christianscienceheals\/","https:\/\/x.com\/cs_heals","https:\/\/www.instagram.com\/christianscienceheals\/"]}]}},"jetpack_sharing_enabled":true,"jetpack_shortlink":"https:\/\/wp.me\/P6OyHU-8M","_links":{"self":[{"href":"https:\/\/christianscienceheals.com\/es\/wp-json\/wp\/v2\/pages\/544","targetHints":{"allow":["GET"]}}],"collection":[{"href":"https:\/\/christianscienceheals.com\/es\/wp-json\/wp\/v2\/pages"}],"about":[{"href":"https:\/\/christianscienceheals.com\/es\/wp-json\/wp\/v2\/types\/page"}],"author":[{"embeddable":true,"href":"https:\/\/christianscienceheals.com\/es\/wp-json\/wp\/v2\/users\/1"}],"replies":[{"embeddable":true,"href":"https:\/\/christianscienceheals.com\/es\/wp-json\/wp\/v2\/comments?post=544"}],"version-history":[{"count":4,"href":"https:\/\/christianscienceheals.com\/es\/wp-json\/wp\/v2\/pages\/544\/revisions"}],"predecessor-version":[{"id":1250,"href":"https:\/\/christianscienceheals.com\/es\/wp-json\/wp\/v2\/pages\/544\/revisions\/1250"}],"wp:attachment":[{"href":"https:\/\/christianscienceheals.com\/es\/wp-json\/wp\/v2\/media?parent=544"}],"curies":[{"name":"wp","href":"https:\/\/api.w.org\/{rel}","templated":true}]}}