{"id":54,"date":"2015-08-11T21:20:56","date_gmt":"2015-08-12T02:20:56","guid":{"rendered":"http:\/\/christianscienceheals.com\/?page_id=54"},"modified":"2019-04-10T10:35:44","modified_gmt":"2019-04-10T15:35:44","slug":"find-care","status":"publish","type":"page","link":"https:\/\/christianscienceheals.com\/es\/healing-and-health\/find-care\/","title":{"rendered":"Encontrar cuidado"},"content":{"rendered":"<p><\/p>\n<h4><span style=\"color: #ff0000\">\u2665\u00a0<\/span><span style=\"color: #000000\"><b>\u00a0Practicistas de la Ciencia Cristiana<\/b><\/span><b><br \/>\n<\/b><\/h4>\n<p>Los practicistas de la Ciencia Cristiana est\u00e1n disponibles a tiempo completo para ayudar a cualquier persona, en cualquier lugar, a trav\u00e9s de la oraci\u00f3n. Ellos ayudan a traer sanaci\u00f3n a cualquier situaci\u00f3n que usted pueda estar enfrentando: ya sea f\u00edsica, financiera o personal. Tambi\u00e9n pueden responder a cualquier pregunta que pueda tener sobre la curaci\u00f3n espiritual. Puede ponerse en contacto con un practicista por tel\u00e9fono o correo electr\u00f3nico, y muchos tienen oficinas en donde pueden reunirse en persona.<\/p>\n<h4><span style=\"font-weight: 400\"><a href=\"https:\/\/christianscienceheals.com\/healing-and-health\/find-care\/practitioners\/\">Haga clic aqu\u00ed para leer m\u00e1s o encontrar un practicista.<\/a><\/span><\/h4>\n<h3><\/h3>\n<p>&nbsp;<\/p>\n<h4><span style=\"color: #ff0000\">\u2665\u00a0<\/span><span style=\"color: #000000\"><b>\u00a0 Enfermeros\/as de la Ciencia Cristiana<\/b><\/span><\/h4>\n<p>Los\/as enfermeros\/as de la Ciencia Cristiana proporcionan cuidado f\u00edsico no-m\u00e9dico para aquellos que conf\u00edan en la Ciencia Cristiana para la curaci\u00f3n. Promueven una atm\u00f3sfera de sanaci\u00f3n y ayudan a las personas a funcionar tan normalmente como sea posible mientras progresa la curaci\u00f3n. El cuidado incluye ba\u00f1o, alimentaci\u00f3n, limpieza y vendaje de heridas, asistencia con la movilidad y el cuidado y apoyo a madres primerizas y reci\u00e9n nacidos.<\/p>\n<h4><a href=\"http:\/\/www.houstonvcsns.org\/\">Haga clic aqu\u00ed para leer m\u00e1s o encontrar un\/a enfermero\/a.<\/a> <span lang=\"es\">(Solo ingl\u00e9s)<\/span><\/h4>\n<h4><\/h4>\n<p id=\"tw-target-text\" class=\"tw-data-text tw-ta tw-text-large\" dir=\"ltr\" data-placeholder=\"Translation\"><strong><span lang=\"es\">\u00a0 \u00a0<\/span><\/strong><\/p>\n<p>&nbsp;<\/p>","protected":false},"excerpt":{"rendered":"<p>\u2665\u00a0\u00a0Practicistas de la Ciencia Cristiana Los practicistas de la Ciencia Cristiana est\u00e1n disponibles a tiempo completo para ayudar a cualquier persona, en cualquier lugar, a trav\u00e9s de la oraci\u00f3n. Ellos ayudan a traer sanaci\u00f3n a cualquier situaci\u00f3n que usted pueda estar enfrentando: ya sea f\u00edsica, financiera o personal. Tambi\u00e9n pueden responder a cualquier pregunta que [&hellip;]<\/p>\n","protected":false},"author":1,"featured_media":0,"parent":48,"menu_order":3,"comment_status":"closed","ping_status":"open","template":"","meta":{"_monsterinsights_skip_tracking":false,"_monsterinsights_sitenote_active":false,"_monsterinsights_sitenote_note":"","_monsterinsights_sitenote_category":0,"jetpack_post_was_ever_published":false,"_vp_format_video_url":"","_vp_image_focal_point":[],"footnotes":""},"class_list":["post-54","page","type-page","status-publish","hentry"],"yoast_head":"<!-- This site is optimized with the Yoast SEO plugin v27.4 - https:\/\/yoast.com\/product\/yoast-seo-wordpress\/ -->\n<title>Encontrar cuidado - Christian Science Houston Area<\/title>\n<meta name=\"robots\" content=\"index, follow, max-snippet:-1, max-image-preview:large, max-video-preview:-1\" \/>\n<link rel=\"canonical\" href=\"https:\/\/christianscienceheals.com\/es\/healing-and-health\/find-care\/\" \/>\n<meta property=\"og:locale\" content=\"es_ES\" \/>\n<meta property=\"og:type\" content=\"article\" \/>\n<meta property=\"og:title\" content=\"Encontrar cuidado - Christian Science Houston Area\" \/>\n<meta property=\"og:description\" content=\"\u2665\u00a0\u00a0Practicistas de la Ciencia Cristiana Los practicistas de la Ciencia Cristiana est\u00e1n disponibles a tiempo completo para ayudar a cualquier persona, en cualquier lugar, a trav\u00e9s de la oraci\u00f3n. Ellos ayudan a traer sanaci\u00f3n a cualquier situaci\u00f3n que usted pueda estar enfrentando: ya sea f\u00edsica, financiera o personal. Tambi\u00e9n pueden responder a cualquier pregunta que [&hellip;]\" \/>\n<meta property=\"og:url\" content=\"https:\/\/christianscienceheals.com\/es\/healing-and-health\/find-care\/\" \/>\n<meta property=\"og:site_name\" content=\"Christian Science Houston Area\" \/>\n<meta property=\"article:publisher\" content=\"https:\/\/www.facebook.com\/christianscienceheals\/\" \/>\n<meta property=\"article:modified_time\" content=\"2019-04-10T15:35:44+00:00\" \/>\n<meta property=\"og:image\" content=\"https:\/\/i0.wp.com\/christianscienceheals.com\/files\/2022\/11\/Find_a_Houston_church.jpg?fit=2000%2C800&ssl=1\" \/>\n\t<meta property=\"og:image:width\" content=\"2000\" \/>\n\t<meta property=\"og:image:height\" content=\"800\" \/>\n\t<meta property=\"og:image:type\" content=\"image\/jpeg\" \/>\n<meta name=\"twitter:card\" content=\"summary_large_image\" \/>\n<meta name=\"twitter:site\" content=\"@cs_heals\" \/>\n<meta name=\"twitter:label1\" content=\"Tiempo de lectura\" \/>\n\t<meta name=\"twitter:data1\" content=\"2 minutos\" \/>\n<script type=\"application\/ld+json\" class=\"yoast-schema-graph\">{\"@context\":\"https:\\\/\\\/schema.org\",\"@graph\":[{\"@type\":\"WebPage\",\"@id\":\"https:\\\/\\\/christianscienceheals.com\\\/es\\\/healing-and-health\\\/find-care\\\/\",\"url\":\"https:\\\/\\\/christianscienceheals.com\\\/es\\\/healing-and-health\\\/find-care\\\/\",\"name\":\"Encontrar cuidado - Christian Science Houston Area\",\"isPartOf\":{\"@id\":\"https:\\\/\\\/christianscienceheals.com\\\/es\\\/#website\"},\"datePublished\":\"2015-08-12T02:20:56+00:00\",\"dateModified\":\"2019-04-10T15:35:44+00:00\",\"breadcrumb\":{\"@id\":\"https:\\\/\\\/christianscienceheals.com\\\/es\\\/healing-and-health\\\/find-care\\\/#breadcrumb\"},\"inLanguage\":\"es\",\"potentialAction\":[{\"@type\":\"ReadAction\",\"target\":[[\"https:\\\/\\\/christianscienceheals.com\\\/es\\\/healing-and-health\\\/find-care\\\/\"]]}]},{\"@type\":\"BreadcrumbList\",\"@id\":\"https:\\\/\\\/christianscienceheals.com\\\/es\\\/healing-and-health\\\/find-care\\\/#breadcrumb\",\"itemListElement\":[{\"@type\":\"ListItem\",\"position\":1,\"name\":\"Home\",\"item\":\"https:\\\/\\\/christianscienceheals.com\\\/es\\\/\"},{\"@type\":\"ListItem\",\"position\":2,\"name\":\"Healing &amp; Health\",\"item\":\"https:\\\/\\\/christianscienceheals.com\\\/es\\\/healing-and-health\\\/\"},{\"@type\":\"ListItem\",\"position\":3,\"name\":\"Find Care\"}]},{\"@type\":\"WebSite\",\"@id\":\"https:\\\/\\\/christianscienceheals.com\\\/es\\\/#website\",\"url\":\"https:\\\/\\\/christianscienceheals.com\\\/es\\\/\",\"name\":\"Christian Science Houston Area\",\"description\":\"Christian Science Churches and Resources in the Houston Texas Area\",\"publisher\":{\"@id\":\"https:\\\/\\\/christianscienceheals.com\\\/es\\\/#organization\"},\"potentialAction\":[{\"@type\":\"SearchAction\",\"target\":{\"@type\":\"EntryPoint\",\"urlTemplate\":\"https:\\\/\\\/christianscienceheals.com\\\/es\\\/?s={search_term_string}\"},\"query-input\":{\"@type\":\"PropertyValueSpecification\",\"valueRequired\":true,\"valueName\":\"search_term_string\"}}],\"inLanguage\":\"es\"},{\"@type\":\"Organization\",\"@id\":\"https:\\\/\\\/christianscienceheals.com\\\/es\\\/#organization\",\"name\":\"Christian Science Houston Area\",\"url\":\"https:\\\/\\\/christianscienceheals.com\\\/es\\\/\",\"logo\":{\"@type\":\"ImageObject\",\"inLanguage\":\"es\",\"@id\":\"https:\\\/\\\/christianscienceheals.com\\\/es\\\/#\\\/schema\\\/logo\\\/image\\\/\",\"url\":\"https:\\\/\\\/i0.wp.com\\\/christianscienceheals.com\\\/files\\\/2018\\\/02\\\/HOUCOM_logo_with_starburst.png?fit=1024%2C1024&ssl=1\",\"contentUrl\":\"https:\\\/\\\/i0.wp.com\\\/christianscienceheals.com\\\/files\\\/2018\\\/02\\\/HOUCOM_logo_with_starburst.png?fit=1024%2C1024&ssl=1\",\"width\":1024,\"height\":1024,\"caption\":\"Christian Science Houston Area\"},\"image\":{\"@id\":\"https:\\\/\\\/christianscienceheals.com\\\/es\\\/#\\\/schema\\\/logo\\\/image\\\/\"},\"sameAs\":[\"https:\\\/\\\/www.facebook.com\\\/christianscienceheals\\\/\",\"https:\\\/\\\/x.com\\\/cs_heals\",\"https:\\\/\\\/www.instagram.com\\\/christianscienceheals\\\/\"]}]}<\/script>\n<!-- \/ Yoast SEO plugin. -->","yoast_head_json":{"title":"Encontrar cuidado - Christian Science Houston Area","robots":{"index":"index","follow":"follow","max-snippet":"max-snippet:-1","max-image-preview":"max-image-preview:large","max-video-preview":"max-video-preview:-1"},"canonical":"https:\/\/christianscienceheals.com\/es\/healing-and-health\/find-care\/","og_locale":"es_ES","og_type":"article","og_title":"Encontrar cuidado - Christian Science Houston Area","og_description":"\u2665\u00a0\u00a0Practicistas de la Ciencia Cristiana Los practicistas de la Ciencia Cristiana est\u00e1n disponibles a tiempo completo para ayudar a cualquier persona, en cualquier lugar, a trav\u00e9s de la oraci\u00f3n. Ellos ayudan a traer sanaci\u00f3n a cualquier situaci\u00f3n que usted pueda estar enfrentando: ya sea f\u00edsica, financiera o personal. Tambi\u00e9n pueden responder a cualquier pregunta que [&hellip;]","og_url":"https:\/\/christianscienceheals.com\/es\/healing-and-health\/find-care\/","og_site_name":"Christian Science Houston Area","article_publisher":"https:\/\/www.facebook.com\/christianscienceheals\/","article_modified_time":"2019-04-10T15:35:44+00:00","og_image":[{"width":2000,"height":800,"url":"https:\/\/i0.wp.com\/christianscienceheals.com\/files\/2022\/11\/Find_a_Houston_church.jpg?fit=2000%2C800&ssl=1","type":"image\/jpeg"}],"twitter_card":"summary_large_image","twitter_site":"@cs_heals","twitter_misc":{"Tiempo de lectura":"2 minutos"},"schema":{"@context":"https:\/\/schema.org","@graph":[{"@type":"WebPage","@id":"https:\/\/christianscienceheals.com\/es\/healing-and-health\/find-care\/","url":"https:\/\/christianscienceheals.com\/es\/healing-and-health\/find-care\/","name":"Encontrar cuidado - Christian Science Houston Area","isPartOf":{"@id":"https:\/\/christianscienceheals.com\/es\/#website"},"datePublished":"2015-08-12T02:20:56+00:00","dateModified":"2019-04-10T15:35:44+00:00","breadcrumb":{"@id":"https:\/\/christianscienceheals.com\/es\/healing-and-health\/find-care\/#breadcrumb"},"inLanguage":"es","potentialAction":[{"@type":"ReadAction","target":[["https:\/\/christianscienceheals.com\/es\/healing-and-health\/find-care\/"]]}]},{"@type":"BreadcrumbList","@id":"https:\/\/christianscienceheals.com\/es\/healing-and-health\/find-care\/#breadcrumb","itemListElement":[{"@type":"ListItem","position":1,"name":"Home","item":"https:\/\/christianscienceheals.com\/es\/"},{"@type":"ListItem","position":2,"name":"Healing &amp; Health","item":"https:\/\/christianscienceheals.com\/es\/healing-and-health\/"},{"@type":"ListItem","position":3,"name":"Find Care"}]},{"@type":"WebSite","@id":"https:\/\/christianscienceheals.com\/es\/#website","url":"https:\/\/christianscienceheals.com\/es\/","name":"Christian Science Houston Area","description":"Christian Science Churches and Resources in the Houston Texas Area","publisher":{"@id":"https:\/\/christianscienceheals.com\/es\/#organization"},"potentialAction":[{"@type":"SearchAction","target":{"@type":"EntryPoint","urlTemplate":"https:\/\/christianscienceheals.com\/es\/?s={search_term_string}"},"query-input":{"@type":"PropertyValueSpecification","valueRequired":true,"valueName":"search_term_string"}}],"inLanguage":"es"},{"@type":"Organization","@id":"https:\/\/christianscienceheals.com\/es\/#organization","name":"Christian Science Houston Area","url":"https:\/\/christianscienceheals.com\/es\/","logo":{"@type":"ImageObject","inLanguage":"es","@id":"https:\/\/christianscienceheals.com\/es\/#\/schema\/logo\/image\/","url":"https:\/\/i0.wp.com\/christianscienceheals.com\/files\/2018\/02\/HOUCOM_logo_with_starburst.png?fit=1024%2C1024&ssl=1","contentUrl":"https:\/\/i0.wp.com\/christianscienceheals.com\/files\/2018\/02\/HOUCOM_logo_with_starburst.png?fit=1024%2C1024&ssl=1","width":1024,"height":1024,"caption":"Christian Science Houston Area"},"image":{"@id":"https:\/\/christianscienceheals.com\/es\/#\/schema\/logo\/image\/"},"sameAs":["https:\/\/www.facebook.com\/christianscienceheals\/","https:\/\/x.com\/cs_heals","https:\/\/www.instagram.com\/christianscienceheals\/"]}]}},"jetpack_sharing_enabled":true,"jetpack_shortlink":"https:\/\/wp.me\/P6OyHU-S","_links":{"self":[{"href":"https:\/\/christianscienceheals.com\/es\/wp-json\/wp\/v2\/pages\/54","targetHints":{"allow":["GET"]}}],"collection":[{"href":"https:\/\/christianscienceheals.com\/es\/wp-json\/wp\/v2\/pages"}],"about":[{"href":"https:\/\/christianscienceheals.com\/es\/wp-json\/wp\/v2\/types\/page"}],"author":[{"embeddable":true,"href":"https:\/\/christianscienceheals.com\/es\/wp-json\/wp\/v2\/users\/1"}],"replies":[{"embeddable":true,"href":"https:\/\/christianscienceheals.com\/es\/wp-json\/wp\/v2\/comments?post=54"}],"version-history":[{"count":19,"href":"https:\/\/christianscienceheals.com\/es\/wp-json\/wp\/v2\/pages\/54\/revisions"}],"predecessor-version":[{"id":4133,"href":"https:\/\/christianscienceheals.com\/es\/wp-json\/wp\/v2\/pages\/54\/revisions\/4133"}],"up":[{"embeddable":true,"href":"https:\/\/christianscienceheals.com\/es\/wp-json\/wp\/v2\/pages\/48"}],"wp:attachment":[{"href":"https:\/\/christianscienceheals.com\/es\/wp-json\/wp\/v2\/media?parent=54"}],"curies":[{"name":"wp","href":"https:\/\/api.w.org\/{rel}","templated":true}]}}