{"id":459,"date":"2016-03-30T12:52:44","date_gmt":"2016-03-30T17:52:44","guid":{"rendered":"http:\/\/christianscienceheals.com\/?page_id=459"},"modified":"2017-03-22T11:19:06","modified_gmt":"2017-03-22T16:19:06","slug":"chet-manchester-lecture-march-25-2016-third-church-of-christ-scientist-new-york-city","status":"publish","type":"page","link":"https:\/\/christianscienceheals.com\/es\/chet-manchester-lecture-march-25-2016-third-church-of-christ-scientist-new-york-city\/","title":{"rendered":"Conferencia de Chet Manchester el 25 de marzo del 2016 &#8211; Tercera Iglesia de Cristo, Cient\u00edfico, Nueva York"},"content":{"rendered":"<p><\/p>\n<p class=\"yiv7971293822MsoNormal\"><strong>Repetici\u00f3n de charla: Infinitas Posibilidades\u00a0<\/strong><\/p>\n<p class=\"yiv7971293822MsoNormal\">Descubre el poder de la resurrecci\u00f3n en tu vida.<\/p>\n<p class=\"yiv7971293822MsoNormal\">Auspiciado por: <a href=\"http:\/\/thirdchurchnyc.com\/\">Tercera Iglesia de Cristo, Cient\u00edfico, Nueva York<\/a>.<\/p>\n<p>Charla dada\u00a0por Chet Manchester, CSB con actuaciones musicales de Rebecca Minor<\/p>\n<p><a href=\"https:\/\/youtu.be\/v5TYw6_7zmI\">https:\/\/youtu.be\/v5TYw6_7zmI<\/a><\/p>\n<p><em>Nota: El \u00faltimo testimonio con el que concluye Chet fue una curaci\u00f3n de esclerosis m\u00faltiple, no de epilepsia<\/em><\/p>\n<p class=\"yiv7971293822MsoNormal\"><strong>\u00a0SELECCIONES MUSICALES:<\/strong><\/p>\n<p class=\"yiv7971293822MsoNormal\">\u201cSong of Easter\u201d &#8211; M\u00fasica y\u00a0Letra por Peter Link, arreglo para teclado por\u00a0Margaret Dorn<br \/>\n\u201cYou\u2019re Everything\u201d &#8211; M\u00fasica y\u00a0Letra por Rebecca Minor<br \/>\n\u201cChrist My Refuge\u201d- Letra de\u00a0Mary Baker Eddy<br \/>\n\u201cThe Lord is Alive\u201d &#8211; M\u00fasica y\u00a0Letra por Rebecca Minor<br \/>\n\u201cHimno 381\u201d &#8211; Himnario de la Ciencia Cristiana<br \/>\n\u201cFaith as a Mustard Seed\u201d- M\u00fasica y\u00a0Letra por Rebecca Minor<\/p>\n<p class=\"yiv7971293822MsoNormal\"><strong>CONFERENCIA EN ESPA\u00d1OL: \u00abINFINITAS POSIBILIDADES<\/strong><strong>\u00ab<\/strong><\/p>\n<p><a href=\"https:\/\/www.youtube.com\/watch?v=QG3SN1xtKkY\">https:\/\/www.youtube.com\/watch?v=QG3SN1xtKkY<\/a><\/p>","protected":false},"excerpt":{"rendered":"<p>Repetici\u00f3n de charla: Infinitas Posibilidades\u00a0 Descubre el poder de la resurrecci\u00f3n en tu vida. Auspiciado por: Tercera Iglesia de Cristo, Cient\u00edfico, Nueva York. Charla dada\u00a0por Chet Manchester, CSB con actuaciones musicales de Rebecca Minor Nota: El \u00faltimo testimonio con el que concluye Chet fue una curaci\u00f3n de esclerosis m\u00faltiple, no de epilepsia \u00a0SELECCIONES MUSICALES: \u201cSong [&hellip;]<\/p>\n","protected":false},"author":1304,"featured_media":0,"parent":0,"menu_order":0,"comment_status":"closed","ping_status":"closed","template":"","meta":{"_monsterinsights_skip_tracking":false,"_monsterinsights_sitenote_active":false,"_monsterinsights_sitenote_note":"","_monsterinsights_sitenote_category":0,"jetpack_post_was_ever_published":false,"_vp_format_video_url":"","_vp_image_focal_point":[],"footnotes":""},"class_list":["post-459","page","type-page","status-publish","hentry"],"yoast_head":"<!-- This site is optimized with the Yoast SEO plugin v27.3 - https:\/\/yoast.com\/product\/yoast-seo-wordpress\/ -->\n<title>Conferencia de Chet Manchester el 25 de marzo del 2016 - Tercera Iglesia de Cristo, Cient\u00edfico, Nueva York - Christian Science Houston Area<\/title>\n<meta name=\"robots\" content=\"index, follow, max-snippet:-1, max-image-preview:large, max-video-preview:-1\" \/>\n<link rel=\"canonical\" href=\"https:\/\/christianscienceheals.com\/es\/chet-manchester-lecture-march-25-2016-third-church-of-christ-scientist-new-york-city\/\" \/>\n<meta property=\"og:locale\" content=\"es_ES\" \/>\n<meta property=\"og:type\" content=\"article\" \/>\n<meta property=\"og:title\" content=\"Conferencia de Chet Manchester el 25 de marzo del 2016 - Tercera Iglesia de Cristo, Cient\u00edfico, Nueva York - Christian Science Houston Area\" \/>\n<meta property=\"og:description\" content=\"Repetici\u00f3n de charla: Infinitas Posibilidades\u00a0 Descubre el poder de la resurrecci\u00f3n en tu vida. Auspiciado por: Tercera Iglesia de Cristo, Cient\u00edfico, Nueva York. Charla dada\u00a0por Chet Manchester, CSB con actuaciones musicales de Rebecca Minor Nota: El \u00faltimo testimonio con el que concluye Chet fue una curaci\u00f3n de esclerosis m\u00faltiple, no de epilepsia \u00a0SELECCIONES MUSICALES: \u201cSong [&hellip;]\" \/>\n<meta property=\"og:url\" content=\"https:\/\/christianscienceheals.com\/es\/chet-manchester-lecture-march-25-2016-third-church-of-christ-scientist-new-york-city\/\" \/>\n<meta property=\"og:site_name\" content=\"Christian Science Houston Area\" \/>\n<meta property=\"article:publisher\" content=\"https:\/\/www.facebook.com\/christianscienceheals\/\" \/>\n<meta property=\"article:modified_time\" content=\"2017-03-22T16:19:06+00:00\" \/>\n<meta property=\"og:image\" content=\"https:\/\/i0.wp.com\/christianscienceheals.com\/files\/2022\/11\/Find_a_Houston_church.jpg?fit=2000%2C800&ssl=1\" \/>\n\t<meta property=\"og:image:width\" content=\"2000\" \/>\n\t<meta property=\"og:image:height\" content=\"800\" \/>\n\t<meta property=\"og:image:type\" content=\"image\/jpeg\" \/>\n<meta name=\"twitter:card\" content=\"summary_large_image\" \/>\n<meta name=\"twitter:site\" content=\"@cs_heals\" \/>\n<meta name=\"twitter:label1\" content=\"Tiempo de lectura\" \/>\n\t<meta name=\"twitter:data1\" content=\"1 minuto\" \/>\n<script type=\"application\/ld+json\" class=\"yoast-schema-graph\">{\"@context\":\"https:\\\/\\\/schema.org\",\"@graph\":[{\"@type\":\"WebPage\",\"@id\":\"https:\\\/\\\/christianscienceheals.com\\\/es\\\/chet-manchester-lecture-march-25-2016-third-church-of-christ-scientist-new-york-city\\\/\",\"url\":\"https:\\\/\\\/christianscienceheals.com\\\/es\\\/chet-manchester-lecture-march-25-2016-third-church-of-christ-scientist-new-york-city\\\/\",\"name\":\"Conferencia de Chet Manchester el 25 de marzo del 2016 - Tercera Iglesia de Cristo, Cient\u00edfico, Nueva York - Christian Science Houston Area\",\"isPartOf\":{\"@id\":\"https:\\\/\\\/christianscienceheals.com\\\/es\\\/#website\"},\"datePublished\":\"2016-03-30T17:52:44+00:00\",\"dateModified\":\"2017-03-22T16:19:06+00:00\",\"breadcrumb\":{\"@id\":\"https:\\\/\\\/christianscienceheals.com\\\/es\\\/chet-manchester-lecture-march-25-2016-third-church-of-christ-scientist-new-york-city\\\/#breadcrumb\"},\"inLanguage\":\"es\",\"potentialAction\":[{\"@type\":\"ReadAction\",\"target\":[[\"https:\\\/\\\/christianscienceheals.com\\\/es\\\/chet-manchester-lecture-march-25-2016-third-church-of-christ-scientist-new-york-city\\\/\"]]}]},{\"@type\":\"BreadcrumbList\",\"@id\":\"https:\\\/\\\/christianscienceheals.com\\\/es\\\/chet-manchester-lecture-march-25-2016-third-church-of-christ-scientist-new-york-city\\\/#breadcrumb\",\"itemListElement\":[{\"@type\":\"ListItem\",\"position\":1,\"name\":\"Home\",\"item\":\"https:\\\/\\\/christianscienceheals.com\\\/es\\\/\"},{\"@type\":\"ListItem\",\"position\":2,\"name\":\"Conferencia de Chet Manchester el 25 de marzo del 2016 &#8211; Tercera Iglesia de Cristo, Cient\u00edfico, Nueva York\"}]},{\"@type\":\"WebSite\",\"@id\":\"https:\\\/\\\/christianscienceheals.com\\\/es\\\/#website\",\"url\":\"https:\\\/\\\/christianscienceheals.com\\\/es\\\/\",\"name\":\"Christian Science Houston Area\",\"description\":\"Christian Science Churches and Resources in the Houston Texas Area\",\"publisher\":{\"@id\":\"https:\\\/\\\/christianscienceheals.com\\\/es\\\/#organization\"},\"potentialAction\":[{\"@type\":\"SearchAction\",\"target\":{\"@type\":\"EntryPoint\",\"urlTemplate\":\"https:\\\/\\\/christianscienceheals.com\\\/es\\\/?s={search_term_string}\"},\"query-input\":{\"@type\":\"PropertyValueSpecification\",\"valueRequired\":true,\"valueName\":\"search_term_string\"}}],\"inLanguage\":\"es\"},{\"@type\":\"Organization\",\"@id\":\"https:\\\/\\\/christianscienceheals.com\\\/es\\\/#organization\",\"name\":\"Christian Science Houston Area\",\"url\":\"https:\\\/\\\/christianscienceheals.com\\\/es\\\/\",\"logo\":{\"@type\":\"ImageObject\",\"inLanguage\":\"es\",\"@id\":\"https:\\\/\\\/christianscienceheals.com\\\/es\\\/#\\\/schema\\\/logo\\\/image\\\/\",\"url\":\"https:\\\/\\\/i0.wp.com\\\/christianscienceheals.com\\\/files\\\/2018\\\/02\\\/HOUCOM_logo_with_starburst.png?fit=1024%2C1024&ssl=1\",\"contentUrl\":\"https:\\\/\\\/i0.wp.com\\\/christianscienceheals.com\\\/files\\\/2018\\\/02\\\/HOUCOM_logo_with_starburst.png?fit=1024%2C1024&ssl=1\",\"width\":1024,\"height\":1024,\"caption\":\"Christian Science Houston Area\"},\"image\":{\"@id\":\"https:\\\/\\\/christianscienceheals.com\\\/es\\\/#\\\/schema\\\/logo\\\/image\\\/\"},\"sameAs\":[\"https:\\\/\\\/www.facebook.com\\\/christianscienceheals\\\/\",\"https:\\\/\\\/x.com\\\/cs_heals\",\"https:\\\/\\\/www.instagram.com\\\/christianscienceheals\\\/\"]}]}<\/script>\n<!-- \/ Yoast SEO plugin. -->","yoast_head_json":{"title":"Conferencia de Chet Manchester el 25 de marzo del 2016 - Tercera Iglesia de Cristo, Cient\u00edfico, Nueva York - Christian Science Houston Area","robots":{"index":"index","follow":"follow","max-snippet":"max-snippet:-1","max-image-preview":"max-image-preview:large","max-video-preview":"max-video-preview:-1"},"canonical":"https:\/\/christianscienceheals.com\/es\/chet-manchester-lecture-march-25-2016-third-church-of-christ-scientist-new-york-city\/","og_locale":"es_ES","og_type":"article","og_title":"Conferencia de Chet Manchester el 25 de marzo del 2016 - Tercera Iglesia de Cristo, Cient\u00edfico, Nueva York - Christian Science Houston Area","og_description":"Repetici\u00f3n de charla: Infinitas Posibilidades\u00a0 Descubre el poder de la resurrecci\u00f3n en tu vida. Auspiciado por: Tercera Iglesia de Cristo, Cient\u00edfico, Nueva York. Charla dada\u00a0por Chet Manchester, CSB con actuaciones musicales de Rebecca Minor Nota: El \u00faltimo testimonio con el que concluye Chet fue una curaci\u00f3n de esclerosis m\u00faltiple, no de epilepsia \u00a0SELECCIONES MUSICALES: \u201cSong [&hellip;]","og_url":"https:\/\/christianscienceheals.com\/es\/chet-manchester-lecture-march-25-2016-third-church-of-christ-scientist-new-york-city\/","og_site_name":"Christian Science Houston Area","article_publisher":"https:\/\/www.facebook.com\/christianscienceheals\/","article_modified_time":"2017-03-22T16:19:06+00:00","og_image":[{"width":2000,"height":800,"url":"https:\/\/i0.wp.com\/christianscienceheals.com\/files\/2022\/11\/Find_a_Houston_church.jpg?fit=2000%2C800&ssl=1","type":"image\/jpeg"}],"twitter_card":"summary_large_image","twitter_site":"@cs_heals","twitter_misc":{"Tiempo de lectura":"1 minuto"},"schema":{"@context":"https:\/\/schema.org","@graph":[{"@type":"WebPage","@id":"https:\/\/christianscienceheals.com\/es\/chet-manchester-lecture-march-25-2016-third-church-of-christ-scientist-new-york-city\/","url":"https:\/\/christianscienceheals.com\/es\/chet-manchester-lecture-march-25-2016-third-church-of-christ-scientist-new-york-city\/","name":"Conferencia de Chet Manchester el 25 de marzo del 2016 - Tercera Iglesia de Cristo, Cient\u00edfico, Nueva York - Christian Science Houston Area","isPartOf":{"@id":"https:\/\/christianscienceheals.com\/es\/#website"},"datePublished":"2016-03-30T17:52:44+00:00","dateModified":"2017-03-22T16:19:06+00:00","breadcrumb":{"@id":"https:\/\/christianscienceheals.com\/es\/chet-manchester-lecture-march-25-2016-third-church-of-christ-scientist-new-york-city\/#breadcrumb"},"inLanguage":"es","potentialAction":[{"@type":"ReadAction","target":[["https:\/\/christianscienceheals.com\/es\/chet-manchester-lecture-march-25-2016-third-church-of-christ-scientist-new-york-city\/"]]}]},{"@type":"BreadcrumbList","@id":"https:\/\/christianscienceheals.com\/es\/chet-manchester-lecture-march-25-2016-third-church-of-christ-scientist-new-york-city\/#breadcrumb","itemListElement":[{"@type":"ListItem","position":1,"name":"Home","item":"https:\/\/christianscienceheals.com\/es\/"},{"@type":"ListItem","position":2,"name":"Conferencia de Chet Manchester el 25 de marzo del 2016 &#8211; Tercera Iglesia de Cristo, Cient\u00edfico, Nueva York"}]},{"@type":"WebSite","@id":"https:\/\/christianscienceheals.com\/es\/#website","url":"https:\/\/christianscienceheals.com\/es\/","name":"Christian Science Houston Area","description":"Christian Science Churches and Resources in the Houston Texas Area","publisher":{"@id":"https:\/\/christianscienceheals.com\/es\/#organization"},"potentialAction":[{"@type":"SearchAction","target":{"@type":"EntryPoint","urlTemplate":"https:\/\/christianscienceheals.com\/es\/?s={search_term_string}"},"query-input":{"@type":"PropertyValueSpecification","valueRequired":true,"valueName":"search_term_string"}}],"inLanguage":"es"},{"@type":"Organization","@id":"https:\/\/christianscienceheals.com\/es\/#organization","name":"Christian Science Houston Area","url":"https:\/\/christianscienceheals.com\/es\/","logo":{"@type":"ImageObject","inLanguage":"es","@id":"https:\/\/christianscienceheals.com\/es\/#\/schema\/logo\/image\/","url":"https:\/\/i0.wp.com\/christianscienceheals.com\/files\/2018\/02\/HOUCOM_logo_with_starburst.png?fit=1024%2C1024&ssl=1","contentUrl":"https:\/\/i0.wp.com\/christianscienceheals.com\/files\/2018\/02\/HOUCOM_logo_with_starburst.png?fit=1024%2C1024&ssl=1","width":1024,"height":1024,"caption":"Christian Science Houston Area"},"image":{"@id":"https:\/\/christianscienceheals.com\/es\/#\/schema\/logo\/image\/"},"sameAs":["https:\/\/www.facebook.com\/christianscienceheals\/","https:\/\/x.com\/cs_heals","https:\/\/www.instagram.com\/christianscienceheals\/"]}]}},"jetpack_sharing_enabled":true,"jetpack_shortlink":"https:\/\/wp.me\/P6OyHU-7p","_links":{"self":[{"href":"https:\/\/christianscienceheals.com\/es\/wp-json\/wp\/v2\/pages\/459","targetHints":{"allow":["GET"]}}],"collection":[{"href":"https:\/\/christianscienceheals.com\/es\/wp-json\/wp\/v2\/pages"}],"about":[{"href":"https:\/\/christianscienceheals.com\/es\/wp-json\/wp\/v2\/types\/page"}],"author":[{"embeddable":true,"href":"https:\/\/christianscienceheals.com\/es\/wp-json\/wp\/v2\/users\/1304"}],"replies":[{"embeddable":true,"href":"https:\/\/christianscienceheals.com\/es\/wp-json\/wp\/v2\/comments?post=459"}],"version-history":[{"count":22,"href":"https:\/\/christianscienceheals.com\/es\/wp-json\/wp\/v2\/pages\/459\/revisions"}],"predecessor-version":[{"id":1191,"href":"https:\/\/christianscienceheals.com\/es\/wp-json\/wp\/v2\/pages\/459\/revisions\/1191"}],"wp:attachment":[{"href":"https:\/\/christianscienceheals.com\/es\/wp-json\/wp\/v2\/media?parent=459"}],"curies":[{"name":"wp","href":"https:\/\/api.w.org\/{rel}","templated":true}]}}