{"id":4562,"date":"2019-09-18T16:06:27","date_gmt":"2019-09-18T21:06:27","guid":{"rendered":"https:\/\/christianscienceheals.com\/?page_id=4562"},"modified":"2025-01-14T18:17:07","modified_gmt":"2025-01-15T00:17:07","slug":"christian-science-organization-at-university-of-houston","status":"publish","type":"page","link":"https:\/\/christianscienceheals.com\/es\/churches\/christian-science-organization-at-university-of-houston\/","title":{"rendered":"S\u00e9ptima Iglesia de Cristo, Cient\u00edfico Houston, Texas"},"content":{"rendered":"<p class=\"qtranxs-available-languages-message qtranxs-available-languages-message-es\">Disculpa, pero esta entrada est\u00e1 disponible s\u00f3lo en <a href=\"https:\/\/christianscienceheals.com\/en\/wp-json\/wp\/v2\/pages\/4562\" class=\"qtranxs-available-language-link qtranxs-available-language-link-en\" title=\"English\">English<\/a>.<\/p>","protected":false},"excerpt":{"rendered":"<p>Disculpa, pero esta entrada est\u00e1 disponible s\u00f3lo en English.<\/p>\n","protected":false},"author":1,"featured_media":8688,"parent":27,"menu_order":2,"comment_status":"closed","ping_status":"closed","template":"organization-listing.php","meta":{"_monsterinsights_skip_tracking":false,"_monsterinsights_sitenote_active":false,"_monsterinsights_sitenote_note":"","_monsterinsights_sitenote_category":0,"jetpack_post_was_ever_published":false,"_vp_format_video_url":"","_vp_image_focal_point":[],"footnotes":""},"class_list":["post-4562","page","type-page","status-publish","has-post-thumbnail","hentry"],"yoast_head":"<!-- This site is optimized with the Yoast SEO plugin v27.3 - https:\/\/yoast.com\/product\/yoast-seo-wordpress\/ -->\n<title>S\u00e9ptima Iglesia de Cristo, Cient\u00edfico Houston, Texas - Christian Science Houston Area<\/title>\n<meta name=\"robots\" content=\"index, follow, max-snippet:-1, max-image-preview:large, max-video-preview:-1\" \/>\n<link rel=\"canonical\" href=\"https:\/\/christianscienceheals.com\/es\/churches\/christian-science-organization-at-university-of-houston\/\" \/>\n<meta property=\"og:locale\" content=\"es_ES\" \/>\n<meta property=\"og:type\" content=\"article\" \/>\n<meta property=\"og:title\" content=\"S\u00e9ptima Iglesia de Cristo, Cient\u00edfico Houston, Texas - Christian Science Houston Area\" \/>\n<meta property=\"og:description\" content=\"Disculpa, pero esta entrada est\u00e1 disponible s\u00f3lo en English.\" \/>\n<meta property=\"og:url\" content=\"https:\/\/christianscienceheals.com\/es\/churches\/christian-science-organization-at-university-of-houston\/\" \/>\n<meta property=\"og:site_name\" content=\"Christian Science Houston Area\" \/>\n<meta property=\"article:publisher\" content=\"https:\/\/www.facebook.com\/christianscienceheals\/\" \/>\n<meta property=\"article:modified_time\" content=\"2025-01-15T00:17:07+00:00\" \/>\n<meta property=\"og:image\" content=\"https:\/\/i0.wp.com\/christianscienceheals.com\/files\/2024\/10\/headerimage.jpeg?fit=2048%2C1536&ssl=1\" \/>\n\t<meta property=\"og:image:width\" content=\"2048\" \/>\n\t<meta property=\"og:image:height\" content=\"1536\" \/>\n\t<meta property=\"og:image:type\" content=\"image\/jpeg\" \/>\n<meta name=\"twitter:card\" content=\"summary_large_image\" \/>\n<meta name=\"twitter:site\" content=\"@cs_heals\" \/>\n<meta name=\"twitter:label1\" content=\"Tiempo de lectura\" \/>\n\t<meta name=\"twitter:data1\" content=\"2 minutos\" \/>\n<script type=\"application\/ld+json\" class=\"yoast-schema-graph\">{\"@context\":\"https:\\\/\\\/schema.org\",\"@graph\":[{\"@type\":\"WebPage\",\"@id\":\"https:\\\/\\\/christianscienceheals.com\\\/es\\\/churches\\\/christian-science-organization-at-university-of-houston\\\/\",\"url\":\"https:\\\/\\\/christianscienceheals.com\\\/es\\\/churches\\\/christian-science-organization-at-university-of-houston\\\/\",\"name\":\"S\u00e9ptima Iglesia de Cristo, Cient\u00edfico Houston, Texas - Christian Science Houston Area\",\"isPartOf\":{\"@id\":\"https:\\\/\\\/christianscienceheals.com\\\/es\\\/#website\"},\"primaryImageOfPage\":{\"@id\":\"https:\\\/\\\/christianscienceheals.com\\\/es\\\/churches\\\/christian-science-organization-at-university-of-houston\\\/#primaryimage\"},\"image\":{\"@id\":\"https:\\\/\\\/christianscienceheals.com\\\/churches\\\/christian-science-organization-at-university-of-houston\\\/#primaryimage\"},\"thumbnailUrl\":\"https:\\\/\\\/i0.wp.com\\\/christianscienceheals.com\\\/files\\\/2024\\\/10\\\/headerimage.jpeg?fit=2048%2C1536&ssl=1\",\"datePublished\":\"2019-09-18T21:06:27+00:00\",\"dateModified\":\"2025-01-15T00:17:07+00:00\",\"breadcrumb\":{\"@id\":\"https:\\\/\\\/christianscienceheals.com\\\/es\\\/churches\\\/christian-science-organization-at-university-of-houston\\\/#breadcrumb\"},\"inLanguage\":\"es\",\"potentialAction\":[{\"@type\":\"ReadAction\",\"target\":[[\"https:\\\/\\\/christianscienceheals.com\\\/es\\\/churches\\\/christian-science-organization-at-university-of-houston\\\/\"]]}]},{\"@type\":\"ImageObject\",\"inLanguage\":\"es\",\"@id\":\"https:\\\/\\\/christianscienceheals.com\\\/es\\\/churches\\\/christian-science-organization-at-university-of-houston\\\/#primaryimage\",\"url\":\"https:\\\/\\\/i0.wp.com\\\/christianscienceheals.com\\\/files\\\/2024\\\/10\\\/headerimage.jpeg?fit=2048%2C1536&ssl=1\",\"contentUrl\":\"https:\\\/\\\/i0.wp.com\\\/christianscienceheals.com\\\/files\\\/2024\\\/10\\\/headerimage.jpeg?fit=2048%2C1536&ssl=1\",\"width\":2048,\"height\":1536,\"caption\":\"Houston CSO\"},{\"@type\":\"BreadcrumbList\",\"@id\":\"https:\\\/\\\/christianscienceheals.com\\\/es\\\/churches\\\/christian-science-organization-at-university-of-houston\\\/#breadcrumb\",\"itemListElement\":[{\"@type\":\"ListItem\",\"position\":1,\"name\":\"Home\",\"item\":\"https:\\\/\\\/christianscienceheals.com\\\/es\\\/\"},{\"@type\":\"ListItem\",\"position\":2,\"name\":\"Area Churches\",\"item\":\"https:\\\/\\\/christianscienceheals.com\\\/es\\\/churches\\\/\"},{\"@type\":\"ListItem\",\"position\":3,\"name\":\"Christian Science Organization at University of Houston\"}]},{\"@type\":\"WebSite\",\"@id\":\"https:\\\/\\\/christianscienceheals.com\\\/es\\\/#website\",\"url\":\"https:\\\/\\\/christianscienceheals.com\\\/es\\\/\",\"name\":\"Christian Science Houston Area\",\"description\":\"Christian Science Churches and Resources in the Houston Texas Area\",\"publisher\":{\"@id\":\"https:\\\/\\\/christianscienceheals.com\\\/es\\\/#organization\"},\"potentialAction\":[{\"@type\":\"SearchAction\",\"target\":{\"@type\":\"EntryPoint\",\"urlTemplate\":\"https:\\\/\\\/christianscienceheals.com\\\/es\\\/?s={search_term_string}\"},\"query-input\":{\"@type\":\"PropertyValueSpecification\",\"valueRequired\":true,\"valueName\":\"search_term_string\"}}],\"inLanguage\":\"es\"},{\"@type\":\"Organization\",\"@id\":\"https:\\\/\\\/christianscienceheals.com\\\/es\\\/#organization\",\"name\":\"Christian Science Houston Area\",\"url\":\"https:\\\/\\\/christianscienceheals.com\\\/es\\\/\",\"logo\":{\"@type\":\"ImageObject\",\"inLanguage\":\"es\",\"@id\":\"https:\\\/\\\/christianscienceheals.com\\\/es\\\/#\\\/schema\\\/logo\\\/image\\\/\",\"url\":\"https:\\\/\\\/i0.wp.com\\\/christianscienceheals.com\\\/files\\\/2018\\\/02\\\/HOUCOM_logo_with_starburst.png?fit=1024%2C1024&ssl=1\",\"contentUrl\":\"https:\\\/\\\/i0.wp.com\\\/christianscienceheals.com\\\/files\\\/2018\\\/02\\\/HOUCOM_logo_with_starburst.png?fit=1024%2C1024&ssl=1\",\"width\":1024,\"height\":1024,\"caption\":\"Christian Science Houston Area\"},\"image\":{\"@id\":\"https:\\\/\\\/christianscienceheals.com\\\/es\\\/#\\\/schema\\\/logo\\\/image\\\/\"},\"sameAs\":[\"https:\\\/\\\/www.facebook.com\\\/christianscienceheals\\\/\",\"https:\\\/\\\/x.com\\\/cs_heals\",\"https:\\\/\\\/www.instagram.com\\\/christianscienceheals\\\/\"]}]}<\/script>\n<!-- \/ Yoast SEO plugin. -->","yoast_head_json":{"title":"S\u00e9ptima Iglesia de Cristo, Cient\u00edfico Houston, Texas - Christian Science Houston Area","robots":{"index":"index","follow":"follow","max-snippet":"max-snippet:-1","max-image-preview":"max-image-preview:large","max-video-preview":"max-video-preview:-1"},"canonical":"https:\/\/christianscienceheals.com\/es\/churches\/christian-science-organization-at-university-of-houston\/","og_locale":"es_ES","og_type":"article","og_title":"S\u00e9ptima Iglesia de Cristo, Cient\u00edfico Houston, Texas - Christian Science Houston Area","og_description":"Disculpa, pero esta entrada est\u00e1 disponible s\u00f3lo en English.","og_url":"https:\/\/christianscienceheals.com\/es\/churches\/christian-science-organization-at-university-of-houston\/","og_site_name":"Christian Science Houston Area","article_publisher":"https:\/\/www.facebook.com\/christianscienceheals\/","article_modified_time":"2025-01-15T00:17:07+00:00","og_image":[{"width":2048,"height":1536,"url":"https:\/\/i0.wp.com\/christianscienceheals.com\/files\/2024\/10\/headerimage.jpeg?fit=2048%2C1536&ssl=1","type":"image\/jpeg"}],"twitter_card":"summary_large_image","twitter_site":"@cs_heals","twitter_misc":{"Tiempo de lectura":"2 minutos"},"schema":{"@context":"https:\/\/schema.org","@graph":[{"@type":"WebPage","@id":"https:\/\/christianscienceheals.com\/es\/churches\/christian-science-organization-at-university-of-houston\/","url":"https:\/\/christianscienceheals.com\/es\/churches\/christian-science-organization-at-university-of-houston\/","name":"S\u00e9ptima Iglesia de Cristo, Cient\u00edfico Houston, Texas - Christian Science Houston Area","isPartOf":{"@id":"https:\/\/christianscienceheals.com\/es\/#website"},"primaryImageOfPage":{"@id":"https:\/\/christianscienceheals.com\/es\/churches\/christian-science-organization-at-university-of-houston\/#primaryimage"},"image":{"@id":"https:\/\/christianscienceheals.com\/churches\/christian-science-organization-at-university-of-houston\/#primaryimage"},"thumbnailUrl":"https:\/\/i0.wp.com\/christianscienceheals.com\/files\/2024\/10\/headerimage.jpeg?fit=2048%2C1536&ssl=1","datePublished":"2019-09-18T21:06:27+00:00","dateModified":"2025-01-15T00:17:07+00:00","breadcrumb":{"@id":"https:\/\/christianscienceheals.com\/es\/churches\/christian-science-organization-at-university-of-houston\/#breadcrumb"},"inLanguage":"es","potentialAction":[{"@type":"ReadAction","target":[["https:\/\/christianscienceheals.com\/es\/churches\/christian-science-organization-at-university-of-houston\/"]]}]},{"@type":"ImageObject","inLanguage":"es","@id":"https:\/\/christianscienceheals.com\/es\/churches\/christian-science-organization-at-university-of-houston\/#primaryimage","url":"https:\/\/i0.wp.com\/christianscienceheals.com\/files\/2024\/10\/headerimage.jpeg?fit=2048%2C1536&ssl=1","contentUrl":"https:\/\/i0.wp.com\/christianscienceheals.com\/files\/2024\/10\/headerimage.jpeg?fit=2048%2C1536&ssl=1","width":2048,"height":1536,"caption":"Houston CSO"},{"@type":"BreadcrumbList","@id":"https:\/\/christianscienceheals.com\/es\/churches\/christian-science-organization-at-university-of-houston\/#breadcrumb","itemListElement":[{"@type":"ListItem","position":1,"name":"Home","item":"https:\/\/christianscienceheals.com\/es\/"},{"@type":"ListItem","position":2,"name":"Area Churches","item":"https:\/\/christianscienceheals.com\/es\/churches\/"},{"@type":"ListItem","position":3,"name":"Christian Science Organization at University of Houston"}]},{"@type":"WebSite","@id":"https:\/\/christianscienceheals.com\/es\/#website","url":"https:\/\/christianscienceheals.com\/es\/","name":"Christian Science Houston Area","description":"Christian Science Churches and Resources in the Houston Texas Area","publisher":{"@id":"https:\/\/christianscienceheals.com\/es\/#organization"},"potentialAction":[{"@type":"SearchAction","target":{"@type":"EntryPoint","urlTemplate":"https:\/\/christianscienceheals.com\/es\/?s={search_term_string}"},"query-input":{"@type":"PropertyValueSpecification","valueRequired":true,"valueName":"search_term_string"}}],"inLanguage":"es"},{"@type":"Organization","@id":"https:\/\/christianscienceheals.com\/es\/#organization","name":"Christian Science Houston Area","url":"https:\/\/christianscienceheals.com\/es\/","logo":{"@type":"ImageObject","inLanguage":"es","@id":"https:\/\/christianscienceheals.com\/es\/#\/schema\/logo\/image\/","url":"https:\/\/i0.wp.com\/christianscienceheals.com\/files\/2018\/02\/HOUCOM_logo_with_starburst.png?fit=1024%2C1024&ssl=1","contentUrl":"https:\/\/i0.wp.com\/christianscienceheals.com\/files\/2018\/02\/HOUCOM_logo_with_starburst.png?fit=1024%2C1024&ssl=1","width":1024,"height":1024,"caption":"Christian Science Houston Area"},"image":{"@id":"https:\/\/christianscienceheals.com\/es\/#\/schema\/logo\/image\/"},"sameAs":["https:\/\/www.facebook.com\/christianscienceheals\/","https:\/\/x.com\/cs_heals","https:\/\/www.instagram.com\/christianscienceheals\/"]}]}},"jetpack_sharing_enabled":true,"jetpack_shortlink":"https:\/\/wp.me\/P6OyHU-1bA","_links":{"self":[{"href":"https:\/\/christianscienceheals.com\/es\/wp-json\/wp\/v2\/pages\/4562","targetHints":{"allow":["GET"]}}],"collection":[{"href":"https:\/\/christianscienceheals.com\/es\/wp-json\/wp\/v2\/pages"}],"about":[{"href":"https:\/\/christianscienceheals.com\/es\/wp-json\/wp\/v2\/types\/page"}],"author":[{"embeddable":true,"href":"https:\/\/christianscienceheals.com\/es\/wp-json\/wp\/v2\/users\/1"}],"replies":[{"embeddable":true,"href":"https:\/\/christianscienceheals.com\/es\/wp-json\/wp\/v2\/comments?post=4562"}],"version-history":[{"count":2,"href":"https:\/\/christianscienceheals.com\/es\/wp-json\/wp\/v2\/pages\/4562\/revisions"}],"predecessor-version":[{"id":4564,"href":"https:\/\/christianscienceheals.com\/es\/wp-json\/wp\/v2\/pages\/4562\/revisions\/4564"}],"up":[{"embeddable":true,"href":"https:\/\/christianscienceheals.com\/es\/wp-json\/wp\/v2\/pages\/27"}],"wp:featuredmedia":[{"embeddable":true,"href":"https:\/\/christianscienceheals.com\/es\/wp-json\/wp\/v2\/media\/8688"}],"wp:attachment":[{"href":"https:\/\/christianscienceheals.com\/es\/wp-json\/wp\/v2\/media?parent=4562"}],"curies":[{"name":"wp","href":"https:\/\/api.w.org\/{rel}","templated":true}]}}