{"id":440,"date":"2016-03-21T18:45:16","date_gmt":"2016-03-21T23:45:16","guid":{"rendered":"http:\/\/christianscienceheals.com\/?page_id=440"},"modified":"2017-03-27T13:36:37","modified_gmt":"2017-03-27T18:36:37","slug":"contact-us","status":"publish","type":"page","link":"https:\/\/christianscienceheals.com\/es\/contact-us\/","title":{"rendered":"Cont\u00e1ctanos"},"content":{"rendered":"<p>Para preguntas generales por favor llene el siguiente formulario de contacto. Tambi\u00e9n puede encontrar informaci\u00f3n de contactos individuales en las\u00a0<a href=\"http:\/\/christianscienceheals.com\/churches\/\">p\u00e1ginas de las iglesias<\/a>.<br \/>\n<ul class=\"subpage_list\"><li class=\"page_item page-item-222\"><a href=\"https:\/\/christianscienceheals.com\/es\/churches\/fourth-church-of-christ-scientist-houston-texas\/\">Cuarta Iglesia de Cristo, Cient\u00edfico, Houston, Texas<\/a><\/li>\n<li class=\"page_item page-item-183\"><a href=\"https:\/\/christianscienceheals.com\/es\/churches\/seventh-church-of-christ-scientist-houston-texas\/\">S\u00e9ptima Iglesia de Cristo, Cient\u00edfico Houston, Texas<\/a><\/li>\n<li class=\"page_item page-item-235\"><a href=\"https:\/\/christianscienceheals.com\/es\/churches\/octava-iglesia-de-cristo-cientifico-houston-texas\/\">Octava Iglesia de Cristo, Cient\u00edfico, Houston, Texas<\/a><\/li>\n<li class=\"page_item page-item-211\"><a href=\"https:\/\/christianscienceheals.com\/es\/churches\/christian-science-society-spring-texas\/\">Sociedad de Ciencia Cristiana, Houston, Texas<\/a><\/li>\n<li class=\"page_item page-item-6264\"><a href=\"https:\/\/christianscienceheals.com\/es\/churches\/christian-science-society-bellville-texas\/\">Sociedad de Ciencia Cristiana, Bellville, Texas<\/a><\/li>\n<li class=\"page_item page-item-240\"><a href=\"https:\/\/christianscienceheals.com\/es\/churches\/first-church-of-christ-scientist-bellaire-texas\/\">Primera Iglesia de Cristo, Cient\u00edfico, Bellaire, Texas<\/a><\/li>\n<li class=\"page_item page-item-260\"><a href=\"https:\/\/christianscienceheals.com\/es\/churches\/first-church-of-christ-scientist-friendswood-texas\/\">Primera Iglesia de Cristo, Cient\u00edfico, Friendswood, Texas<\/a><\/li>\n<li class=\"page_item page-item-159\"><a href=\"https:\/\/christianscienceheals.com\/es\/churches\/first-church-of-christ-scientist-the-woodlands-texas\/\">Primera Iglesia de Cristo, Cient\u00edfico, The Woodlands, Texas<\/a><\/li>\n<li class=\"page_item page-item-87\"><a href=\"https:\/\/christianscienceheals.com\/es\/churches\/reading-rooms\/\">Salas de Lectura<\/a><\/li>\n<\/ul><\/p>\n<h3>Formulario de Contacto<\/h3>\n\n<div class=\"wpcf7 no-js\" id=\"wpcf7-f608-o2\" lang=\"en-US\" dir=\"ltr\" data-wpcf7-id=\"608\">\n<div class=\"screen-reader-response\"><p role=\"status\" aria-live=\"polite\" aria-atomic=\"true\"><\/p> <ul><\/ul><\/div>\n<form action=\"\/es\/wp-json\/wp\/v2\/pages\/440#wpcf7-f608-o2\" method=\"post\" class=\"wpcf7-form init\" aria-label=\"Contact form\" novalidate=\"novalidate\" data-status=\"init\">\n<fieldset class=\"hidden-fields-container\"><input type=\"hidden\" name=\"_wpcf7\" value=\"608\" \/><input type=\"hidden\" name=\"_wpcf7_version\" value=\"6.1.5\" \/><input type=\"hidden\" name=\"_wpcf7_locale\" value=\"en_US\" \/><input type=\"hidden\" name=\"_wpcf7_unit_tag\" value=\"wpcf7-f608-o2\" \/><input type=\"hidden\" name=\"_wpcf7_container_post\" value=\"0\" \/><input type=\"hidden\" name=\"_wpcf7_posted_data_hash\" value=\"\" \/><input type=\"hidden\" name=\"_wpcf7dtx_version\" value=\"5.0.5\" \/><input type=\"hidden\" name=\"_wpcf7_recaptcha_response\" value=\"\" \/>\n<\/fieldset>\n<p><div class=\"form-group your-name\"><label class=\"\">Your Name <span class=\"required\">*<\/span><\/label><input class=\"wpcf7-form-control wpcf7-text wpcf7-validates-as-required form-control\" name=\"your-name\" type=\"text\" value=\"\" aria-invalid=\"false\" aria-required=\"true\" required><\/div><br \/>\n<div class=\"form-group your-email\"><label class=\"\">Your Email <span class=\"required\">*<\/span><\/label><input class=\"wpcf7-form-control wpcf7-email wpcf7-validates-as-required wpcf7-text wpcf7-validates-as-email form-control\" name=\"your-email\" type=\"email\" value=\"\" aria-invalid=\"false\" aria-required=\"true\" required><\/div><br \/>\n<div class=\"form-group your-subject\"><label class=\"\">Subject<\/label><input class=\"wpcf7-form-control wpcf7-text form-control\" name=\"your-subject\" type=\"text\" value=\"\" aria-invalid=\"false\"><\/div><br \/>\n<div class=\"form-group your-message\"><label class=\"\">Your Message<\/label><textarea class=\"wpcf7-form-control wpcf7-textarea form-control\" name=\"your-message\" rows=\"4\" aria-invalid=\"false\"><\/textarea><\/div><br \/>\n<br \/>\n<div class=\"form-group\"><div><input class=\"wpcf7-form-control wpcf7-submit btn btn-primary\" type=\"submit\" value=\"Send\"><\/div><\/div>\n<\/p><p style=\"display: none !important;\" class=\"akismet-fields-container\" data-prefix=\"_wpcf7_ak_\"><label>&#916;<textarea name=\"_wpcf7_ak_hp_textarea\" cols=\"45\" rows=\"8\" maxlength=\"100\"><\/textarea><\/label><input type=\"hidden\" id=\"ak_js_2\" name=\"_wpcf7_ak_js\" value=\"180\"\/><script>document.getElementById( \"ak_js_2\" ).setAttribute( \"value\", ( new Date() ).getTime() );<\/script><\/p><div class=\"wpcf7-response-output alert alert-warning\"><\/div>\n<\/form>\n<\/div>\n\n<p>&nbsp;<\/p>\n<p>&nbsp;<\/p>\n<p>Si tiene preguntas o inquietudes t\u00e9cnicas sobre el sitio web, p\u00f3ngase en contacto con Gabriel Serafini a trav\u00e9s de su correo electr\u00f3nico\u00a0<a href=\"mailto:gserafini@gmail.com\">gserafini@gmail.com<\/a>\u00a0o llamando al +1 (415) 640-5984.<\/p>\n<p>&nbsp;<\/p>","protected":false},"excerpt":{"rendered":"<p>Para preguntas generales por favor llene el siguiente formulario de contacto. Tambi\u00e9n puede encontrar informaci\u00f3n de contactos individuales en las\u00a0p\u00e1ginas de las iglesias. Formulario de Contacto &nbsp; &nbsp; Si tiene preguntas o inquietudes t\u00e9cnicas sobre el sitio web, p\u00f3ngase en contacto con Gabriel Serafini a trav\u00e9s de su correo electr\u00f3nico\u00a0gserafini@gmail.com\u00a0o llamando al +1 (415) 640-5984. [&hellip;]<\/p>\n","protected":false},"author":1,"featured_media":0,"parent":0,"menu_order":0,"comment_status":"closed","ping_status":"closed","template":"","meta":{"_monsterinsights_skip_tracking":false,"_monsterinsights_sitenote_active":false,"_monsterinsights_sitenote_note":"","_monsterinsights_sitenote_category":0,"jetpack_post_was_ever_published":false,"_vp_format_video_url":"","_vp_image_focal_point":[],"footnotes":""},"class_list":["post-440","page","type-page","status-publish","hentry"],"yoast_head":"<!-- This site is optimized with the Yoast SEO plugin v27.3 - https:\/\/yoast.com\/product\/yoast-seo-wordpress\/ -->\n<title>Cont\u00e1ctanos - Christian Science Houston Area<\/title>\n<meta name=\"robots\" content=\"index, follow, max-snippet:-1, max-image-preview:large, max-video-preview:-1\" \/>\n<link rel=\"canonical\" href=\"https:\/\/christianscienceheals.com\/es\/contact-us\/\" \/>\n<meta property=\"og:locale\" content=\"es_ES\" \/>\n<meta property=\"og:type\" content=\"article\" \/>\n<meta property=\"og:title\" content=\"Cont\u00e1ctanos - Christian Science Houston Area\" \/>\n<meta property=\"og:description\" content=\"Para preguntas generales por favor llene el siguiente formulario de contacto. Tambi\u00e9n puede encontrar informaci\u00f3n de contactos individuales en las\u00a0p\u00e1ginas de las iglesias. Formulario de Contacto &nbsp; &nbsp; Si tiene preguntas o inquietudes t\u00e9cnicas sobre el sitio web, p\u00f3ngase en contacto con Gabriel Serafini a trav\u00e9s de su correo electr\u00f3nico\u00a0gserafini@gmail.com\u00a0o llamando al +1 (415) 640-5984. [&hellip;]\" \/>\n<meta property=\"og:url\" content=\"https:\/\/christianscienceheals.com\/es\/contact-us\/\" \/>\n<meta property=\"og:site_name\" content=\"Christian Science Houston Area\" \/>\n<meta property=\"article:publisher\" content=\"https:\/\/www.facebook.com\/christianscienceheals\/\" \/>\n<meta property=\"article:modified_time\" content=\"2017-03-27T18:36:37+00:00\" \/>\n<meta property=\"og:image\" content=\"https:\/\/i0.wp.com\/christianscienceheals.com\/files\/2022\/11\/Find_a_Houston_church.jpg?fit=2000%2C800&ssl=1\" \/>\n\t<meta property=\"og:image:width\" content=\"2000\" \/>\n\t<meta property=\"og:image:height\" content=\"800\" \/>\n\t<meta property=\"og:image:type\" content=\"image\/jpeg\" \/>\n<meta name=\"twitter:card\" content=\"summary_large_image\" \/>\n<meta name=\"twitter:site\" content=\"@cs_heals\" \/>\n<meta name=\"twitter:label1\" content=\"Tiempo de lectura\" \/>\n\t<meta name=\"twitter:data1\" content=\"1 minuto\" \/>\n<script type=\"application\/ld+json\" class=\"yoast-schema-graph\">{\"@context\":\"https:\\\/\\\/schema.org\",\"@graph\":[{\"@type\":\"WebPage\",\"@id\":\"https:\\\/\\\/christianscienceheals.com\\\/es\\\/contact-us\\\/\",\"url\":\"https:\\\/\\\/christianscienceheals.com\\\/es\\\/contact-us\\\/\",\"name\":\"Cont\u00e1ctanos - Christian Science Houston Area\",\"isPartOf\":{\"@id\":\"https:\\\/\\\/christianscienceheals.com\\\/es\\\/#website\"},\"datePublished\":\"2016-03-21T23:45:16+00:00\",\"dateModified\":\"2017-03-27T18:36:37+00:00\",\"breadcrumb\":{\"@id\":\"https:\\\/\\\/christianscienceheals.com\\\/es\\\/contact-us\\\/#breadcrumb\"},\"inLanguage\":\"es\",\"potentialAction\":[{\"@type\":\"ReadAction\",\"target\":[[\"https:\\\/\\\/christianscienceheals.com\\\/es\\\/contact-us\\\/\"]]}]},{\"@type\":\"BreadcrumbList\",\"@id\":\"https:\\\/\\\/christianscienceheals.com\\\/es\\\/contact-us\\\/#breadcrumb\",\"itemListElement\":[{\"@type\":\"ListItem\",\"position\":1,\"name\":\"Home\",\"item\":\"https:\\\/\\\/christianscienceheals.com\\\/es\\\/\"},{\"@type\":\"ListItem\",\"position\":2,\"name\":\"Contact Us\"}]},{\"@type\":\"WebSite\",\"@id\":\"https:\\\/\\\/christianscienceheals.com\\\/es\\\/#website\",\"url\":\"https:\\\/\\\/christianscienceheals.com\\\/es\\\/\",\"name\":\"Christian Science Houston Area\",\"description\":\"Christian Science Churches and Resources in the Houston Texas Area\",\"publisher\":{\"@id\":\"https:\\\/\\\/christianscienceheals.com\\\/es\\\/#organization\"},\"potentialAction\":[{\"@type\":\"SearchAction\",\"target\":{\"@type\":\"EntryPoint\",\"urlTemplate\":\"https:\\\/\\\/christianscienceheals.com\\\/es\\\/?s={search_term_string}\"},\"query-input\":{\"@type\":\"PropertyValueSpecification\",\"valueRequired\":true,\"valueName\":\"search_term_string\"}}],\"inLanguage\":\"es\"},{\"@type\":\"Organization\",\"@id\":\"https:\\\/\\\/christianscienceheals.com\\\/es\\\/#organization\",\"name\":\"Christian Science Houston Area\",\"url\":\"https:\\\/\\\/christianscienceheals.com\\\/es\\\/\",\"logo\":{\"@type\":\"ImageObject\",\"inLanguage\":\"es\",\"@id\":\"https:\\\/\\\/christianscienceheals.com\\\/es\\\/#\\\/schema\\\/logo\\\/image\\\/\",\"url\":\"https:\\\/\\\/i0.wp.com\\\/christianscienceheals.com\\\/files\\\/2018\\\/02\\\/HOUCOM_logo_with_starburst.png?fit=1024%2C1024&ssl=1\",\"contentUrl\":\"https:\\\/\\\/i0.wp.com\\\/christianscienceheals.com\\\/files\\\/2018\\\/02\\\/HOUCOM_logo_with_starburst.png?fit=1024%2C1024&ssl=1\",\"width\":1024,\"height\":1024,\"caption\":\"Christian Science Houston Area\"},\"image\":{\"@id\":\"https:\\\/\\\/christianscienceheals.com\\\/es\\\/#\\\/schema\\\/logo\\\/image\\\/\"},\"sameAs\":[\"https:\\\/\\\/www.facebook.com\\\/christianscienceheals\\\/\",\"https:\\\/\\\/x.com\\\/cs_heals\",\"https:\\\/\\\/www.instagram.com\\\/christianscienceheals\\\/\"]}]}<\/script>\n<!-- \/ Yoast SEO plugin. -->","yoast_head_json":{"title":"Cont\u00e1ctanos - Christian Science Houston Area","robots":{"index":"index","follow":"follow","max-snippet":"max-snippet:-1","max-image-preview":"max-image-preview:large","max-video-preview":"max-video-preview:-1"},"canonical":"https:\/\/christianscienceheals.com\/es\/contact-us\/","og_locale":"es_ES","og_type":"article","og_title":"Cont\u00e1ctanos - Christian Science Houston Area","og_description":"Para preguntas generales por favor llene el siguiente formulario de contacto. Tambi\u00e9n puede encontrar informaci\u00f3n de contactos individuales en las\u00a0p\u00e1ginas de las iglesias. Formulario de Contacto &nbsp; &nbsp; Si tiene preguntas o inquietudes t\u00e9cnicas sobre el sitio web, p\u00f3ngase en contacto con Gabriel Serafini a trav\u00e9s de su correo electr\u00f3nico\u00a0gserafini@gmail.com\u00a0o llamando al +1 (415) 640-5984. [&hellip;]","og_url":"https:\/\/christianscienceheals.com\/es\/contact-us\/","og_site_name":"Christian Science Houston Area","article_publisher":"https:\/\/www.facebook.com\/christianscienceheals\/","article_modified_time":"2017-03-27T18:36:37+00:00","og_image":[{"width":2000,"height":800,"url":"https:\/\/i0.wp.com\/christianscienceheals.com\/files\/2022\/11\/Find_a_Houston_church.jpg?fit=2000%2C800&ssl=1","type":"image\/jpeg"}],"twitter_card":"summary_large_image","twitter_site":"@cs_heals","twitter_misc":{"Tiempo de lectura":"1 minuto"},"schema":{"@context":"https:\/\/schema.org","@graph":[{"@type":"WebPage","@id":"https:\/\/christianscienceheals.com\/es\/contact-us\/","url":"https:\/\/christianscienceheals.com\/es\/contact-us\/","name":"Cont\u00e1ctanos - Christian Science Houston Area","isPartOf":{"@id":"https:\/\/christianscienceheals.com\/es\/#website"},"datePublished":"2016-03-21T23:45:16+00:00","dateModified":"2017-03-27T18:36:37+00:00","breadcrumb":{"@id":"https:\/\/christianscienceheals.com\/es\/contact-us\/#breadcrumb"},"inLanguage":"es","potentialAction":[{"@type":"ReadAction","target":[["https:\/\/christianscienceheals.com\/es\/contact-us\/"]]}]},{"@type":"BreadcrumbList","@id":"https:\/\/christianscienceheals.com\/es\/contact-us\/#breadcrumb","itemListElement":[{"@type":"ListItem","position":1,"name":"Home","item":"https:\/\/christianscienceheals.com\/es\/"},{"@type":"ListItem","position":2,"name":"Contact Us"}]},{"@type":"WebSite","@id":"https:\/\/christianscienceheals.com\/es\/#website","url":"https:\/\/christianscienceheals.com\/es\/","name":"Christian Science Houston Area","description":"Christian Science Churches and Resources in the Houston Texas Area","publisher":{"@id":"https:\/\/christianscienceheals.com\/es\/#organization"},"potentialAction":[{"@type":"SearchAction","target":{"@type":"EntryPoint","urlTemplate":"https:\/\/christianscienceheals.com\/es\/?s={search_term_string}"},"query-input":{"@type":"PropertyValueSpecification","valueRequired":true,"valueName":"search_term_string"}}],"inLanguage":"es"},{"@type":"Organization","@id":"https:\/\/christianscienceheals.com\/es\/#organization","name":"Christian Science Houston Area","url":"https:\/\/christianscienceheals.com\/es\/","logo":{"@type":"ImageObject","inLanguage":"es","@id":"https:\/\/christianscienceheals.com\/es\/#\/schema\/logo\/image\/","url":"https:\/\/i0.wp.com\/christianscienceheals.com\/files\/2018\/02\/HOUCOM_logo_with_starburst.png?fit=1024%2C1024&ssl=1","contentUrl":"https:\/\/i0.wp.com\/christianscienceheals.com\/files\/2018\/02\/HOUCOM_logo_with_starburst.png?fit=1024%2C1024&ssl=1","width":1024,"height":1024,"caption":"Christian Science Houston Area"},"image":{"@id":"https:\/\/christianscienceheals.com\/es\/#\/schema\/logo\/image\/"},"sameAs":["https:\/\/www.facebook.com\/christianscienceheals\/","https:\/\/x.com\/cs_heals","https:\/\/www.instagram.com\/christianscienceheals\/"]}]}},"jetpack_sharing_enabled":true,"jetpack_shortlink":"https:\/\/wp.me\/P6OyHU-76","_links":{"self":[{"href":"https:\/\/christianscienceheals.com\/es\/wp-json\/wp\/v2\/pages\/440","targetHints":{"allow":["GET"]}}],"collection":[{"href":"https:\/\/christianscienceheals.com\/es\/wp-json\/wp\/v2\/pages"}],"about":[{"href":"https:\/\/christianscienceheals.com\/es\/wp-json\/wp\/v2\/types\/page"}],"author":[{"embeddable":true,"href":"https:\/\/christianscienceheals.com\/es\/wp-json\/wp\/v2\/users\/1"}],"replies":[{"embeddable":true,"href":"https:\/\/christianscienceheals.com\/es\/wp-json\/wp\/v2\/comments?post=440"}],"version-history":[{"count":10,"href":"https:\/\/christianscienceheals.com\/es\/wp-json\/wp\/v2\/pages\/440\/revisions"}],"predecessor-version":[{"id":1236,"href":"https:\/\/christianscienceheals.com\/es\/wp-json\/wp\/v2\/pages\/440\/revisions\/1236"}],"wp:attachment":[{"href":"https:\/\/christianscienceheals.com\/es\/wp-json\/wp\/v2\/media?parent=440"}],"curies":[{"name":"wp","href":"https:\/\/api.w.org\/{rel}","templated":true}]}}