{"id":11,"date":"2015-03-03T16:42:18","date_gmt":"2015-03-03T22:42:18","guid":{"rendered":"http:\/\/houcom.sharethepractice.org\/?page_id=11"},"modified":"2023-09-13T11:22:01","modified_gmt":"2023-09-13T16:22:01","slug":"faq","status":"publish","type":"page","link":"https:\/\/christianscienceheals.com\/es\/faq\/","title":{"rendered":"Preguntas Frecuentes Acerca de la Ciencia Cristiana"},"content":{"rendered":"<p><\/p>\n<h3>\u00bfQu\u00e9 es la Ciencia Cristiana?<\/h3>\n<p>La Ciencia Cristiana es una religi\u00f3n basada en la palabra y obras de Cristo Jes\u00fas, quien ense\u00f1\u00f3 a la humanidad el verdadero significado del Amor. Por lo tanto, el coraz\u00f3n del cristianismo es el Amor y el sentimiento y comprensi\u00f3n del amor que Dios tiene para cada uno de nosotros. Para obtener informaci\u00f3n adicional y detallada sobre la Ciencia Cristiana, visite p\u00e1gina\u00a0<a href=\"http:\/\/christianscience.com\/what-is-christian-science\">\u00ab\u00bfQu\u00e9 es la Ciencia Cristiana?\u00bb en ChristianScience.com<\/a>.<\/p>\n<h3>\u00bfCuales son sus Ense\u00f1anzas B\u00e1sicas?<\/h3>\n<p>La Ciencia Cristiana esta basada en la\u00a0<a href=\"http:\/\/christianscience.com\/read-online\/holy-bible-kjv\">Biblia<\/a>, y est\u00e1 completamente explicada en el libro\u00a0<em><a href=\"http:\/\/christianscience.com\/read-online\/science-and-health\">Ciencia y Salud con la Llave de las Escrituras<\/a><\/em>\u00a0por Mary Baker Eddy, la fundadora de la Ciencia Cristiana. Ella descubri\u00f3 que las promesas de Jesus \u201cel que cree en m\u00ed, las obras que yo hago, \u00e9l las har\u00e1 tambi\u00e9n\u201d (Juan 14:12) no eran \u00absobrenaturales, sino supremamente naturales\u00bb (<em>Ciencia y Salud,<\/em>\u00a0p.xi). Esto puede significar resolver problemas dif\u00edciles de <a href=\"http:\/\/www.christianscience.com\/what-is-christian-science\/how-can-i-be-healed\">salud<\/a>, relaciones, empleo y otros <a href=\"http:\/\/www.christianscience.com\/christian-healing-today\/our-prayer-makes-a-difference\">asuntos personales y globales<\/a>\u00a0a trav\u00e9s de la oraci\u00f3n. Pero la Ciencia Cristiana es mucho m\u00e1s que un sistema de autoayuda o cuidado de la salud. Fundamentalmente, es una manera de acercarnos a nuestro amoroso Padre-Madre Dios, as\u00ed como a toda la humanidad.<\/p>\n<h3>\u00bfCu\u00e1les son sus Estatutos?<\/h3>\n<p>De<em>\u00a0Ciencia y Salud<\/em>\u00a0(<a href=\"http:\/\/www.christianscience.com\/what-is-christian-science\/beliefs-and-teachings\">pags.496-497<\/a>)<\/p>\n<ol>\n<li>Como adherentes de la Verdad, aceptamos la Palabra inspirada de la\u00a0<a href=\"http:\/\/www.christianscience.com\/the-christian-science-pastor\/holy-bible\">Biblia<\/a>\u00a0como nuestra gu\u00eda suficiente hacia la Vida eterna.<\/li>\n<li>Reconocemos y adoramos a un solo Dios supremo e infinito. Reconocemos a Su Hijo, Cristo \u00fanico; al Esp\u00edritu Santo o Consolador divino; y al hombre a imagen y semejanza de Dios.<\/li>\n<li>Reconocemos el perd\u00f3n del pecado por Dios en la destrucci\u00f3n del pecado y en la comprensi\u00f3n espiritual que echa fuera al mal como irreal. Pero la creencia en el pecado es castigada mientras dure la creencia.<\/li>\n<li>Reconocemos que la expiaci\u00f3n de Jes\u00fas es la evidencia del Amor divino y eficaz, que revela la unidad del hombre con Dios por medio de\u00a0<a href=\"http:\/\/concordexpress.christianscience.com\/?query=SH%2030:19-25\">Cristo Jes\u00fas<\/a>,\u00a0el Mostrador del camino; y reconocemos que el hombre se salva mediante el Cristo, mediante la Verdad, la Vida y el Amor como los demostr\u00f3 el Profeta de Galilea al sanar a los enfermos y al vencer al pecado y a la muerte.<\/li>\n<li>Reconocemos que la crucifixi\u00f3n de Jes\u00fas y su resurrecci\u00f3n sirvieron para elevar la fe a la comprensi\u00f3n de la Vida eterna, como tambi\u00e9n de la totalidad del Alma, el Esp\u00edritu, y la nada de la materia.<\/li>\n<li>Y solemnemente prometemos velar, y orar por que haya en nosotros aquella Mente que hubo tambi\u00e9n en Cristo Jes\u00fas; hacer con los dem\u00e1s lo que quisi\u00e9ramos que ellos hicieren con nosotros; y ser misericordiosos, justos y puros.<\/li>\n<\/ol>\n<h3>\u00bfQui\u00e9n es\u00a0Mary Baker Eddy?<\/h3>\n<p>Mary Baker Eddy (1821-1910) fue criada en una casa puritana, y am\u00f3 y estudi\u00f3 la Biblia. A lo largo de su vida, cuestion\u00f3 los puntos de vista convencionales acerca de la ciencia, la teolog\u00eda y la medicina, y continuamente busc\u00f3 respuestas en la Biblia. Una pregunta general que la Sra. Eddy trat\u00f3 de responder fue: \u00bfC\u00f3mo pudo Cristo Jes\u00fas sanar a los enfermos? Encontr\u00f3 la respuesta en 1866 cuando sufri\u00f3\u00a0una grave ca\u00edda de la cual nadie esperaba que sobreviviese. Al leer una de las curaciones de Jes\u00fas, se encontr\u00f3 s\u00fabitamente bien. Eddy no pod\u00eda explicar a los dem\u00e1s lo que hab\u00eda sucedido, pero sab\u00eda que era el resultado de lo que hab\u00eda le\u00eddo en la Biblia. Esto la llev\u00f3 a nueve a\u00f1os de estudio intensivo de las Escrituras y al descubrimiento de que existe una \u00abciencia\u00bb espiritual que sostiene al universo, en cuyas leyes se puede confiar hoy en d\u00eda para la curaci\u00f3n, tal como se hizo hace m\u00e1s de 2.000 a\u00f1os. A continuaci\u00f3n la Sra. Eddy se convirti\u00f3 en una oradora p\u00fablica, profesora, y una autora de best-seller. Fund\u00f3 un Colegio Metaf\u00edsico para ense\u00f1ar\u00a0<a href=\"https:\/\/www.marybakereddylibrary.org\/es\/mary-baker-eddy\/la-vida-de-mary-baker-eddy\/\">sanaci\u00f3n a trav\u00e9s de la Ciencia Cristiana<\/a>,\u00a0una\u00a0<a href=\"http:\/\/www.christianscience.com\/find-us\/attend-a-church-service\">iglesia internacional<\/a>, y m\u00faltiples\u00a0<a href=\"http:\/\/christianscience.com\/prayer-and-health\/inspirational-media\/publications\">publicaciones<\/a>, incluyendo el galardonado peri\u00f3dico, <a href=\"http:\/\/csmonitor.com\/\">The Christian Science Monitor<\/a>.<\/p>\n<h3>\u00bfEst\u00e1 la Ciencia Cristiana relacionada con la Cienciolog\u00eda?<\/h3>\n<p>La Ciencia Cristiana a veces es confundida con la Cienciolog\u00eda, las pr\u00e1cticas de la Nueva Era, la curaci\u00f3n de fe y las religiones orientales. Tambi\u00e9n ha sido llamada anti-cristiana o catalogada como culto. En realidad, la Ciencia Cristiana no es ninguna de las anteriores. La inspiraci\u00f3n que ofrece es m\u00e1s profunda que un mero pensamiento positivo. Es profundamente cristiana. La Ciencia Cristiana ense\u00f1a que nunca es la voluntad de Dios que alguien sufra, enferme o muera. En vez de esto, muestra c\u00f3mo Dios es completamente bueno, y por lo tanto Su voluntad para con cada uno de nosotros es s\u00f3lo salud y vida.<\/p>\n<h3>\u00bfCual es\u00a0la visi\u00f3n acerca de Dios que tiene la Ciencia Cristiana?<\/h3>\n<p>El primer cap\u00edtulo del G\u00e9nesis presenta a Dios como totalmente espiritual y completamente bueno. Esta bondad es entonces hermosamente revelada como parte integral de la creaci\u00f3n de Dios. \u201cY vio Dios todo lo que hab\u00eda hecho, y he aqu\u00ed que era bueno en gran manera.\u201d (<a href=\"http:\/\/concordexpress.christianscience.com\/?query=Gen%201:31\">G\u00e9nesis 1:31<\/a>). La Ciencia Cristiana, apuntando a pasajes de la Biblia como estos, define a Dios como \u201cEl gran YO SOY; el que todo lo sabe, que todo lo ve, que es todo acci\u00f3n, todo sabidur\u00eda, todo amor, y que es eterno; Principio; Mente; Alma; Esp\u00edritu; Vida; Verdad; Amor; toda sustancia; inteligencia.\u201d (<a href=\"http:\/\/concordexpress.christianscience.com\/?query=SH%20587:5\"><em>Ciencia y Salud<\/em>, p.587<\/a>). Por lo tanto, vemos nuestra identidad espiritual y nuestra relaci\u00f3n con Dios como perfecta, hecha a Su \u00abimagen y semejanza\u00bb (Genesis 1:26).<\/p>\n<h3>\u00bfEs cierto que los cient\u00edficos cristianos no toman medicamentos?<\/h3>\n<p>Corresponde a cada persona que practica la Ciencia Cristiana elegir la forma de atenci\u00f3n m\u00e9dica que \u00e9l o ella desee. Muchos cient\u00edficos cristianos deciden orar primero sobre cada desaf\u00edo, incluyendo problemas de salud, encontrando en la oraci\u00f3n resultados efectivos. Hoy en d\u00eda, muchos profesionales de la salud est\u00e1n reconociendo opciones fuera de la medicina convencional. Los cient\u00edficos cristianos reconocen y respetan los intereses de los profesionales m\u00e9dicos y no se oponen a ellos. Todos nos preocupamos por los aspectos preventivos y curativos del cuidado sanitario. Como todos los sistemas de curaci\u00f3n, el historial de la Ciencia Cristiana no es perfecto. Sin embargo, m\u00e1s de 80.000 curaciones a trav\u00e9s de la Ciencia Cristiana han sido publicadas durante los \u00faltimos 140 a\u00f1os, incluyendo c\u00e1ncer, huesos rotos, diabetes, tabaquismo y muchos otros problemas.<\/p>\n<h3>\u00bfCual es la historia de la Ciencia Cristiana?<\/h3>\n<p>En 1866, despu\u00e9s de muchos a\u00f1os de estudio, <a href=\"http:\/\/www.christianscience.com\/what-is-christian-science\/mary-baker-eddy\">Mary Baker Eddy<\/a>\u00a0descubri\u00f3 lo que consider\u00f3 la Ciencia del Cristianismo como hab\u00eda sido vivida y ense\u00f1ada por Cristo Jes\u00fas. Se dedic\u00f3 a ense\u00f1ar, predicar y curar a otros a trav\u00e9s de este sistema de aplicaci\u00f3n de leyes espirituales al que llamo Ciencia Cristiana. En 1875 public\u00f3 su libro principal acerca de \u00e9ste sistema,\u00a0<em><a href=\"http:\/\/www.christianscience.com\/the-christian-science-pastor\/science-and-health\">Ciencia y Salud con la Llave de las Escrituras. <\/a><\/em>\u00a0Ya en 1879, fund\u00f3 la\u00a0<a href=\"http:\/\/www.christianscience.com\/find-us\/visit-the-mother-church\">Iglesia de Cristo, Cient\u00edfico<\/a>, para \u201c&#8230;conmemorar la palabra y las obras de nuestro Maestro, la cual habr\u00eda de restablecer el Cristianismo primitivo y su perdido elemento de curaci\u00f3n\u201d <em><a href=\"http:\/\/concordexpress.christianscience.com\/?query=Man.%2017:1-18\">(Manual de la Iglesia, p. 17)<\/a>.\u00a0<\/em>Aunque no es necesario ser un miembro de la iglesia para estudiar la Ciencia Cristiana, hoy en d\u00eda hay\u00a0<a href=\"http:\/\/www.christianscience.com\/member-resources\/church-membership\">miembros<\/a>\u00a0en m\u00e1s de 130 pa\u00edses e iglesias administradas democr\u00e1ticamente en m\u00e1s de 70 pa\u00edses.<\/p>\n<h3>\u00bfC\u00f3mo puede ayudarme la Ciencia Cristiana?<\/h3>\n<p>La Ciencia Cristiana es estudiada y practicada por personas de todo el mundo y puede ayudarlo\/a de la misma manera en que ayuda a los dem\u00e1s. Al preguntar a la gente por qu\u00e9 les gusta la Ciencia Cristiana, ellos dicen cosas como:<\/p>\n<p>La Ciencia Cristiana funciona\u00a0\u2013 \u00a1Encontr\u00e9 sanaci\u00f3n!<\/p>\n<ul>\n<li>Siento amor incondicional, sin sentirme juzgado.<\/li>\n<li>La\u00a0<a href=\"http:\/\/www.christianscience.com\/what-is-christian-science\/the-bible\">Biblia<\/a>\u00a0tiene m\u00e1s sentido para mi.<\/li>\n<li>La Ciencia Cristiana me ayuda a sentirme seguro.<\/li>\n<li>A trav\u00e9s de la oraci\u00f3n, la Ciencia Cristiana me trajo consuelo.<\/li>\n<li>Siento la tierna\u00a0presencia de Dios m\u00e1s que nunca.<\/li>\n<li>La vida de Jes\u00fas y sus ense\u00f1anzas son ahora m\u00e1s relevantes para m\u00ed.<\/li>\n<li>Encontr\u00e9 una mejor sensaci\u00f3n de paz y armon\u00eda en mi vida.<\/li>\n<li>Me dio la oportunidad de bendecir a otros.<\/li>\n<\/ul>\n<h3>\u00bfQu\u00e9 actividades est\u00e1n disponibles?<\/h3>\n<p>Junto con los servicios dos veces por semana que incluyen clases para los ni\u00f1os en la\u00a0<a href=\"http:\/\/www.christianscience.com\/youth\/sunday-school\">Escuela Dominical<\/a>, las iglesias de la Ciencia Cristiana en todo el mundo mantienen\u00a0<a href=\"http:\/\/www.christianscience.com\/find-us\/visit-a-reading-room\">Salas de Lectura<\/a>\u00a0p\u00fablicas y patrocinan <a href=\"http:\/\/www.christianscience.com\/find-us\/find-a-lecture\">charlas y conferencias<\/a>\u00a0 sobre varios temas. Las actividades adicionales de la iglesia var\u00edan de iglesia a iglesia, y pueden incluir servicios de enfermer\u00eda de la Ciencia Cristiana, comit\u00e9s de atenci\u00f3n,\u00a0<a href=\"http:\/\/www.christianscience.com\/member-resources\/branch-churches-and-societies\/prison-and-institutional-work\">servicios de capell\u00e1n<\/a>\u00a0en establecimientos penitenciarios, etc. Este sitio es una gran herramienta para averiguar qu\u00e9 est\u00e1 pasando en el \u00e1rea de Houston.<\/p>\n<h3>\u00bfTiene otras preguntas?<\/h3>\n<p>Para m\u00e1s preguntas llene el\u00a0<a href=\"https:\/\/christianscienceheals.com\/contact-us\/\">formulario de contacto contacto<\/a>\u00a0y alguien le responder\u00e1.<\/p>","protected":false},"excerpt":{"rendered":"<p>\u00bfQu\u00e9 es la Ciencia Cristiana? La Ciencia Cristiana es una religi\u00f3n basada en la palabra y obras de Cristo Jes\u00fas, quien ense\u00f1\u00f3 a la humanidad el verdadero significado del Amor. Por lo tanto, el coraz\u00f3n del cristianismo es el Amor y el sentimiento y comprensi\u00f3n del amor que Dios tiene para cada uno de nosotros. [&hellip;]<\/p>\n","protected":false},"author":1,"featured_media":0,"parent":0,"menu_order":0,"comment_status":"closed","ping_status":"closed","template":"","meta":{"_monsterinsights_skip_tracking":false,"_monsterinsights_sitenote_active":false,"_monsterinsights_sitenote_note":"","_monsterinsights_sitenote_category":0,"jetpack_post_was_ever_published":false,"_vp_format_video_url":"","_vp_image_focal_point":[],"footnotes":""},"class_list":["post-11","page","type-page","status-publish","hentry"],"yoast_head":"<!-- This site is optimized with the Yoast SEO plugin v27.4 - https:\/\/yoast.com\/product\/yoast-seo-wordpress\/ -->\n<title>Preguntas Frecuentes Acerca de la Ciencia Cristiana - Christian Science Houston Area<\/title>\n<meta name=\"robots\" content=\"index, follow, max-snippet:-1, max-image-preview:large, max-video-preview:-1\" \/>\n<link rel=\"canonical\" href=\"https:\/\/christianscienceheals.com\/es\/faq\/\" \/>\n<meta property=\"og:locale\" content=\"es_ES\" \/>\n<meta property=\"og:type\" content=\"article\" \/>\n<meta property=\"og:title\" content=\"Preguntas Frecuentes Acerca de la Ciencia Cristiana - Christian Science Houston Area\" \/>\n<meta property=\"og:description\" content=\"\u00bfQu\u00e9 es la Ciencia Cristiana? La Ciencia Cristiana es una religi\u00f3n basada en la palabra y obras de Cristo Jes\u00fas, quien ense\u00f1\u00f3 a la humanidad el verdadero significado del Amor. Por lo tanto, el coraz\u00f3n del cristianismo es el Amor y el sentimiento y comprensi\u00f3n del amor que Dios tiene para cada uno de nosotros. [&hellip;]\" \/>\n<meta property=\"og:url\" content=\"https:\/\/christianscienceheals.com\/es\/faq\/\" \/>\n<meta property=\"og:site_name\" content=\"Christian Science Houston Area\" \/>\n<meta property=\"article:publisher\" content=\"https:\/\/www.facebook.com\/christianscienceheals\/\" \/>\n<meta property=\"article:modified_time\" content=\"2023-09-13T16:22:01+00:00\" \/>\n<meta property=\"og:image\" content=\"https:\/\/i0.wp.com\/christianscienceheals.com\/files\/2022\/11\/Find_a_Houston_church.jpg?fit=2000%2C800&ssl=1\" \/>\n\t<meta property=\"og:image:width\" content=\"2000\" \/>\n\t<meta property=\"og:image:height\" content=\"800\" \/>\n\t<meta property=\"og:image:type\" content=\"image\/jpeg\" \/>\n<meta name=\"twitter:card\" content=\"summary_large_image\" \/>\n<meta name=\"twitter:site\" content=\"@cs_heals\" \/>\n<meta name=\"twitter:label1\" content=\"Tiempo de lectura\" \/>\n\t<meta name=\"twitter:data1\" content=\"14 minutos\" \/>\n<script type=\"application\/ld+json\" class=\"yoast-schema-graph\">{\"@context\":\"https:\\\/\\\/schema.org\",\"@graph\":[{\"@type\":\"WebPage\",\"@id\":\"https:\\\/\\\/christianscienceheals.com\\\/es\\\/faq\\\/\",\"url\":\"https:\\\/\\\/christianscienceheals.com\\\/es\\\/faq\\\/\",\"name\":\"Preguntas Frecuentes Acerca de la Ciencia Cristiana - Christian Science Houston Area\",\"isPartOf\":{\"@id\":\"https:\\\/\\\/christianscienceheals.com\\\/es\\\/#website\"},\"datePublished\":\"2015-03-03T22:42:18+00:00\",\"dateModified\":\"2023-09-13T16:22:01+00:00\",\"breadcrumb\":{\"@id\":\"https:\\\/\\\/christianscienceheals.com\\\/es\\\/faq\\\/#breadcrumb\"},\"inLanguage\":\"es\",\"potentialAction\":[{\"@type\":\"ReadAction\",\"target\":[[\"https:\\\/\\\/christianscienceheals.com\\\/es\\\/faq\\\/\"]]}]},{\"@type\":\"BreadcrumbList\",\"@id\":\"https:\\\/\\\/christianscienceheals.com\\\/es\\\/faq\\\/#breadcrumb\",\"itemListElement\":[{\"@type\":\"ListItem\",\"position\":1,\"name\":\"Home\",\"item\":\"https:\\\/\\\/christianscienceheals.com\\\/es\\\/\"},{\"@type\":\"ListItem\",\"position\":2,\"name\":\"Frequently Asked Questions About Christian Science\"}]},{\"@type\":\"WebSite\",\"@id\":\"https:\\\/\\\/christianscienceheals.com\\\/es\\\/#website\",\"url\":\"https:\\\/\\\/christianscienceheals.com\\\/es\\\/\",\"name\":\"Christian Science Houston Area\",\"description\":\"Christian Science Churches and Resources in the Houston Texas Area\",\"publisher\":{\"@id\":\"https:\\\/\\\/christianscienceheals.com\\\/es\\\/#organization\"},\"potentialAction\":[{\"@type\":\"SearchAction\",\"target\":{\"@type\":\"EntryPoint\",\"urlTemplate\":\"https:\\\/\\\/christianscienceheals.com\\\/es\\\/?s={search_term_string}\"},\"query-input\":{\"@type\":\"PropertyValueSpecification\",\"valueRequired\":true,\"valueName\":\"search_term_string\"}}],\"inLanguage\":\"es\"},{\"@type\":\"Organization\",\"@id\":\"https:\\\/\\\/christianscienceheals.com\\\/es\\\/#organization\",\"name\":\"Christian Science Houston Area\",\"url\":\"https:\\\/\\\/christianscienceheals.com\\\/es\\\/\",\"logo\":{\"@type\":\"ImageObject\",\"inLanguage\":\"es\",\"@id\":\"https:\\\/\\\/christianscienceheals.com\\\/es\\\/#\\\/schema\\\/logo\\\/image\\\/\",\"url\":\"https:\\\/\\\/i0.wp.com\\\/christianscienceheals.com\\\/files\\\/2018\\\/02\\\/HOUCOM_logo_with_starburst.png?fit=1024%2C1024&ssl=1\",\"contentUrl\":\"https:\\\/\\\/i0.wp.com\\\/christianscienceheals.com\\\/files\\\/2018\\\/02\\\/HOUCOM_logo_with_starburst.png?fit=1024%2C1024&ssl=1\",\"width\":1024,\"height\":1024,\"caption\":\"Christian Science Houston Area\"},\"image\":{\"@id\":\"https:\\\/\\\/christianscienceheals.com\\\/es\\\/#\\\/schema\\\/logo\\\/image\\\/\"},\"sameAs\":[\"https:\\\/\\\/www.facebook.com\\\/christianscienceheals\\\/\",\"https:\\\/\\\/x.com\\\/cs_heals\",\"https:\\\/\\\/www.instagram.com\\\/christianscienceheals\\\/\"]}]}<\/script>\n<!-- \/ Yoast SEO plugin. -->","yoast_head_json":{"title":"Preguntas Frecuentes Acerca de la Ciencia Cristiana - Christian Science Houston Area","robots":{"index":"index","follow":"follow","max-snippet":"max-snippet:-1","max-image-preview":"max-image-preview:large","max-video-preview":"max-video-preview:-1"},"canonical":"https:\/\/christianscienceheals.com\/es\/faq\/","og_locale":"es_ES","og_type":"article","og_title":"Preguntas Frecuentes Acerca de la Ciencia Cristiana - Christian Science Houston Area","og_description":"\u00bfQu\u00e9 es la Ciencia Cristiana? La Ciencia Cristiana es una religi\u00f3n basada en la palabra y obras de Cristo Jes\u00fas, quien ense\u00f1\u00f3 a la humanidad el verdadero significado del Amor. Por lo tanto, el coraz\u00f3n del cristianismo es el Amor y el sentimiento y comprensi\u00f3n del amor que Dios tiene para cada uno de nosotros. [&hellip;]","og_url":"https:\/\/christianscienceheals.com\/es\/faq\/","og_site_name":"Christian Science Houston Area","article_publisher":"https:\/\/www.facebook.com\/christianscienceheals\/","article_modified_time":"2023-09-13T16:22:01+00:00","og_image":[{"width":2000,"height":800,"url":"https:\/\/i0.wp.com\/christianscienceheals.com\/files\/2022\/11\/Find_a_Houston_church.jpg?fit=2000%2C800&ssl=1","type":"image\/jpeg"}],"twitter_card":"summary_large_image","twitter_site":"@cs_heals","twitter_misc":{"Tiempo de lectura":"14 minutos"},"schema":{"@context":"https:\/\/schema.org","@graph":[{"@type":"WebPage","@id":"https:\/\/christianscienceheals.com\/es\/faq\/","url":"https:\/\/christianscienceheals.com\/es\/faq\/","name":"Preguntas Frecuentes Acerca de la Ciencia Cristiana - Christian Science Houston Area","isPartOf":{"@id":"https:\/\/christianscienceheals.com\/es\/#website"},"datePublished":"2015-03-03T22:42:18+00:00","dateModified":"2023-09-13T16:22:01+00:00","breadcrumb":{"@id":"https:\/\/christianscienceheals.com\/es\/faq\/#breadcrumb"},"inLanguage":"es","potentialAction":[{"@type":"ReadAction","target":[["https:\/\/christianscienceheals.com\/es\/faq\/"]]}]},{"@type":"BreadcrumbList","@id":"https:\/\/christianscienceheals.com\/es\/faq\/#breadcrumb","itemListElement":[{"@type":"ListItem","position":1,"name":"Home","item":"https:\/\/christianscienceheals.com\/es\/"},{"@type":"ListItem","position":2,"name":"Frequently Asked Questions About Christian Science"}]},{"@type":"WebSite","@id":"https:\/\/christianscienceheals.com\/es\/#website","url":"https:\/\/christianscienceheals.com\/es\/","name":"Christian Science Houston Area","description":"Christian Science Churches and Resources in the Houston Texas Area","publisher":{"@id":"https:\/\/christianscienceheals.com\/es\/#organization"},"potentialAction":[{"@type":"SearchAction","target":{"@type":"EntryPoint","urlTemplate":"https:\/\/christianscienceheals.com\/es\/?s={search_term_string}"},"query-input":{"@type":"PropertyValueSpecification","valueRequired":true,"valueName":"search_term_string"}}],"inLanguage":"es"},{"@type":"Organization","@id":"https:\/\/christianscienceheals.com\/es\/#organization","name":"Christian Science Houston Area","url":"https:\/\/christianscienceheals.com\/es\/","logo":{"@type":"ImageObject","inLanguage":"es","@id":"https:\/\/christianscienceheals.com\/es\/#\/schema\/logo\/image\/","url":"https:\/\/i0.wp.com\/christianscienceheals.com\/files\/2018\/02\/HOUCOM_logo_with_starburst.png?fit=1024%2C1024&ssl=1","contentUrl":"https:\/\/i0.wp.com\/christianscienceheals.com\/files\/2018\/02\/HOUCOM_logo_with_starburst.png?fit=1024%2C1024&ssl=1","width":1024,"height":1024,"caption":"Christian Science Houston Area"},"image":{"@id":"https:\/\/christianscienceheals.com\/es\/#\/schema\/logo\/image\/"},"sameAs":["https:\/\/www.facebook.com\/christianscienceheals\/","https:\/\/x.com\/cs_heals","https:\/\/www.instagram.com\/christianscienceheals\/"]}]}},"jetpack_sharing_enabled":true,"jetpack_shortlink":"https:\/\/wp.me\/P6OyHU-b","_links":{"self":[{"href":"https:\/\/christianscienceheals.com\/es\/wp-json\/wp\/v2\/pages\/11","targetHints":{"allow":["GET"]}}],"collection":[{"href":"https:\/\/christianscienceheals.com\/es\/wp-json\/wp\/v2\/pages"}],"about":[{"href":"https:\/\/christianscienceheals.com\/es\/wp-json\/wp\/v2\/types\/page"}],"author":[{"embeddable":true,"href":"https:\/\/christianscienceheals.com\/es\/wp-json\/wp\/v2\/users\/1"}],"replies":[{"embeddable":true,"href":"https:\/\/christianscienceheals.com\/es\/wp-json\/wp\/v2\/comments?post=11"}],"version-history":[{"count":36,"href":"https:\/\/christianscienceheals.com\/es\/wp-json\/wp\/v2\/pages\/11\/revisions"}],"predecessor-version":[{"id":8283,"href":"https:\/\/christianscienceheals.com\/es\/wp-json\/wp\/v2\/pages\/11\/revisions\/8283"}],"wp:attachment":[{"href":"https:\/\/christianscienceheals.com\/es\/wp-json\/wp\/v2\/media?parent=11"}],"curies":[{"name":"wp","href":"https:\/\/api.w.org\/{rel}","templated":true}]}}